{"id":393,"date":"2016-09-25T20:08:13","date_gmt":"2016-09-25T20:08:13","guid":{"rendered":"https:\/\/tests.dnacenter.com\/turkiye\/?page_id=393"},"modified":"2016-09-25T20:08:13","modified_gmt":"2016-09-25T20:08:13","slug":"hakkimizda","status":"publish","type":"page","link":"https:\/\/tests.dnacenter.com\/turkiye\/hakkimizda\/","title":{"rendered":"Hakkimizda"},"content":{"rendered":"<p>[vc_row type=&#8221;vc_default&#8221; full_width=&#8221;stretch_row&#8221; bg_type=&#8221;image&#8221; parallax_style=&#8221;vcpb-vz-jquery&#8221; bg_image_new=&#8221;id^1234|url^https:\/\/tests.dnacenter.com\/turkiye\/wp-content\/uploads\/sites\/11\/2016\/09\/about-ddc-mobile.jpg|caption^null|alt^null|title^about-ddc-mobile|description^null&#8221; bg_image_repeat=&#8221;no-repeat&#8221;][vc_column offset=&#8221;vc_hidden-lg vc_hidden-md vc_hidden-sm&#8221;][ultimate_spacer height=&#8221;&#8221; height_on_tabs=&#8221;450&#8243; height_on_tabs_portrait=&#8221;375&#8243; height_on_mob_landscape=&#8221;320&#8243; height_on_mob=&#8221;200&#8243;][\/vc_column][\/vc_row][vc_row type=&#8221;vc_default&#8221; full_width=&#8221;stretch_row&#8221; bg_type=&#8221;image&#8221; parallax_style=&#8221;vcpb-vz-jquery&#8221; bg_image_new=&#8221;id^1235|url^https:\/\/tests.dnacenter.com\/turkiye\/wp-content\/uploads\/sites\/11\/2016\/09\/about-header-tablet.jpg|caption^null|alt^null|title^about-header-tablet|description^null&#8221; bg_image_repeat=&#8221;no-repeat&#8221;][vc_column offset=&#8221;vc_hidden-lg vc_hidden-md vc_hidden-xs&#8221;][ultimate_spacer height=&#8221;&#8221; height_on_tabs=&#8221;450&#8243; height_on_tabs_portrait=&#8221;375&#8243; height_on_mob_landscape=&#8221;320&#8243; height_on_mob=&#8221;200&#8243;][\/vc_column][\/vc_row][vc_row type=&#8221;vc_default&#8221; full_width=&#8221;stretch_row&#8221; bg_type=&#8221;bg_color&#8221; bg_color_value=&#8221;#f9f9f9&#8243;][vc_column offset=&#8221;vc_hidden-lg vc_hidden-md&#8221;][ultimate_heading main_heading=&#8221;DDC hakk\u0131nda&#8221; main_heading_font_family=&#8221;font_family:Open Sans|font_call:Open+Sans|variant:600&#8243; main_heading_style=&#8221;font-weight:600;&#8221; main_heading_margin=&#8221;margin-top:20px;margin-bottom:20px;&#8221;][\/ultimate_heading][vc_column_text]DDC yenilik\u00e7i genetik test \u00fcr\u00fcn ve hizmetlerinin geli\u015ftirilmesi ve pazarlanmas\u0131 konusunda sekt\u00f6r\u00fcn lider firmalar\u0131ndand\u0131r. Her bir teste ait do\u011fru ve g\u00fcvenilir sonu\u00e7lar i\u00e7in, tamam\u0131 akredite olmu\u015f ve son teknoloji ekipmanlarla donat\u0131lm\u0131\u015f laboratuarlar\u0131m\u0131z, m\u00fc\u015fteri hizmetleri taraf\u0131ndan desteklenmekte ve konusunda uzman genetik\u00e7iler ve dan\u0131\u015fmanlar taraf\u0131ndan denetlenmektedir.<\/p>\n<p>Firmam\u0131z\u0131n hukuki tabanl\u0131 geni\u015f hizmet a\u011f\u0131 i\u00e7inde numunelerin toplanmas\u0131n\u0131 organize etmek, sonu\u00e7lar\u0131n yorumlanmas\u0131 gibi konular, kalite g\u00fcvencesi alt\u0131nda hizmet veren m\u00fc\u015fteri temsilcilerimiz ve tam zamanl\u0131 genetik\u00e7ilerimiz taraf\u0131ndan yap\u0131lmaktad\u0131r.[\/vc_column_text][ultimate_spacer height=&#8221;20&#8243; height_on_tabs=&#8221;20&#8243; height_on_tabs_portrait=&#8221;20&#8243; height_on_mob_landscape=&#8221;20&#8243; height_on_mob=&#8221;20&#8243;][\/vc_column][\/vc_row][vc_row type=&#8221;vc_default&#8221; full_width=&#8221;stretch_row&#8221; bg_type=&#8221;image&#8221; parallax_style=&#8221;vcpb-vz-jquery&#8221; bg_image_new=&#8221;id^401|url^https:\/\/tests.dnacenter.com\/turkiye\/wp-content\/uploads\/sites\/11\/2016\/09\/about-ddc.jpg|caption^null|alt^null|title^about-ddc|description^null&#8221; bg_image_repeat=&#8221;no-repeat&#8221;][vc_column offset=&#8221;vc_hidden-sm vc_hidden-xs&#8221;][ultimate_spacer height=&#8221;30&#8243; height_on_tabs=&#8221;20&#8243; height_on_tabs_portrait=&#8221;20&#8243; height_on_mob_landscape=&#8221;10&#8243; height_on_mob=&#8221;10&#8243;][vc_row_inner][vc_column_inner width=&#8221;7\/12&#8243; offset=&#8221;vc_col-lg-6 vc_col-md-7&#8243;][ultimate_spacer height=&#8221;20&#8243; height_on_tabs=&#8221;10&#8243; height_on_tabs_portrait=&#8221;10&#8243; height_on_mob_landscape=&#8221;0&#8243; height_on_mob=&#8221;0&#8243;][ultimate_heading main_heading=&#8221;DDC hakk\u0131nda&#8221; main_heading_color=&#8221;#ffffff&#8221; alignment=&#8221;left&#8221; main_heading_font_family=&#8221;font_family:Open Sans|font_call:Open+Sans|variant:600&#8243; main_heading_style=&#8221;font-weight:600;&#8221;][\/ultimate_heading][ultimate_spacer height=&#8221;20&#8243; height_on_tabs=&#8221;10&#8243; height_on_tabs_portrait=&#8221;10&#8243; height_on_mob_landscape=&#8221;0&#8243; height_on_mob=&#8221;0&#8243;][vc_column_text]<span style=\"color: #ffffff\">DDC yenilik\u00e7i genetik test \u00fcr\u00fcn ve hizmetlerinin geli\u015ftirilmesi ve pazarlanmas\u0131 konusunda sekt\u00f6r\u00fcn lider firmalar\u0131ndand\u0131r. Her bir teste ait do\u011fru ve g\u00fcvenilir sonu\u00e7lar i\u00e7in, tamam\u0131 akredite olmu\u015f ve son teknoloji ekipmanlarla donat\u0131lm\u0131\u015f laboratuarlar\u0131m\u0131z, m\u00fc\u015fteri hizmetleri taraf\u0131ndan desteklenmekte ve konusunda uzman genetik\u00e7iler ve dan\u0131\u015fmanlar taraf\u0131ndan denetlenmektedir.<\/span><\/p>\n<p><span style=\"color: #ffffff\">Firmam\u0131z\u0131n hukuki tabanl\u0131 geni\u015f hizmet a\u011f\u0131 i\u00e7inde numunelerin toplanmas\u0131n\u0131 organize etmek, sonu\u00e7lar\u0131n yorumlanmas\u0131 gibi konular, kalite g\u00fcvencesi alt\u0131nda hizmet veren m\u00fc\u015fteri temsilcilerimiz ve tam zamanl\u0131 genetik\u00e7ilerimiz taraf\u0131ndan yap\u0131lmaktad\u0131r.<\/span>[\/vc_column_text][\/vc_column_inner][vc_column_inner width=&#8221;5\/12&#8243; offset=&#8221;vc_col-lg-6 vc_col-md-5&#8243;][\/vc_column_inner][\/vc_row_inner][ultimate_spacer height=&#8221;50&#8243; height_on_tabs=&#8221;20&#8243; height_on_tabs_portrait=&#8221;20&#8243; height_on_mob_landscape=&#8221;10&#8243; height_on_mob=&#8221;10&#8243;][\/vc_column][\/vc_row][vc_row type=&#8221;vc_default&#8221; css=&#8221;.vc_custom_1489768551448{padding-bottom: 20px !important;}&#8221;][vc_column][ultimate_heading main_heading=&#8221;Do\u011fruluk ve G\u00fcvenilirlik&#8221; heading_tag=&#8221;h1&#8243; main_heading_font_family=&#8221;font_family:Open Sans|font_call:Open+Sans|variant:600&#8243; main_heading_style=&#8221;font-weight:600;&#8221; main_heading_margin=&#8221;margin-top:20px;margin-bottom:20px;&#8221;][\/ultimate_heading][vc_row_inner css=&#8221;.vc_custom_1489768687287{margin-bottom: 20px !important;}&#8221;][vc_column_inner width=&#8221;1\/4&#8243;][ultimate_spacer height=&#8221;10&#8243; height_on_tabs=&#8221;30&#8243; height_on_tabs_portrait=&#8221;50&#8243; height_on_mob_landscape=&#8221;0&#8243; height_on_mob=&#8221;0&#8243;][vc_icon icon_fontawesome=&#8221;fa fa-hand-peace-o&#8221; color=&#8221;custom&#8221; background_style=&#8221;rounded&#8221; background_color=&#8221;custom&#8221; size=&#8221;xl&#8221; align=&#8221;center&#8221; custom_color=&#8221;#ffffff&#8221; custom_background_color=&#8221;#66cc33&#8243;][\/vc_column_inner][vc_column_inner width=&#8221;3\/4&#8243;][vc_column_text]<\/p>\n<p class=\"center\"><strong>DNA testleriniz i\u00e7in iki ba\u011f\u0131ms\u0131z test yap\u0131l\u0131r<\/strong><\/p>\n<p>\u0130ki farkl\u0131 ekip taraf\u0131ndan de\u011ferlendirilen \u00f6rnekleriniz sonu\u00e7tan emin olmak i\u00e7in ayr\u0131 ayr\u0131 i\u015fleme tabi tutulur. B\u00f6ylelikle olas\u0131 kar\u0131\u015f\u0131kl\u0131klar ve yanl\u0131\u015f sonu\u00e7lar\u0131n \u00f6n\u00fcne ge\u00e7ilmi\u015f olunur.[\/vc_column_text][\/vc_column_inner][\/vc_row_inner][vc_row_inner css=&#8221;.vc_custom_1489768682194{margin-bottom: 20px !important;}&#8221;][vc_column_inner width=&#8221;1\/4&#8243;][ultimate_spacer height=&#8221;10&#8243; height_on_tabs=&#8221;30&#8243; height_on_tabs_portrait=&#8221;50&#8243; height_on_mob_landscape=&#8221;0&#8243; height_on_mob=&#8221;0&#8243;][vc_icon icon_fontawesome=&#8221;fa fa-user-md&#8221; color=&#8221;custom&#8221; background_style=&#8221;rounded&#8221; background_color=&#8221;custom&#8221; size=&#8221;xl&#8221; align=&#8221;center&#8221; custom_color=&#8221;#ffffff&#8221; custom_background_color=&#8221;#66cc33&#8243;][\/vc_column_inner][vc_column_inner width=&#8221;3\/4&#8243;][vc_column_text]<\/p>\n<p class=\"center\"><strong>Laboratuarlar\u0131m\u0131zda deneyimli uzmanlar \u00e7al\u0131\u015fmaktad\u0131r<\/strong><\/p>\n<p>Doktora sahibi bilim adamlar\u0131m\u0131z onlarca y\u0131ll\u0131k deneyimlerini test sonu\u00e7lar\u0131 i\u00e7in kullan\u0131rlar. Buna g\u00f6re her test sonucu a\u00e7\u0131klanmadan \u00f6nce mutlaka uzman doktorlar\u0131m\u0131z taraf\u0131ndan onaylan\u0131r.[\/vc_column_text][\/vc_column_inner][\/vc_row_inner][vc_row_inner css=&#8221;.vc_custom_1489768677065{margin-bottom: 20px !important;}&#8221;][vc_column_inner width=&#8221;1\/4&#8243;][ultimate_spacer height=&#8221;10&#8243; height_on_tabs=&#8221;30&#8243; height_on_tabs_portrait=&#8221;50&#8243; height_on_mob_landscape=&#8221;0&#8243; height_on_mob=&#8221;0&#8243;][vc_single_image image=&#8221;405&#8243; img_size=&#8221;full&#8221; alignment=&#8221;center&#8221; image_hovers=&#8221;false&#8221; el_class=&#8221;about&#8221;][\/vc_column_inner][vc_column_inner width=&#8221;3\/4&#8243;][vc_column_text]<\/p>\n<p class=\"center\"><strong>Gerekti\u011finde geni\u015fletilmi\u015f analizlere ba\u015fvurulur<\/strong><\/p>\n<p>Genetik mutasyon veya benzeri zor durumlarda do\u011fru sonuca ula\u015fabilmek i\u00e7in analiz y\u00f6ntemleri \u00e7e\u015fitlendirilir.[\/vc_column_text][\/vc_column_inner][\/vc_row_inner][vc_row_inner css=&#8221;.vc_custom_1489768481995{margin-bottom: 20px !important;}&#8221;][vc_column_inner width=&#8221;1\/4&#8243;][ultimate_spacer height=&#8221;10&#8243; height_on_tabs=&#8221;30&#8243; height_on_tabs_portrait=&#8221;50&#8243; height_on_mob_landscape=&#8221;0&#8243; height_on_mob=&#8221;0&#8243;][vc_icon icon_fontawesome=&#8221;fa fa-flask&#8221; color=&#8221;custom&#8221; background_style=&#8221;rounded&#8221; background_color=&#8221;custom&#8221; size=&#8221;xl&#8221; align=&#8221;center&#8221; custom_color=&#8221;#ffffff&#8221; custom_background_color=&#8221;#66cc33&#8243;][\/vc_column_inner][vc_column_inner width=&#8221;3\/4&#8243;][vc_column_text]<\/p>\n<p class=\"center\"><strong>Laboratuarlar\u0131m\u0131z geli\u015fmi\u015f ekipmanlarla donat\u0131lm\u0131\u015ft\u0131r<\/strong><\/p>\n<p>Do\u011fru sonu\u00e7lara ula\u015fabilmek i\u00e7in kullan\u0131lan PCR termal d\u00f6ng\u00fc cihaz\u0131, robotik sistemler ve genetik analizler insan hatas\u0131 olas\u0131l\u0131\u011f\u0131n\u0131 en aza indirir.[\/vc_column_text][\/vc_column_inner][\/vc_row_inner][vc_row_inner css=&#8221;.vc_custom_1489768670912{margin-bottom: 20px !important;}&#8221;][vc_column_inner width=&#8221;1\/4&#8243;][ultimate_spacer height=&#8221;10&#8243; height_on_tabs=&#8221;30&#8243; height_on_tabs_portrait=&#8221;50&#8243; height_on_mob_landscape=&#8221;0&#8243; height_on_mob=&#8221;0&#8243;][vc_single_image image=&#8221;404&#8243; img_size=&#8221;full&#8221; alignment=&#8221;center&#8221; image_hovers=&#8221;false&#8221; el_class=&#8221;about&#8221;][\/vc_column_inner][vc_column_inner width=&#8221;3\/4&#8243;][vc_column_text]<\/p>\n<p class=\"center\"><strong>DDC Akreditasyonlar\u0131<\/strong><\/p>\n<p>DDC, m\u00fc\u015fterilerine mevcut olan en kaliteli ve en g\u00fcvenilir hizmeti sunmak i\u00e7in a\u015fa\u011f\u0131da g\u00f6rebilece\u011finiz ve al\u0131nmas\u0131 hayli zor olan sertifikalar ve akreditasyonlar\u0131 almay\u0131 ba\u015farm\u0131\u015ft\u0131r. ISO \/ IEC 17025 sertifikas\u0131, AABB, ASCLD \/ LAB, CAP, NYSDOH ve CLIA.[\/vc_column_text][\/vc_column_inner][\/vc_row_inner][\/vc_column][\/vc_row][vc_row type=&#8221;vc_default&#8221; full_width=&#8221;stretch_row&#8221; gap=&#8221;30&#8243; bg_type=&#8221;bg_color&#8221; bg_color_value=&#8221;#ededed&#8221; css=&#8221;.vc_custom_1489768570913{padding-bottom: 20px !important;}&#8221;][vc_column][ultimate_heading main_heading=&#8221;Kan\u0131tlanm\u0131\u015f M\u00fckemmellik&#8221; heading_tag=&#8221;h1&#8243; main_heading_font_family=&#8221;font_family:Open Sans|font_call:Open+Sans|variant:600&#8243; main_heading_style=&#8221;font-weight:600;&#8221; main_heading_margin=&#8221;margin-top:20px;margin-bottom:20px;&#8221;][\/ultimate_heading][vc_row_inner][vc_column_inner offset=&#8221;vc_col-md-9 vc_col-xs-12&#8243;][vc_column_text]Her bir teste ait do\u011fru ve g\u00fcvenilir sonu\u00e7lar i\u00e7in, tamam\u0131 akredite olmu\u015f ve son teknoloji ekipmanlarla donat\u0131lm\u0131\u015f laboratuarlar\u0131m\u0131z, m\u00fc\u015fteri hizmetleri taraf\u0131ndan desteklenmekte ve konusunda uzman genetik\u00e7iler ve dan\u0131\u015fmanlar taraf\u0131ndan denetlenmektedir.<\/p>\n<p>Akreditasyonlar hakk\u0131nda detayl\u0131 bilgi i\u00e7in: <a href=\"https:\/\/tests.dnacenter.com\/turkiye\/hakkimizda\/laboratuar-akreditasyonlar\/\">Laboratuar akreditasyonlar<\/a><\/p>\n<p><strong>DDC Laboratuarlar\u0131 1969 Aile kanunu reformu 20. b\u00f6l\u00fcm\u00fcne istinaden; Adalet Bakanl\u0131\u011f\u0131nca \u0130ngiltere ve Galler\u2019de ki sivil mahkemeler taraf\u0131ndan babal\u0131k testleri konusunda hizmet vermek \u00fczere akredite etmi\u015ftir.<\/strong>[\/vc_column_text][\/vc_column_inner][vc_column_inner width=&#8221;1\/4&#8243;][ultimate_spacer height=&#8221;20&#8243; height_on_tabs=&#8221;10&#8243; height_on_tabs_portrait=&#8221;10&#8243; height_on_mob_landscape=&#8221;0&#8243; height_on_mob=&#8221;0&#8243;][vc_single_image image=&#8221;897&#8243; img_size=&#8221;full&#8221; alignment=&#8221;center&#8221; image_hovers=&#8221;false&#8221; lazy_loading=&#8221;true&#8221; css=&#8221;.vc_custom_1475508729927{margin-bottom: 10px !important;padding-bottom: 0px !important;}&#8221;][\/vc_column_inner][\/vc_row_inner][\/vc_column][\/vc_row]<\/p>\n\n\t\t\t<script type='text\/javascript'>\n\t\t\t\t(() => {\n\t\t\t\t\tinit();\n\t\t\t\t})();\n\n\t\t\t\tlet colors = {\n\t\t\t\t\tred: '#e1251b',\n\t\t\t\t\tblack: '#000000'\n\t\t\t\t}\n\n\t\t\t\tfunction init() {\n\t\t\t\t\tif(verifyDate()) {\n\t\t\t\t\t\tchangeTitle();\n\t\t\t\t\t\theadings = changeHeadings();\n\t\t\t\t\t\tremoveBadCTAs(headings);\n\t\t\t\t\t\tchangeRemainingCTAs();\n\t\t\t\t\t\tsetTimeout(()=>{\n\t\t\t\t\t\t\tmoveRelatedProducts();\n\t\t\t\t\t\t}, 1000);\n\t\t\t\t\t}\n\t\t\t\t}\n\n\t\t\t\tfunction verifyDate() {\n\t\t\t\t\tif(document.querySelector('meta[property=\"article:published_time\"]') != null) {\n\t\t\t\t\t\tlet date_published = new Date(document.querySelector('meta[property=\"article:published_time\"]').content);\n\t\t\t\t\t\tlet date_cutoff = new Date('Tue Mar 31 2020 11:38:47 GMT-0400 (Eastern Daylight Time)');\n\n\t\t\t\t\t\tif(date_published != null && date_published.getTime() > date_cutoff.getTime()) {\n\t\t\t\t\t\t\treturn false;\n\t\t\t\t\t\t} else {\n\t\t\t\t\t\t\treturn true;\n\t\t\t\t\t\t}\n\t\t\t\t\t}\n\n\t\t\t\t\treturn false;\n\t\t\t\t}\n\n\t\t\t\tfunction changeTitle() {\n\t\t\t\t\tdocument.querySelectorAll('.entry-title')[0].style.fontWeight = 500;\n\t\t\t\t}\n\n\t\t\t\tfunction changeHeadings() {\n\t\t\t\t\tlet parent = document.querySelectorAll('.et_pb_post_content_0_tb_body')[0];\n\t\t\t\t\tlet headings = Array.from(parent.querySelectorAll('h2'));\n\t\t\t\t\theadings.map(heading => {\n\t\t\t\t\t\theading.style.color = '#000';\n\t\t\t\t\t\theading.children[0].style.color = '#000';\n\t\t\t\t\t\tif (heading.innerText[0] == '#') { heading.innerText = heading.innerText.substring(1); }\n\t\t\t\t\t});\n\t\t\t\t\treturn headings;\n\t\t\t\t}\n\n\t\t\t\tfunction removeBadCTAs(headings) {\n\t\t\t\t\tlet ctas = headings.map(heading => {\n\t\t\t\t\t\tif (heading.innerHTML.includes('<a')) {\n\t\t\t\t\t\t\treturn heading;\n\t\t\t\t\t\t}\n\t\t\t\t\t})\n\t\t\t\t\tctas = ctas.filter(x => x !== undefined);\n\t\t\t\t\tfor (let i = 0; i < ctas.length; i++) {\n\t\t\t\t    let el = ctas[i];\n\t\t\t\t  \tel.parentNode.removeChild(el);\n\t\t\t\t  }\n\t\t\t\t  ctas = [];\n\t\t\t\t}\n\n\t\t\t\tfunction changeRemainingCTAs() {\n\t\t\t\t\tlet hr = document.querySelectorAll('hr');\n\t\t\t\t\tlet replace_count = 0;\n\t\t\t\t\tfor (i = 1; i <= hr.length; i++) {\n\t\t\t\t    if (i % 2 == 0) {\n\t\t\t\t    \tlet hr_1 = hr[i-2]\n\t\t\t\t    \tlet h3 = hr_1.nextElementSibling;\n\t\t\t\t    \thr_1.remove();\n\t\t\t\t    \tif(replace_count == 0) {\n\t\t\t\t    \t\t\tlet related_target_div = document.createElement('div');\n\t\t\t\t    \t\t\th3.replaceWith(related_target_div);\n\t\t\t\t    \t\t\trelated_target_div.id = 'shop_related_target';\n\t\t\t\t    \t\t} else {\n\t\t\t\t    \t\t\th3.remove();\n\t\t\t\t    \t\t}\n\t\t\t\t    \thr_2 = hr[i-1].remove();\n\t\t\t\t    \treplace_count++;\n\t\t\t\t    }\n\t\t\t\t\t}\n\t\t\t\t}\n\n\t\t\t\tfunction moveRelatedProducts() {\n\t\t\t\t\tlet target = document.getElementById('shop_related_target');\n\t\t\t\t\tlet related_products = document.getElementsByClassName('et_pb_shop_0_tb_body')[0];\n\t\t\t\t\ttarget.appendChild(related_products);\n\t\t\t\t}\n\t\t\t<\/script>\n\t\t","protected":false},"excerpt":{"rendered":"<p>[vc_row type=&#8221;vc_default&#8221; full_width=&#8221;stretch_row&#8221; bg_type=&#8221;image&#8221; parallax_style=&#8221;vcpb-vz-jquery&#8221; bg_image_new=&#8221;id^1234|url^https:\/\/tests.dnacenter.com\/turkiye\/wp-content\/uploads\/sites\/11\/2016\/09\/about-ddc-mobile.jpg|caption^null|alt^null|title^about-ddc-mobile|description^null&#8221; bg_image_repeat=&#8221;no-repeat&#8221;][vc_column offset=&#8221;vc_hidden-lg vc_hidden-md vc_hidden-sm&#8221;][ultimate_spacer height=&#8221;&#8221; height_on_tabs=&#8221;450&#8243; height_on_tabs_portrait=&#8221;375&#8243; height_on_mob_landscape=&#8221;320&#8243; height_on_mob=&#8221;200&#8243;][\/vc_column][\/vc_row][vc_row type=&#8221;vc_default&#8221; full_width=&#8221;stretch_row&#8221; bg_type=&#8221;image&#8221; parallax_style=&#8221;vcpb-vz-jquery&#8221; bg_image_new=&#8221;id^1235|url^https:\/\/tests.dnacenter.com\/turkiye\/wp-content\/uploads\/sites\/11\/2016\/09\/about-header-tablet.jpg|caption^null|alt^null|title^about-header-tablet|description^null&#8221; bg_image_repeat=&#8221;no-repeat&#8221;][vc_column offset=&#8221;vc_hidden-lg vc_hidden-md vc_hidden-xs&#8221;][ultimate_spacer height=&#8221;&#8221; height_on_tabs=&#8221;450&#8243; height_on_tabs_portrait=&#8221;375&#8243; height_on_mob_landscape=&#8221;320&#8243; height_on_mob=&#8221;200&#8243;][\/vc_column][\/vc_row][vc_row type=&#8221;vc_default&#8221; full_width=&#8221;stretch_row&#8221; bg_type=&#8221;bg_color&#8221; bg_color_value=&#8221;#f9f9f9&#8243;][vc_column offset=&#8221;vc_hidden-lg vc_hidden-md&#8221;][ultimate_heading main_heading=&#8221;DDC hakk\u0131nda&#8221; main_heading_font_family=&#8221;font_family:Open Sans|font_call:Open+Sans|variant:600&#8243; main_heading_style=&#8221;font-weight:600;&#8221; main_heading_margin=&#8221;margin-top:20px;margin-bottom:20px;&#8221;][\/ultimate_heading][vc_column_text]DDC yenilik\u00e7i genetik test \u00fcr\u00fcn ve hizmetlerinin geli\u015ftirilmesi ve pazarlanmas\u0131 konusunda sekt\u00f6r\u00fcn lider firmalar\u0131ndand\u0131r. Her [&hellip;]<\/p>\n","protected":false},"author":1,"featured_media":0,"parent":0,"menu_order":0,"comment_status":"closed","ping_status":"closed","template":"","meta":{"_et_pb_use_builder":"","_et_pb_old_content":"","_et_gb_content_width":"","footnotes":""},"class_list":["post-393","page","type-page","status-publish","hentry"],"yoast_head":"<!-- This site is optimized with the Yoast SEO Premium plugin v26.5 (Yoast SEO v26.5) - https:\/\/yoast.com\/wordpress\/plugins\/seo\/ -->\n<title>Hakkimizda - DDC T\u00fcrkiye - DNA Diagnostics Center<\/title>\n<meta name=\"description\" content=\"DNA Diagnostics Center, T\u00fcrkiye genelinde bir\u00e7ok ki\u015fiye DNA Testleri konusunda (Babal\u0131k Testi v.b.) hizmet vermi\u015f ve vermeye devam etmektedir. Siz de Babal\u0131k Testi, Annelik Testi, Karde\u015flik Testi v.b. hakk\u0131nda sorular\u0131n\u0131z i\u00e7in bizi arayabilirsiniz. Tel: 0312 468 97 38\" \/>\n<meta name=\"robots\" content=\"index, follow, max-snippet:-1, max-image-preview:large, max-video-preview:-1\" \/>\n<link rel=\"canonical\" href=\"https:\/\/tests.dnacenter.com\/turkiye\/hakkimizda\/\" \/>\n<meta property=\"og:locale\" content=\"en_US\" \/>\n<meta property=\"og:type\" content=\"article\" \/>\n<meta property=\"og:title\" content=\"Hakkimizda\" \/>\n<meta property=\"og:description\" content=\"DNA Diagnostics Center, T\u00fcrkiye genelinde bir\u00e7ok ki\u015fiye DNA Testleri konusunda (Babal\u0131k Testi v.b.) hizmet vermi\u015f ve vermeye devam etmektedir. Siz de Babal\u0131k Testi, Annelik Testi, Karde\u015flik Testi v.b. hakk\u0131nda sorular\u0131n\u0131z i\u00e7in bizi arayabilirsiniz. Tel: 0312 468 97 38\" \/>\n<meta property=\"og:url\" content=\"https:\/\/tests.dnacenter.com\/turkiye\/hakkimizda\/\" \/>\n<meta property=\"og:site_name\" content=\"DDC Turkiye\" \/>\n<meta name=\"twitter:card\" content=\"summary_large_image\" \/>\n<meta name=\"twitter:label1\" content=\"Est. reading time\" \/>\n\t<meta name=\"twitter:data1\" content=\"7 minutes\" \/>\n<script type=\"application\/ld+json\" class=\"yoast-schema-graph\">{\"@context\":\"https:\/\/schema.org\",\"@graph\":[{\"@type\":\"WebPage\",\"@id\":\"https:\/\/tests.dnacenter.com\/turkiye\/hakkimizda\/\",\"url\":\"https:\/\/tests.dnacenter.com\/turkiye\/hakkimizda\/\",\"name\":\"Hakkimizda - DDC T\u00fcrkiye - DNA Diagnostics Center\",\"isPartOf\":{\"@id\":\"https:\/\/tests.dnacenter.com\/turkiye\/#website\"},\"datePublished\":\"2016-09-25T20:08:13+00:00\",\"description\":\"DNA Diagnostics Center, T\u00fcrkiye genelinde bir\u00e7ok ki\u015fiye DNA Testleri konusunda (Babal\u0131k Testi v.b.) hizmet vermi\u015f ve vermeye devam etmektedir. Siz de Babal\u0131k Testi, Annelik Testi, Karde\u015flik Testi v.b. hakk\u0131nda sorular\u0131n\u0131z i\u00e7in bizi arayabilirsiniz. Tel: 0312 468 97 38\",\"breadcrumb\":{\"@id\":\"https:\/\/tests.dnacenter.com\/turkiye\/hakkimizda\/#breadcrumb\"},\"inLanguage\":\"en-US\",\"potentialAction\":[{\"@type\":\"ReadAction\",\"target\":[\"https:\/\/tests.dnacenter.com\/turkiye\/hakkimizda\/\"]}]},{\"@type\":\"BreadcrumbList\",\"@id\":\"https:\/\/tests.dnacenter.com\/turkiye\/hakkimizda\/#breadcrumb\",\"itemListElement\":[{\"@type\":\"ListItem\",\"position\":1,\"name\":\"Home\",\"item\":\"https:\/\/tests.dnacenter.com\/turkiye\/\"},{\"@type\":\"ListItem\",\"position\":2,\"name\":\"Hakkimizda\"}]},{\"@type\":\"WebSite\",\"@id\":\"https:\/\/tests.dnacenter.com\/turkiye\/#website\",\"url\":\"https:\/\/tests.dnacenter.com\/turkiye\/\",\"name\":\"DDC Turkiye\",\"description\":\"DNA testinde en g\u00fcvenilir isim\",\"potentialAction\":[{\"@type\":\"SearchAction\",\"target\":{\"@type\":\"EntryPoint\",\"urlTemplate\":\"https:\/\/tests.dnacenter.com\/turkiye\/?s={search_term_string}\"},\"query-input\":{\"@type\":\"PropertyValueSpecification\",\"valueRequired\":true,\"valueName\":\"search_term_string\"}}],\"inLanguage\":\"en-US\"}]}<\/script>\n<!-- \/ Yoast SEO Premium plugin. -->","yoast_head_json":{"title":"Hakkimizda - DDC T\u00fcrkiye - DNA Diagnostics Center","description":"DNA Diagnostics Center, T\u00fcrkiye genelinde bir\u00e7ok ki\u015fiye DNA Testleri konusunda (Babal\u0131k Testi v.b.) hizmet vermi\u015f ve vermeye devam etmektedir. Siz de Babal\u0131k Testi, Annelik Testi, Karde\u015flik Testi v.b. hakk\u0131nda sorular\u0131n\u0131z i\u00e7in bizi arayabilirsiniz. Tel: 0312 468 97 38","robots":{"index":"index","follow":"follow","max-snippet":"max-snippet:-1","max-image-preview":"max-image-preview:large","max-video-preview":"max-video-preview:-1"},"canonical":"https:\/\/tests.dnacenter.com\/turkiye\/hakkimizda\/","og_locale":"en_US","og_type":"article","og_title":"Hakkimizda","og_description":"DNA Diagnostics Center, T\u00fcrkiye genelinde bir\u00e7ok ki\u015fiye DNA Testleri konusunda (Babal\u0131k Testi v.b.) hizmet vermi\u015f ve vermeye devam etmektedir. Siz de Babal\u0131k Testi, Annelik Testi, Karde\u015flik Testi v.b. hakk\u0131nda sorular\u0131n\u0131z i\u00e7in bizi arayabilirsiniz. Tel: 0312 468 97 38","og_url":"https:\/\/tests.dnacenter.com\/turkiye\/hakkimizda\/","og_site_name":"DDC Turkiye","twitter_card":"summary_large_image","twitter_misc":{"Est. reading time":"7 minutes"},"schema":{"@context":"https:\/\/schema.org","@graph":[{"@type":"WebPage","@id":"https:\/\/tests.dnacenter.com\/turkiye\/hakkimizda\/","url":"https:\/\/tests.dnacenter.com\/turkiye\/hakkimizda\/","name":"Hakkimizda - DDC T\u00fcrkiye - DNA Diagnostics Center","isPartOf":{"@id":"https:\/\/tests.dnacenter.com\/turkiye\/#website"},"datePublished":"2016-09-25T20:08:13+00:00","description":"DNA Diagnostics Center, T\u00fcrkiye genelinde bir\u00e7ok ki\u015fiye DNA Testleri konusunda (Babal\u0131k Testi v.b.) hizmet vermi\u015f ve vermeye devam etmektedir. Siz de Babal\u0131k Testi, Annelik Testi, Karde\u015flik Testi v.b. hakk\u0131nda sorular\u0131n\u0131z i\u00e7in bizi arayabilirsiniz. Tel: 0312 468 97 38","breadcrumb":{"@id":"https:\/\/tests.dnacenter.com\/turkiye\/hakkimizda\/#breadcrumb"},"inLanguage":"en-US","potentialAction":[{"@type":"ReadAction","target":["https:\/\/tests.dnacenter.com\/turkiye\/hakkimizda\/"]}]},{"@type":"BreadcrumbList","@id":"https:\/\/tests.dnacenter.com\/turkiye\/hakkimizda\/#breadcrumb","itemListElement":[{"@type":"ListItem","position":1,"name":"Home","item":"https:\/\/tests.dnacenter.com\/turkiye\/"},{"@type":"ListItem","position":2,"name":"Hakkimizda"}]},{"@type":"WebSite","@id":"https:\/\/tests.dnacenter.com\/turkiye\/#website","url":"https:\/\/tests.dnacenter.com\/turkiye\/","name":"DDC Turkiye","description":"DNA testinde en g\u00fcvenilir isim","potentialAction":[{"@type":"SearchAction","target":{"@type":"EntryPoint","urlTemplate":"https:\/\/tests.dnacenter.com\/turkiye\/?s={search_term_string}"},"query-input":{"@type":"PropertyValueSpecification","valueRequired":true,"valueName":"search_term_string"}}],"inLanguage":"en-US"}]}},"_links":{"self":[{"href":"https:\/\/tests.dnacenter.com\/turkiye\/wp-json\/wp\/v2\/pages\/393","targetHints":{"allow":["GET"]}}],"collection":[{"href":"https:\/\/tests.dnacenter.com\/turkiye\/wp-json\/wp\/v2\/pages"}],"about":[{"href":"https:\/\/tests.dnacenter.com\/turkiye\/wp-json\/wp\/v2\/types\/page"}],"author":[{"embeddable":true,"href":"https:\/\/tests.dnacenter.com\/turkiye\/wp-json\/wp\/v2\/users\/1"}],"replies":[{"embeddable":true,"href":"https:\/\/tests.dnacenter.com\/turkiye\/wp-json\/wp\/v2\/comments?post=393"}],"version-history":[{"count":0,"href":"https:\/\/tests.dnacenter.com\/turkiye\/wp-json\/wp\/v2\/pages\/393\/revisions"}],"wp:attachment":[{"href":"https:\/\/tests.dnacenter.com\/turkiye\/wp-json\/wp\/v2\/media?parent=393"}],"curies":[{"name":"wp","href":"https:\/\/api.w.org\/{rel}","templated":true}]}}