{"id":585,"date":"2016-09-27T16:07:09","date_gmt":"2016-09-27T16:07:09","guid":{"rendered":"https:\/\/tests.dnacenter.com\/suomi\/?page_id=585"},"modified":"2016-09-27T16:07:09","modified_gmt":"2016-09-27T16:07:09","slug":"paternaalinen-alkuperatesti","status":"publish","type":"page","link":"https:\/\/tests.dnacenter.com\/suomi\/paternaalinen-alkuperatesti\/","title":{"rendered":"Paternaalinen alkuper\u00e4testi"},"content":{"rendered":"<p>[vc_row][vc_column][ultimate_spacer height=&#8221;30&#8243; height_on_tabs=&#8221;20&#8243; height_on_tabs_portrait=&#8221;20&#8243; height_on_mob_landscape=&#8221;20&#8243; height_on_mob=&#8221;20&#8243;][\/vc_column][\/vc_row][vc_row type=&#8221;vc_default&#8221; css=&#8221;.vc_custom_1492444956521{padding-bottom: 20px !important;}&#8221;][vc_column offset=&#8221;vc_col-lg-4 vc_col-md-3 vc_col-xs-12&#8243; css=&#8221;.vc_custom_1474907720450{margin-top: 30px !important;}&#8221;][ultimate_spacer height=&#8221;10&#8243; height_on_tabs=&#8221;10&#8243; height_on_tabs_portrait=&#8221;10&#8243; height_on_mob_landscape=&#8221;10&#8243; height_on_mob=&#8221;10&#8243;][vc_single_image image=&#8221;588&#8243; img_size=&#8221;full&#8221; alignment=&#8221;center&#8221; image_hovers=&#8221;false&#8221; lazy_loading=&#8221;true&#8221; css=&#8221;.vc_custom_1474992649868{margin-bottom: 20px !important;}&#8221;][\/vc_column][vc_column offset=&#8221;vc_col-lg-8 vc_col-md-9 vc_col-xs-12&#8243; css=&#8221;.vc_custom_1474907674451{margin-top: 20px !important;}&#8221;][vc_column_text]Paternaalinen alkuper\u00e4testi paljastaa muinaisen paternaalisen alkuper\u00e4si Y-kromosomitestauksella. Testi voidaan tehd\u00e4 vain miehille, sill\u00e4 siin\u00e4 tutkitaan Y-kromosomin markkereita paternaalisen v\u00e4est\u00f6ryhm\u00e4n m\u00e4\u00e4ritt\u00e4miseksi.<\/p>\n<p>Nykyihminen syntyi noin 175 000 vuotta sitten jossain p\u00e4in It\u00e4-Afrikkaa. Aikojen saatossa ihmiset alkoivat siirty\u00e4 Afrikan ulkopuolelle kansoittaen v\u00e4hitellen koko maailman. Siirtyess\u00e4\u00e4n erilaisille maantieteellisille alueille heid\u00e4n DNA:nsa markkerit alkoivat eriyty\u00e4 toisistaan. N\u00e4m\u00e4 markkerit m\u00e4\u00e4ritt\u00e4v\u00e4t mist\u00e4 v\u00e4est\u00f6ryhmist\u00e4, eli maantieteellisilt\u00e4 alueilta, geneettinen alkuper\u00e4si on.<\/p>\n<p>Oletko alkuper\u00e4isten eurooppalaisten (siirtyneet Eurooppaan ennen j\u00e4\u00e4kautta yli 20 000 vuotta sitten) j\u00e4lkel\u00e4inen? Vai ovatko esi-is\u00e4si my\u00f6h\u00e4isemm\u00e4n vaiheen tulijoita Aasian tai Pohjois-Afrikan puolelta? Oletko sukua tunnetulle historialliselle henkil\u00f6lle? Selvit\u00e4 tilaamalla paternaalinen alkuper\u00e4testi jo t\u00e4n\u00e4\u00e4n.[\/vc_column_text][vc_single_image image=&#8221;591&#8243; img_size=&#8221;full&#8221; alignment=&#8221;center&#8221; image_hovers=&#8221;false&#8221; lazy_loading=&#8221;true&#8221;][ultimate_heading main_heading=&#8221;Mit\u00e4 paternaalisen alkuper\u00e4testin tulokset kertovat sinulle?&#8221; heading_tag=&#8221;h3&#8243; alignment=&#8221;left&#8221; main_heading_font_family=&#8221;font_family:Open Sans|font_call:Open+Sans|variant:600&#8243; main_heading_style=&#8221;font-weight:600;&#8221; main_heading_margin=&#8221;margin-bottom:10px;&#8221;][\/ultimate_heading][vc_column_text]Alkuper\u00e4testisi tulokset listaavat v\u00e4est\u00f6ryhm\u00e4si, mitk\u00e4 edustavat alueita, joilta esi-is\u00e4si ovat saapuneet.\u00a0Ne sis\u00e4lt\u00e4v\u00e4t my\u00f6s\u00a0Y-STR DNA -testin\u00a0raakadatan, haplotyypin, jota voit hy\u00f6dynt\u00e4\u00e4 syv\u00e4llisemmiss\u00e4 tutkimuksissa monissa julkisesti saatavilla olevissa tietokannoissa ja alkuper\u00e4\u00e4n liittyviss\u00e4 projekteissa.\u00a0Tulos\u00a0sis\u00e4lt\u00e4\u00e4 seuraavaa:<\/p>\n<ul>\n<li>V\u00e4est\u00f6ryhm\u00e4si m\u00e4\u00e4ritt\u00e4minen<\/li>\n<li>Personoitu kartta kuvaamaan esi-isiesi kulkureittej\u00e4 ja mist\u00e4 he alun perin olivat<\/li>\n<li>Y-STR profiili (raakadata)<\/li>\n<li>Tietoja v\u00e4est\u00f6ryhm\u00e4st\u00e4si,\u00a0kuten mist\u00e4 p\u00e4in maailmaa voit l\u00f6yt\u00e4\u00e4 &#8220;geneettisi\u00e4 sukulaisiasi&#8221; ja\u00a0samaan v\u00e4est\u00f6ryhm\u00e4\u00e4n kuuluvia tunnettuja henkil\u00f6it\u00e4<\/li>\n<\/ul>\n<p>[\/vc_column_text][ultimate_heading main_heading=&#8221;Testi:&#8221; heading_tag=&#8221;h3&#8243; alignment=&#8221;left&#8221; main_heading_font_family=&#8221;font_family:|font_call:&#8221; main_heading_style=&#8221;font-weight:600;&#8221; main_heading_margin=&#8221;margin-top:20px;margin-bottom:20px;&#8221;][\/ultimate_heading][info_list style=&#8221;circle with_bg&#8221; icon_bg_color=&#8221;#66cc33&#8243; icon_color=&#8221;#ffffff&#8221; font_size_icon=&#8221;24&#8243; connector_color=&#8221;#0066cc&#8221;][info_list_item list_title=&#8221;Nopeat ja tarkat&#8221; list_icon=&#8221;Defaults-clock-o&#8221; title_font=&#8221;font_family:Open Sans|font_call:Open+Sans|variant:600&#8243; title_font_style=&#8221;font-weight:600;&#8221; desc_font=&#8221;font_family:Open Sans|font_call:Open+Sans&#8221; title_font_size=&#8221;desktop:21px;&#8221; title_font_line_height=&#8221;desktop:33px;&#8221; desc_font_size=&#8221;desktop:24px;mobile_landscape:16px;&#8221; desc_font_line_height=&#8221;desktop:36px;mobile_landscape:24px;&#8221;]Nopeat ja eritt\u00e4in tarkat tulokset noin kahdessa viikossa[\/info_list_item][info_list_item list_title=&#8221;Edullinen ja luotettava&#8221; list_icon=&#8221;Defaults-eur euro&#8221; title_font=&#8221;font_family:Open Sans|font_call:Open+Sans|variant:600&#8243; title_font_style=&#8221;font-weight:600;&#8221; desc_font=&#8221;font_family:Open Sans|font_call:Open+Sans|variant:regular&#8221; desc_font_style=&#8221;font-weight:normal;font-style:normal;&#8221; title_font_size=&#8221;desktop:21px;&#8221; title_font_line_height=&#8221;desktop:33px;&#8221; desc_font_size=&#8221;desktop:18px;mobile_landscape:16px;&#8221; desc_font_line_height=&#8221;desktop:27px;mobile_landscape:24px;&#8221;]Korkeasti tarkkoja testit ovat edullisia[\/info_list_item][info_list_item list_title=&#8221;Kattavat tulokset&#8221; list_icon=&#8221;Defaults-pie-chart&#8221; title_font=&#8221;font_family:Open Sans|font_call:Open+Sans|variant:600&#8243; title_font_style=&#8221;font-weight:600;&#8221; desc_font=&#8221;font_family:Open Sans|font_call:Open+Sans|variant:regular&#8221; desc_font_style=&#8221;font-weight:normal;font-style:normal;&#8221; title_font_size=&#8221;desktop:21px;&#8221; title_font_line_height=&#8221;desktop:33px;&#8221; desc_font_size=&#8221;desktop:18px;mobile_landscape:16px;&#8221; desc_font_line_height=&#8221;desktop:27px;mobile_landscape:24px;&#8221;]L\u00f6yd\u00e4 kiinnostavia lis\u00e4tietoja perim\u00e4si alkuper\u00e4st\u00e4[\/info_list_item][info_list_item list_title=&#8221;Kivuton n\u00e4ytteenotto&#8221; list_icon=&#8221;Defaults-smile-o&#8221; title_font=&#8221;font_family:Open Sans|font_call:Open+Sans|variant:600&#8243; title_font_style=&#8221;font-weight:600;&#8221; desc_font=&#8221;font_family:Open Sans|font_call:Open+Sans&#8221; title_font_size=&#8221;desktop:21px;&#8221; title_font_line_height=&#8221;desktop:33px;&#8221; desc_font_size=&#8221;desktop:18px;mobile_landscape:16px;&#8221; desc_font_line_height=&#8221;desktop:27px;mobile_landscape:24px;&#8221;]DNA-n\u00e4yte ker\u00e4t\u00e4\u00e4n posken sis\u00e4pinnalta vanupuikolla[\/info_list_item][info_list_item list_title=&#8221;Luottamuksellisia ja turvallisia&#8221; list_icon=&#8221;Defaults-user-secret&#8221; title_font=&#8221;font_family:Open Sans|font_call:Open+Sans|variant:600&#8243; title_font_style=&#8221;font-weight:600;&#8221; desc_font=&#8221;font_family:Open Sans|font_call:Open+Sans&#8221; title_font_size=&#8221;desktop:21px;&#8221; title_font_line_height=&#8221;desktop:33px;&#8221; desc_font_size=&#8221;desktop:18px;mobile_landscape:16px;&#8221; desc_font_line_height=&#8221;desktop:27px;mobile_landscape:24px;&#8221;]Tulokset ovat luottamuksellisia ja turvallisia[\/info_list_item][\/info_list][vc_row_inner][vc_column_inner width=&#8221;1\/4&#8243; offset=&#8221;vc_hidden-xs&#8221;][\/vc_column_inner][vc_column_inner width=&#8221;1\/2&#8243; offset=&#8221;vc_col-xs-12&#8243; css=&#8221;.vc_custom_1492444881577{background-color: #0066cc !important;border-radius: 10px !important;}&#8221;][ultimate_heading main_heading=&#8221;Vain 199\u20ac + toimituskulut&#8221; main_heading_color=&#8221;#ffffff&#8221; heading_tag=&#8221;h3&#8243; main_heading_font_family=&#8221;font_family:|font_call:&#8221; main_heading_style=&#8221;font-weight:600;&#8221; main_heading_margin=&#8221;margin-top:20px;margin-bottom:20px;&#8221;][\/ultimate_heading][vc_btn title=&#8221;Osta nyt&#8221; style=&#8221;custom&#8221; custom_background=&#8221;#66cc33&#8243; custom_text=&#8221;#ffffff&#8221; align=&#8221;center&#8221; link=&#8221;url:https%3A%2F%2Fwww.woblab.com%2Fddc-suomi%2Falkuperatestit%2Fpaternaalinen-alkuperatesti||&#8221; button_block=&#8221;true&#8221;][\/vc_column_inner][vc_column_inner width=&#8221;1\/4&#8243; offset=&#8221;vc_hidden-xs&#8221;][\/vc_column_inner][\/vc_row_inner][\/vc_column][\/vc_row]<\/p>\n\n\t\t\t<script type='text\/javascript'>\n\t\t\t\t(() => {\n\t\t\t\t\tinit();\n\t\t\t\t})();\n\n\t\t\t\tlet colors = {\n\t\t\t\t\tred: '#e1251b',\n\t\t\t\t\tblack: '#000000'\n\t\t\t\t}\n\n\t\t\t\tfunction init() {\n\t\t\t\t\tif(verifyDate()) {\n\t\t\t\t\t\tchangeTitle();\n\t\t\t\t\t\theadings = changeHeadings();\n\t\t\t\t\t\tremoveBadCTAs(headings);\n\t\t\t\t\t\tchangeRemainingCTAs();\n\t\t\t\t\t\tsetTimeout(()=>{\n\t\t\t\t\t\t\tmoveRelatedProducts();\n\t\t\t\t\t\t}, 1000);\n\t\t\t\t\t}\n\t\t\t\t}\n\n\t\t\t\tfunction verifyDate() {\n\t\t\t\t\tif(document.querySelector('meta[property=\"article:published_time\"]') != null) {\n\t\t\t\t\t\tlet date_published = new Date(document.querySelector('meta[property=\"article:published_time\"]').content);\n\t\t\t\t\t\tlet date_cutoff = new Date('Tue Mar 31 2020 11:38:47 GMT-0400 (Eastern Daylight Time)');\n\n\t\t\t\t\t\tif(date_published != null && date_published.getTime() > date_cutoff.getTime()) {\n\t\t\t\t\t\t\treturn false;\n\t\t\t\t\t\t} else {\n\t\t\t\t\t\t\treturn true;\n\t\t\t\t\t\t}\n\t\t\t\t\t}\n\n\t\t\t\t\treturn false;\n\t\t\t\t}\n\n\t\t\t\tfunction changeTitle() {\n\t\t\t\t\tdocument.querySelectorAll('.entry-title')[0].style.fontWeight = 500;\n\t\t\t\t}\n\n\t\t\t\tfunction changeHeadings() {\n\t\t\t\t\tlet parent = document.querySelectorAll('.et_pb_post_content_0_tb_body')[0];\n\t\t\t\t\tlet headings = Array.from(parent.querySelectorAll('h2'));\n\t\t\t\t\theadings.map(heading => {\n\t\t\t\t\t\theading.style.color = '#000';\n\t\t\t\t\t\theading.children[0].style.color = '#000';\n\t\t\t\t\t\tif (heading.innerText[0] == '#') { heading.innerText = heading.innerText.substring(1); }\n\t\t\t\t\t});\n\t\t\t\t\treturn headings;\n\t\t\t\t}\n\n\t\t\t\tfunction removeBadCTAs(headings) {\n\t\t\t\t\tlet ctas = headings.map(heading => {\n\t\t\t\t\t\tif (heading.innerHTML.includes('<a')) {\n\t\t\t\t\t\t\treturn heading;\n\t\t\t\t\t\t}\n\t\t\t\t\t})\n\t\t\t\t\tctas = ctas.filter(x => x !== undefined);\n\t\t\t\t\tfor (let i = 0; i < ctas.length; i++) {\n\t\t\t\t    let el = ctas[i];\n\t\t\t\t  \tel.parentNode.removeChild(el);\n\t\t\t\t  }\n\t\t\t\t  ctas = [];\n\t\t\t\t}\n\n\t\t\t\tfunction changeRemainingCTAs() {\n\t\t\t\t\tlet hr = document.querySelectorAll('hr');\n\t\t\t\t\tlet replace_count = 0;\n\t\t\t\t\tfor (i = 1; i <= hr.length; i++) {\n\t\t\t\t    if (i % 2 == 0) {\n\t\t\t\t    \tlet hr_1 = hr[i-2]\n\t\t\t\t    \tlet h3 = hr_1.nextElementSibling;\n\t\t\t\t    \thr_1.remove();\n\t\t\t\t    \tif(replace_count == 0) {\n\t\t\t\t    \t\t\tlet related_target_div = document.createElement('div');\n\t\t\t\t    \t\t\th3.replaceWith(related_target_div);\n\t\t\t\t    \t\t\trelated_target_div.id = 'shop_related_target';\n\t\t\t\t    \t\t} else {\n\t\t\t\t    \t\t\th3.remove();\n\t\t\t\t    \t\t}\n\t\t\t\t    \thr_2 = hr[i-1].remove();\n\t\t\t\t    \treplace_count++;\n\t\t\t\t    }\n\t\t\t\t\t}\n\t\t\t\t}\n\n\t\t\t\tfunction moveRelatedProducts() {\n\t\t\t\t\tlet target = document.getElementById('shop_related_target');\n\t\t\t\t\tlet related_products = document.getElementsByClassName('et_pb_shop_0_tb_body')[0];\n\t\t\t\t\ttarget.appendChild(related_products);\n\t\t\t\t}\n\t\t\t<\/script>\n\t\t","protected":false},"excerpt":{"rendered":"<p>[vc_row][vc_column][ultimate_spacer height=&#8221;30&#8243; height_on_tabs=&#8221;20&#8243; height_on_tabs_portrait=&#8221;20&#8243; height_on_mob_landscape=&#8221;20&#8243; height_on_mob=&#8221;20&#8243;][\/vc_column][\/vc_row][vc_row type=&#8221;vc_default&#8221; css=&#8221;.vc_custom_1492444956521{padding-bottom: 20px !important;}&#8221;][vc_column offset=&#8221;vc_col-lg-4 vc_col-md-3 vc_col-xs-12&#8243; css=&#8221;.vc_custom_1474907720450{margin-top: 30px !important;}&#8221;][ultimate_spacer height=&#8221;10&#8243; height_on_tabs=&#8221;10&#8243; height_on_tabs_portrait=&#8221;10&#8243; height_on_mob_landscape=&#8221;10&#8243; height_on_mob=&#8221;10&#8243;][vc_single_image image=&#8221;588&#8243; img_size=&#8221;full&#8221; alignment=&#8221;center&#8221; image_hovers=&#8221;false&#8221; lazy_loading=&#8221;true&#8221; css=&#8221;.vc_custom_1474992649868{margin-bottom: 20px !important;}&#8221;][\/vc_column][vc_column offset=&#8221;vc_col-lg-8 vc_col-md-9 vc_col-xs-12&#8243; css=&#8221;.vc_custom_1474907674451{margin-top: 20px !important;}&#8221;][vc_column_text]Paternaalinen alkuper\u00e4testi paljastaa muinaisen paternaalisen alkuper\u00e4si Y-kromosomitestauksella. Testi voidaan tehd\u00e4 vain miehille, sill\u00e4 siin\u00e4 tutkitaan Y-kromosomin markkereita paternaalisen v\u00e4est\u00f6ryhm\u00e4n m\u00e4\u00e4ritt\u00e4miseksi. Nykyihminen [&hellip;]<\/p>\n","protected":false},"author":1,"featured_media":0,"parent":0,"menu_order":0,"comment_status":"closed","ping_status":"closed","template":"","meta":{"_et_pb_use_builder":"","_et_pb_old_content":"","_et_gb_content_width":"","footnotes":""},"class_list":["post-585","page","type-page","status-publish","hentry"],"yoast_head":"<!-- This site is optimized with the Yoast SEO Premium plugin v26.5 (Yoast SEO v26.5) - https:\/\/yoast.com\/wordpress\/plugins\/seo\/ -->\n<title>Paternaalinen alkuper\u00e4testi - DDC Suomi<\/title>\n<meta name=\"robots\" content=\"noindex, follow, max-snippet:-1, max-image-preview:large, max-video-preview:-1\" \/>\n<meta property=\"og:locale\" content=\"en_US\" \/>\n<meta property=\"og:type\" content=\"article\" \/>\n<meta property=\"og:title\" content=\"Paternaalinen alkuper\u00e4testi\" \/>\n<meta property=\"og:description\" content=\"[vc_row][vc_column][ultimate_spacer height=&#8221;30&#8243; height_on_tabs=&#8221;20&#8243; height_on_tabs_portrait=&#8221;20&#8243; height_on_mob_landscape=&#8221;20&#8243; height_on_mob=&#8221;20&#8243;][\/vc_column][\/vc_row][vc_row type=&#8221;vc_default&#8221; css=&#8221;.vc_custom_1492444956521{padding-bottom: 20px !important;}&#8221;][vc_column offset=&#8221;vc_col-lg-4 vc_col-md-3 vc_col-xs-12&#8243; css=&#8221;.vc_custom_1474907720450{margin-top: 30px !important;}&#8221;][ultimate_spacer height=&#8221;10&#8243; height_on_tabs=&#8221;10&#8243; height_on_tabs_portrait=&#8221;10&#8243; height_on_mob_landscape=&#8221;10&#8243; height_on_mob=&#8221;10&#8243;][vc_single_image image=&#8221;588&#8243; img_size=&#8221;full&#8221; alignment=&#8221;center&#8221; image_hovers=&#8221;false&#8221; lazy_loading=&#8221;true&#8221; css=&#8221;.vc_custom_1474992649868{margin-bottom: 20px !important;}&#8221;][\/vc_column][vc_column offset=&#8221;vc_col-lg-8 vc_col-md-9 vc_col-xs-12&#8243; css=&#8221;.vc_custom_1474907674451{margin-top: 20px !important;}&#8221;][vc_column_text]Paternaalinen alkuper\u00e4testi paljastaa muinaisen paternaalisen alkuper\u00e4si Y-kromosomitestauksella. Testi voidaan tehd\u00e4 vain miehille, sill\u00e4 siin\u00e4 tutkitaan Y-kromosomin markkereita paternaalisen v\u00e4est\u00f6ryhm\u00e4n m\u00e4\u00e4ritt\u00e4miseksi. Nykyihminen [&hellip;]\" \/>\n<meta property=\"og:url\" content=\"https:\/\/tests.dnacenter.com\/suomi\/paternaalinen-alkuperatesti\/\" \/>\n<meta property=\"og:site_name\" content=\"DDC Suomi\" \/>\n<meta name=\"twitter:card\" content=\"summary_large_image\" \/>\n<meta name=\"twitter:label1\" content=\"Est. reading time\" \/>\n\t<meta name=\"twitter:data1\" content=\"5 minutes\" \/>\n<script type=\"application\/ld+json\" class=\"yoast-schema-graph\">{\"@context\":\"https:\/\/schema.org\",\"@graph\":[{\"@type\":\"WebPage\",\"@id\":\"https:\/\/tests.dnacenter.com\/suomi\/paternaalinen-alkuperatesti\/\",\"url\":\"https:\/\/tests.dnacenter.com\/suomi\/paternaalinen-alkuperatesti\/\",\"name\":\"Paternaalinen alkuper\u00e4testi - DDC Suomi\",\"isPartOf\":{\"@id\":\"https:\/\/tests.dnacenter.com\/suomi\/#website\"},\"datePublished\":\"2016-09-27T16:07:09+00:00\",\"breadcrumb\":{\"@id\":\"https:\/\/tests.dnacenter.com\/suomi\/paternaalinen-alkuperatesti\/#breadcrumb\"},\"inLanguage\":\"en-US\",\"potentialAction\":[{\"@type\":\"ReadAction\",\"target\":[\"https:\/\/tests.dnacenter.com\/suomi\/paternaalinen-alkuperatesti\/\"]}]},{\"@type\":\"BreadcrumbList\",\"@id\":\"https:\/\/tests.dnacenter.com\/suomi\/paternaalinen-alkuperatesti\/#breadcrumb\",\"itemListElement\":[{\"@type\":\"ListItem\",\"position\":1,\"name\":\"Home\",\"item\":\"https:\/\/tests.dnacenter.com\/suomi\/\"},{\"@type\":\"ListItem\",\"position\":2,\"name\":\"Paternaalinen alkuper\u00e4testi\"}]},{\"@type\":\"WebSite\",\"@id\":\"https:\/\/tests.dnacenter.com\/suomi\/#website\",\"url\":\"https:\/\/tests.dnacenter.com\/suomi\/\",\"name\":\"DDC Suomi\",\"description\":\"Luotetuin nimi DNA testaus\",\"potentialAction\":[{\"@type\":\"SearchAction\",\"target\":{\"@type\":\"EntryPoint\",\"urlTemplate\":\"https:\/\/tests.dnacenter.com\/suomi\/?s={search_term_string}\"},\"query-input\":{\"@type\":\"PropertyValueSpecification\",\"valueRequired\":true,\"valueName\":\"search_term_string\"}}],\"inLanguage\":\"en-US\"}]}<\/script>\n<!-- \/ Yoast SEO Premium plugin. -->","yoast_head_json":{"title":"Paternaalinen alkuper\u00e4testi - DDC Suomi","robots":{"index":"noindex","follow":"follow","max-snippet":"max-snippet:-1","max-image-preview":"max-image-preview:large","max-video-preview":"max-video-preview:-1"},"og_locale":"en_US","og_type":"article","og_title":"Paternaalinen alkuper\u00e4testi","og_description":"[vc_row][vc_column][ultimate_spacer height=&#8221;30&#8243; height_on_tabs=&#8221;20&#8243; height_on_tabs_portrait=&#8221;20&#8243; height_on_mob_landscape=&#8221;20&#8243; height_on_mob=&#8221;20&#8243;][\/vc_column][\/vc_row][vc_row type=&#8221;vc_default&#8221; css=&#8221;.vc_custom_1492444956521{padding-bottom: 20px !important;}&#8221;][vc_column offset=&#8221;vc_col-lg-4 vc_col-md-3 vc_col-xs-12&#8243; css=&#8221;.vc_custom_1474907720450{margin-top: 30px !important;}&#8221;][ultimate_spacer height=&#8221;10&#8243; height_on_tabs=&#8221;10&#8243; height_on_tabs_portrait=&#8221;10&#8243; height_on_mob_landscape=&#8221;10&#8243; height_on_mob=&#8221;10&#8243;][vc_single_image image=&#8221;588&#8243; img_size=&#8221;full&#8221; alignment=&#8221;center&#8221; image_hovers=&#8221;false&#8221; lazy_loading=&#8221;true&#8221; css=&#8221;.vc_custom_1474992649868{margin-bottom: 20px !important;}&#8221;][\/vc_column][vc_column offset=&#8221;vc_col-lg-8 vc_col-md-9 vc_col-xs-12&#8243; css=&#8221;.vc_custom_1474907674451{margin-top: 20px !important;}&#8221;][vc_column_text]Paternaalinen alkuper\u00e4testi paljastaa muinaisen paternaalisen alkuper\u00e4si Y-kromosomitestauksella. Testi voidaan tehd\u00e4 vain miehille, sill\u00e4 siin\u00e4 tutkitaan Y-kromosomin markkereita paternaalisen v\u00e4est\u00f6ryhm\u00e4n m\u00e4\u00e4ritt\u00e4miseksi. Nykyihminen [&hellip;]","og_url":"https:\/\/tests.dnacenter.com\/suomi\/paternaalinen-alkuperatesti\/","og_site_name":"DDC Suomi","twitter_card":"summary_large_image","twitter_misc":{"Est. reading time":"5 minutes"},"schema":{"@context":"https:\/\/schema.org","@graph":[{"@type":"WebPage","@id":"https:\/\/tests.dnacenter.com\/suomi\/paternaalinen-alkuperatesti\/","url":"https:\/\/tests.dnacenter.com\/suomi\/paternaalinen-alkuperatesti\/","name":"Paternaalinen alkuper\u00e4testi - DDC Suomi","isPartOf":{"@id":"https:\/\/tests.dnacenter.com\/suomi\/#website"},"datePublished":"2016-09-27T16:07:09+00:00","breadcrumb":{"@id":"https:\/\/tests.dnacenter.com\/suomi\/paternaalinen-alkuperatesti\/#breadcrumb"},"inLanguage":"en-US","potentialAction":[{"@type":"ReadAction","target":["https:\/\/tests.dnacenter.com\/suomi\/paternaalinen-alkuperatesti\/"]}]},{"@type":"BreadcrumbList","@id":"https:\/\/tests.dnacenter.com\/suomi\/paternaalinen-alkuperatesti\/#breadcrumb","itemListElement":[{"@type":"ListItem","position":1,"name":"Home","item":"https:\/\/tests.dnacenter.com\/suomi\/"},{"@type":"ListItem","position":2,"name":"Paternaalinen alkuper\u00e4testi"}]},{"@type":"WebSite","@id":"https:\/\/tests.dnacenter.com\/suomi\/#website","url":"https:\/\/tests.dnacenter.com\/suomi\/","name":"DDC Suomi","description":"Luotetuin nimi DNA testaus","potentialAction":[{"@type":"SearchAction","target":{"@type":"EntryPoint","urlTemplate":"https:\/\/tests.dnacenter.com\/suomi\/?s={search_term_string}"},"query-input":{"@type":"PropertyValueSpecification","valueRequired":true,"valueName":"search_term_string"}}],"inLanguage":"en-US"}]}},"_links":{"self":[{"href":"https:\/\/tests.dnacenter.com\/suomi\/wp-json\/wp\/v2\/pages\/585","targetHints":{"allow":["GET"]}}],"collection":[{"href":"https:\/\/tests.dnacenter.com\/suomi\/wp-json\/wp\/v2\/pages"}],"about":[{"href":"https:\/\/tests.dnacenter.com\/suomi\/wp-json\/wp\/v2\/types\/page"}],"author":[{"embeddable":true,"href":"https:\/\/tests.dnacenter.com\/suomi\/wp-json\/wp\/v2\/users\/1"}],"replies":[{"embeddable":true,"href":"https:\/\/tests.dnacenter.com\/suomi\/wp-json\/wp\/v2\/comments?post=585"}],"version-history":[{"count":0,"href":"https:\/\/tests.dnacenter.com\/suomi\/wp-json\/wp\/v2\/pages\/585\/revisions"}],"wp:attachment":[{"href":"https:\/\/tests.dnacenter.com\/suomi\/wp-json\/wp\/v2\/media?parent=585"}],"curies":[{"name":"wp","href":"https:\/\/api.w.org\/{rel}","templated":true}]}}