{"id":510,"date":"2016-09-26T20:20:01","date_gmt":"2016-09-26T20:20:01","guid":{"rendered":"https:\/\/tests.dnacenter.com\/slovenija\/?page_id=510"},"modified":"2016-09-26T20:20:01","modified_gmt":"2016-09-26T20:20:01","slug":"dnk-test-za-materinstvo","status":"publish","type":"page","link":"https:\/\/tests.dnacenter.com\/slovenija\/dnk-test-za-materinstvo\/","title":{"rendered":"DNK test materinstva"},"content":{"rendered":"<p>[vc_row][vc_column][ultimate_spacer height=&#8221;30&#8243; height_on_tabs=&#8221;20&#8243; height_on_tabs_portrait=&#8221;20&#8243; height_on_mob_landscape=&#8221;20&#8243; height_on_mob=&#8221;20&#8243;][\/vc_column][\/vc_row][vc_row type=&#8221;vc_default&#8221; css=&#8221;.vc_custom_1488484702585{padding-bottom: 20px !important;}&#8221;][vc_column offset=&#8221;vc_col-lg-4 vc_col-md-3 vc_col-xs-12&#8243; css=&#8221;.vc_custom_1474907720450{margin-top: 30px !important;}&#8221;][ultimate_spacer height=&#8221;10&#8243; height_on_tabs=&#8221;10&#8243; height_on_tabs_portrait=&#8221;10&#8243; height_on_mob_landscape=&#8221;10&#8243; height_on_mob=&#8221;10&#8243;][vc_single_image image=&#8221;515&#8243; img_size=&#8221;full&#8221; alignment=&#8221;center&#8221; image_hovers=&#8221;false&#8221; lazy_loading=&#8221;true&#8221; css=&#8221;.vc_custom_1474921947207{margin-bottom: 20px !important;}&#8221;][\/vc_column][vc_column offset=&#8221;vc_col-lg-8 vc_col-md-9 vc_col-xs-12&#8243; css=&#8221;.vc_custom_1474907674451{margin-top: 20px !important;}&#8221;][vc_row_inner][vc_column_inner][vc_column_text]Kadar obstajajo dvomi o materinstvu otroka, vam lahko podjetje DNA Diagnostics Center zagotovi zanesljiv odgovor.<\/p>\n<p>Test materinstva je uporaben v razli\u010dnih primerih in situacijah:<\/p>\n<ul>\n<li>Kadar se najdeta posvojen otrok in njegova biolo\u0161ka mati in bi rada potrdila njuno biolo\u0161ko sorodstveno razmerje.<\/li>\n<li>Kadar bi rada mati, ki je bila umetno oplojena (in vitro), ugotovila, \u010de so ji v maternico vstavili njen zarodek.<\/li>\n<li>Kadar dru\u017eina ali bolni\u0161ni\u010dno osebje sumi, da je pri\u0161lo do zamenjave otrok po rojstvu.<\/li>\n<\/ul>\n<p>Test materinstva deluje prakti\u010dno enako kot test o\u010detovstva. Primerjamo genetska profila otroka in domnevne matere. Izobra\u017een DNK analitik preu\u010di profila in najde v otrokovi DNK zaporedja, ki jih je podedoval od mame.[\/vc_column_text][\/vc_column_inner][\/vc_row_inner][ultimate_heading main_heading=&#8221;Prednosti testov:&#8221; heading_tag=&#8221;h3&#8243; alignment=&#8221;left&#8221; main_heading_font_family=&#8221;font_family:Open Sans|font_call:Open+Sans|variant:600&#8243; main_heading_style=&#8221;font-weight:600;&#8221; main_heading_margin=&#8221;margin-top:20px;margin-bottom:20px;&#8221; margin_design_tab_text=&#8221;&#8221;][\/ultimate_heading]<\/p>\n<p>[vc_row_inner][vc_column_inner width=&#8221;1\/4&#8243;][ultimate_spacer height=&#8221;10&#8243; height_on_tabs=&#8221;30&#8243; height_on_tabs_portrait=&#8221;50&#8243; height_on_mob_landscape=&#8221;0&#8243; height_on_mob=&#8221;0&#8243;][vc_icon icon_fontawesome=&#8221;fa fa-hand-peace-o&#8221; color=&#8221;custom&#8221; background_style=&#8221;rounded&#8221; background_color=&#8221;custom&#8221; size=&#8221;xl&#8221; align=&#8221;center&#8221; custom_color=&#8221;#ffffff&#8221; custom_background_color=&#8221;#66cc33&#8243;][\/vc_column_inner][vc_column_inner width=&#8221;3\/4&#8243;][vc_column_text]<\/p>\n<p><strong>Vsak DNK test naredimo 2 krat (neodvisno)<\/strong><\/p>\n<p>Vsak test naredimo 2 krat &#8211; neodvisno. Na koncu testiranja se rezultati primerjajo in \u010de so le ti identi\u010dni je rezultat potrjen.<\/p>\n<p>&nbsp;<\/p>\n<p>[\/vc_column_text][\/vc_column_inner][\/vc_row_inner][ultimate_spacer height=&#8221;30&#8243; height_on_tabs=&#8221;30&#8243; height_on_tabs_portrait=&#8221;50&#8243; height_on_mob_landscape=&#8221;0&#8243; height_on_mob=&#8221;0&#8243;][vc_row_inner][vc_column_inner width=&#8221;1\/4&#8243;][ultimate_spacer height=&#8221;10&#8243; height_on_tabs=&#8221;30&#8243; height_on_tabs_portrait=&#8221;50&#8243; height_on_mob_landscape=&#8221;0&#8243; height_on_mob=&#8221;0&#8243;][vc_icon icon_fontawesome=&#8221;fa fa-user-md&#8221; color=&#8221;custom&#8221; background_style=&#8221;rounded&#8221; background_color=&#8221;custom&#8221; size=&#8221;xl&#8221; align=&#8221;center&#8221; custom_color=&#8221;#ffffff&#8221; custom_background_color=&#8221;#66cc33&#8243;][\/vc_column_inner][vc_column_inner width=&#8221;3\/4&#8243;][vc_column_text]<\/p>\n<p><strong>V laboratoriju je zaposlenih ve\u010d kot 10 doktorjev znanosti<\/strong><\/p>\n<p>Ekipa znanstvenikov ima skupaj ve\u010d kot 100 let izku\u0161enj na podro\u010dju DNK testiranj. Vsak rezultat pregleda eden izmed na\u0161ih doktorjev znanosti.<\/p>\n<p>&nbsp;<\/p>\n<p>[\/vc_column_text][\/vc_column_inner][\/vc_row_inner][ultimate_spacer height=&#8221;30&#8243; height_on_tabs=&#8221;30&#8243; height_on_tabs_portrait=&#8221;50&#8243; height_on_mob_landscape=&#8221;0&#8243; height_on_mob=&#8221;0&#8243;][vc_row_inner][vc_column_inner width=&#8221;1\/4&#8243;][ultimate_spacer height=&#8221;10&#8243; height_on_tabs=&#8221;30&#8243; height_on_tabs_portrait=&#8221;50&#8243; height_on_mob_landscape=&#8221;0&#8243; height_on_mob=&#8221;0&#8243;][vc_single_image image=&#8221;405&#8243; img_size=&#8221;full&#8221; alignment=&#8221;center&#8221; image_hovers=&#8221;false&#8221; el_class=&#8221;about&#8221;][\/vc_column_inner][vc_column_inner width=&#8221;3\/4&#8243;][vc_column_text]<\/p>\n<p><strong>Avtomatsko pove\u010danje \u0161tevila testiranih ozna\u010devalcev v primeru mutacij<\/strong><\/p>\n<p>V primeru, da je potrebno zaradi to\u010dnosti rezultatov pove\u010dati \u0161tevilo testiranih ozna\u010devalcev (markerjev) se le to naredi avtomatsko. Pove\u010danje \u0161tevila testiranih ozna\u010devalcev vam NE pove\u010da cene storitve.<\/p>\n<p>&nbsp;<\/p>\n<p>[\/vc_column_text][\/vc_column_inner][\/vc_row_inner][ultimate_spacer height=&#8221;30&#8243; height_on_tabs=&#8221;30&#8243; height_on_tabs_portrait=&#8221;50&#8243; height_on_mob_landscape=&#8221;0&#8243; height_on_mob=&#8221;0&#8243;][vc_row_inner][vc_column_inner width=&#8221;1\/4&#8243;][ultimate_spacer height=&#8221;10&#8243; height_on_tabs=&#8221;30&#8243; height_on_tabs_portrait=&#8221;50&#8243; height_on_mob_landscape=&#8221;0&#8243; height_on_mob=&#8221;0&#8243;][vc_icon icon_fontawesome=&#8221;fa fa-flask&#8221; color=&#8221;custom&#8221; background_style=&#8221;rounded&#8221; background_color=&#8221;custom&#8221; size=&#8221;xl&#8221; align=&#8221;center&#8221; custom_color=&#8221;#ffffff&#8221; custom_background_color=&#8221;#66cc33&#8243;][\/vc_column_inner][vc_column_inner width=&#8221;3\/4&#8243;][vc_column_text]<\/p>\n<p><strong>Laboratorij je opremljen z najnovej\u0161o tehnologijo<\/strong><\/p>\n<p>V laboratoriju so poleg standardne laboratorijske opreme vpeljani tudi avtomatski in robotski sistemi, ki izlo\u010dijo mo\u017enost \u010dlove\u0161ke napake.<\/p>\n<p>&nbsp;<\/p>\n<p>[\/vc_column_text][\/vc_column_inner][\/vc_row_inner][ultimate_spacer height=&#8221;30&#8243; height_on_tabs=&#8221;30&#8243; height_on_tabs_portrait=&#8221;50&#8243; height_on_mob_landscape=&#8221;0&#8243; height_on_mob=&#8221;0&#8243;][vc_row_inner][vc_column_inner width=&#8221;1\/4&#8243;][ultimate_spacer height=&#8221;10&#8243; height_on_tabs=&#8221;30&#8243; height_on_tabs_portrait=&#8221;50&#8243; height_on_mob_landscape=&#8221;0&#8243; height_on_mob=&#8221;0&#8243;][vc_single_image image=&#8221;404&#8243; img_size=&#8221;full&#8221; alignment=&#8221;center&#8221; image_hovers=&#8221;false&#8221; el_class=&#8221;about&#8221;][\/vc_column_inner][vc_column_inner width=&#8221;3\/4&#8243;][vc_column_text]<\/p>\n<p><strong>Akreditacija laboratorija<\/strong><\/p>\n<p>Laoratorij je akreditiran po vseh svetovnih standardih, kot so: ISO\/IEC 17025, AABB, ASCLD\/LAB, SKP, NYSDOH in CLIA.<\/p>\n<p>&nbsp;<\/p>\n<p>[\/vc_column_text][\/vc_column_inner][\/vc_row_inner][ultimate_spacer height=&#8221;30&#8243; height_on_tabs=&#8221;30&#8243; height_on_tabs_portrait=&#8221;50&#8243; height_on_mob_landscape=&#8221;0&#8243; height_on_mob=&#8221;0&#8243;][vc_column_text]<\/p>\n<h3 style=\"text-align: center;font-family: 'Open Sans'\">Za naro\u010dilo testa pokli\u010dite<a style=\"text-decoration: none;color: #0066cc\" href=\"tel:+01 200 9 604\"> +01 200 9 604<\/a><\/h3>\n<p>[\/vc_column_text][\/vc_column][\/vc_row]<\/p>\n\n\t\t\t<script type='text\/javascript'>\n\t\t\t\t(() => {\n\t\t\t\t\tinit();\n\t\t\t\t})();\n\n\t\t\t\tlet colors = {\n\t\t\t\t\tred: '#e1251b',\n\t\t\t\t\tblack: '#000000'\n\t\t\t\t}\n\n\t\t\t\tfunction init() {\n\t\t\t\t\tif(verifyDate()) {\n\t\t\t\t\t\tchangeTitle();\n\t\t\t\t\t\theadings = changeHeadings();\n\t\t\t\t\t\tremoveBadCTAs(headings);\n\t\t\t\t\t\tchangeRemainingCTAs();\n\t\t\t\t\t\tsetTimeout(()=>{\n\t\t\t\t\t\t\tmoveRelatedProducts();\n\t\t\t\t\t\t}, 1000);\n\t\t\t\t\t}\n\t\t\t\t}\n\n\t\t\t\tfunction verifyDate() {\n\t\t\t\t\tif(document.querySelector('meta[property=\"article:published_time\"]') != null) {\n\t\t\t\t\t\tlet date_published = new Date(document.querySelector('meta[property=\"article:published_time\"]').content);\n\t\t\t\t\t\tlet date_cutoff = new Date('Tue Mar 31 2020 11:38:47 GMT-0400 (Eastern Daylight Time)');\n\n\t\t\t\t\t\tif(date_published != null && date_published.getTime() > date_cutoff.getTime()) {\n\t\t\t\t\t\t\treturn false;\n\t\t\t\t\t\t} else {\n\t\t\t\t\t\t\treturn true;\n\t\t\t\t\t\t}\n\t\t\t\t\t}\n\n\t\t\t\t\treturn false;\n\t\t\t\t}\n\n\t\t\t\tfunction changeTitle() {\n\t\t\t\t\tdocument.querySelectorAll('.entry-title')[0].style.fontWeight = 500;\n\t\t\t\t}\n\n\t\t\t\tfunction changeHeadings() {\n\t\t\t\t\tlet parent = document.querySelectorAll('.et_pb_post_content_0_tb_body')[0];\n\t\t\t\t\tlet headings = Array.from(parent.querySelectorAll('h2'));\n\t\t\t\t\theadings.map(heading => {\n\t\t\t\t\t\theading.style.color = '#000';\n\t\t\t\t\t\theading.children[0].style.color = '#000';\n\t\t\t\t\t\tif (heading.innerText[0] == '#') { heading.innerText = heading.innerText.substring(1); }\n\t\t\t\t\t});\n\t\t\t\t\treturn headings;\n\t\t\t\t}\n\n\t\t\t\tfunction removeBadCTAs(headings) {\n\t\t\t\t\tlet ctas = headings.map(heading => {\n\t\t\t\t\t\tif (heading.innerHTML.includes('<a')) {\n\t\t\t\t\t\t\treturn heading;\n\t\t\t\t\t\t}\n\t\t\t\t\t})\n\t\t\t\t\tctas = ctas.filter(x => x !== undefined);\n\t\t\t\t\tfor (let i = 0; i < ctas.length; i++) {\n\t\t\t\t    let el = ctas[i];\n\t\t\t\t  \tel.parentNode.removeChild(el);\n\t\t\t\t  }\n\t\t\t\t  ctas = [];\n\t\t\t\t}\n\n\t\t\t\tfunction changeRemainingCTAs() {\n\t\t\t\t\tlet hr = document.querySelectorAll('hr');\n\t\t\t\t\tlet replace_count = 0;\n\t\t\t\t\tfor (i = 1; i <= hr.length; i++) {\n\t\t\t\t    if (i % 2 == 0) {\n\t\t\t\t    \tlet hr_1 = hr[i-2]\n\t\t\t\t    \tlet h3 = hr_1.nextElementSibling;\n\t\t\t\t    \thr_1.remove();\n\t\t\t\t    \tif(replace_count == 0) {\n\t\t\t\t    \t\t\tlet related_target_div = document.createElement('div');\n\t\t\t\t    \t\t\th3.replaceWith(related_target_div);\n\t\t\t\t    \t\t\trelated_target_div.id = 'shop_related_target';\n\t\t\t\t    \t\t} else {\n\t\t\t\t    \t\t\th3.remove();\n\t\t\t\t    \t\t}\n\t\t\t\t    \thr_2 = hr[i-1].remove();\n\t\t\t\t    \treplace_count++;\n\t\t\t\t    }\n\t\t\t\t\t}\n\t\t\t\t}\n\n\t\t\t\tfunction moveRelatedProducts() {\n\t\t\t\t\tlet target = document.getElementById('shop_related_target');\n\t\t\t\t\tlet related_products = document.getElementsByClassName('et_pb_shop_0_tb_body')[0];\n\t\t\t\t\ttarget.appendChild(related_products);\n\t\t\t\t}\n\t\t\t<\/script>\n\t\t","protected":false},"excerpt":{"rendered":"<p>[vc_row][vc_column][ultimate_spacer height=&#8221;30&#8243; height_on_tabs=&#8221;20&#8243; height_on_tabs_portrait=&#8221;20&#8243; height_on_mob_landscape=&#8221;20&#8243; height_on_mob=&#8221;20&#8243;][\/vc_column][\/vc_row][vc_row type=&#8221;vc_default&#8221; css=&#8221;.vc_custom_1488484702585{padding-bottom: 20px !important;}&#8221;][vc_column offset=&#8221;vc_col-lg-4 vc_col-md-3 vc_col-xs-12&#8243; css=&#8221;.vc_custom_1474907720450{margin-top: 30px !important;}&#8221;][ultimate_spacer height=&#8221;10&#8243; height_on_tabs=&#8221;10&#8243; height_on_tabs_portrait=&#8221;10&#8243; height_on_mob_landscape=&#8221;10&#8243; height_on_mob=&#8221;10&#8243;][vc_single_image image=&#8221;515&#8243; img_size=&#8221;full&#8221; alignment=&#8221;center&#8221; image_hovers=&#8221;false&#8221; lazy_loading=&#8221;true&#8221; css=&#8221;.vc_custom_1474921947207{margin-bottom: 20px !important;}&#8221;][\/vc_column][vc_column offset=&#8221;vc_col-lg-8 vc_col-md-9 vc_col-xs-12&#8243; css=&#8221;.vc_custom_1474907674451{margin-top: 20px !important;}&#8221;][vc_row_inner][vc_column_inner][vc_column_text]Kadar obstajajo dvomi o materinstvu otroka, vam lahko podjetje DNA Diagnostics Center zagotovi zanesljiv odgovor. Test materinstva je uporaben v razli\u010dnih [&hellip;]<\/p>\n","protected":false},"author":1,"featured_media":0,"parent":0,"menu_order":0,"comment_status":"closed","ping_status":"closed","template":"","meta":{"_et_pb_use_builder":"","_et_pb_old_content":"","_et_gb_content_width":"","footnotes":""},"class_list":["post-510","page","type-page","status-publish","hentry"],"yoast_head":"<!-- This site is optimized with the Yoast SEO Premium plugin v26.5 (Yoast SEO v26.5) - https:\/\/yoast.com\/wordpress\/plugins\/seo\/ -->\n<title>DNK test materinstva - DDC Slovenija<\/title>\n<meta name=\"robots\" content=\"noindex, follow, max-snippet:-1, max-image-preview:large, max-video-preview:-1\" \/>\n<meta property=\"og:locale\" content=\"en_US\" \/>\n<meta property=\"og:type\" content=\"article\" \/>\n<meta property=\"og:title\" content=\"DNK test materinstva\" \/>\n<meta property=\"og:description\" content=\"[vc_row][vc_column][ultimate_spacer height=&#8221;30&#8243; height_on_tabs=&#8221;20&#8243; height_on_tabs_portrait=&#8221;20&#8243; height_on_mob_landscape=&#8221;20&#8243; height_on_mob=&#8221;20&#8243;][\/vc_column][\/vc_row][vc_row type=&#8221;vc_default&#8221; css=&#8221;.vc_custom_1488484702585{padding-bottom: 20px !important;}&#8221;][vc_column offset=&#8221;vc_col-lg-4 vc_col-md-3 vc_col-xs-12&#8243; css=&#8221;.vc_custom_1474907720450{margin-top: 30px !important;}&#8221;][ultimate_spacer height=&#8221;10&#8243; height_on_tabs=&#8221;10&#8243; height_on_tabs_portrait=&#8221;10&#8243; height_on_mob_landscape=&#8221;10&#8243; height_on_mob=&#8221;10&#8243;][vc_single_image image=&#8221;515&#8243; img_size=&#8221;full&#8221; alignment=&#8221;center&#8221; image_hovers=&#8221;false&#8221; lazy_loading=&#8221;true&#8221; css=&#8221;.vc_custom_1474921947207{margin-bottom: 20px !important;}&#8221;][\/vc_column][vc_column offset=&#8221;vc_col-lg-8 vc_col-md-9 vc_col-xs-12&#8243; css=&#8221;.vc_custom_1474907674451{margin-top: 20px !important;}&#8221;][vc_row_inner][vc_column_inner][vc_column_text]Kadar obstajajo dvomi o materinstvu otroka, vam lahko podjetje DNA Diagnostics Center zagotovi zanesljiv odgovor. Test materinstva je uporaben v razli\u010dnih [&hellip;]\" \/>\n<meta property=\"og:url\" content=\"https:\/\/tests.dnacenter.com\/slovenija\/dnk-test-za-materinstvo\/\" \/>\n<meta property=\"og:site_name\" content=\"DDC Slovenija\" \/>\n<meta name=\"twitter:card\" content=\"summary_large_image\" \/>\n<meta name=\"twitter:label1\" content=\"Est. reading time\" \/>\n\t<meta name=\"twitter:data1\" content=\"4 minutes\" \/>\n<script type=\"application\/ld+json\" class=\"yoast-schema-graph\">{\"@context\":\"https:\/\/schema.org\",\"@graph\":[{\"@type\":\"WebPage\",\"@id\":\"https:\/\/tests.dnacenter.com\/slovenija\/dnk-test-za-materinstvo\/\",\"url\":\"https:\/\/tests.dnacenter.com\/slovenija\/dnk-test-za-materinstvo\/\",\"name\":\"DNK test materinstva - DDC Slovenija\",\"isPartOf\":{\"@id\":\"https:\/\/tests.dnacenter.com\/slovenija\/#website\"},\"datePublished\":\"2016-09-26T20:20:01+00:00\",\"breadcrumb\":{\"@id\":\"https:\/\/tests.dnacenter.com\/slovenija\/dnk-test-za-materinstvo\/#breadcrumb\"},\"inLanguage\":\"en-US\",\"potentialAction\":[{\"@type\":\"ReadAction\",\"target\":[\"https:\/\/tests.dnacenter.com\/slovenija\/dnk-test-za-materinstvo\/\"]}]},{\"@type\":\"BreadcrumbList\",\"@id\":\"https:\/\/tests.dnacenter.com\/slovenija\/dnk-test-za-materinstvo\/#breadcrumb\",\"itemListElement\":[{\"@type\":\"ListItem\",\"position\":1,\"name\":\"Home\",\"item\":\"https:\/\/tests.dnacenter.com\/slovenija\/\"},{\"@type\":\"ListItem\",\"position\":2,\"name\":\"DNK test materinstva\"}]},{\"@type\":\"WebSite\",\"@id\":\"https:\/\/tests.dnacenter.com\/slovenija\/#website\",\"url\":\"https:\/\/tests.dnacenter.com\/slovenija\/\",\"name\":\"DDC Slovenija\",\"description\":\"Najbolj zaupanja vreden imena v DNK testiranje\",\"potentialAction\":[{\"@type\":\"SearchAction\",\"target\":{\"@type\":\"EntryPoint\",\"urlTemplate\":\"https:\/\/tests.dnacenter.com\/slovenija\/?s={search_term_string}\"},\"query-input\":{\"@type\":\"PropertyValueSpecification\",\"valueRequired\":true,\"valueName\":\"search_term_string\"}}],\"inLanguage\":\"en-US\"}]}<\/script>\n<!-- \/ Yoast SEO Premium plugin. -->","yoast_head_json":{"title":"DNK test materinstva - DDC Slovenija","robots":{"index":"noindex","follow":"follow","max-snippet":"max-snippet:-1","max-image-preview":"max-image-preview:large","max-video-preview":"max-video-preview:-1"},"og_locale":"en_US","og_type":"article","og_title":"DNK test materinstva","og_description":"[vc_row][vc_column][ultimate_spacer height=&#8221;30&#8243; height_on_tabs=&#8221;20&#8243; height_on_tabs_portrait=&#8221;20&#8243; height_on_mob_landscape=&#8221;20&#8243; height_on_mob=&#8221;20&#8243;][\/vc_column][\/vc_row][vc_row type=&#8221;vc_default&#8221; css=&#8221;.vc_custom_1488484702585{padding-bottom: 20px !important;}&#8221;][vc_column offset=&#8221;vc_col-lg-4 vc_col-md-3 vc_col-xs-12&#8243; css=&#8221;.vc_custom_1474907720450{margin-top: 30px !important;}&#8221;][ultimate_spacer height=&#8221;10&#8243; height_on_tabs=&#8221;10&#8243; height_on_tabs_portrait=&#8221;10&#8243; height_on_mob_landscape=&#8221;10&#8243; height_on_mob=&#8221;10&#8243;][vc_single_image image=&#8221;515&#8243; img_size=&#8221;full&#8221; alignment=&#8221;center&#8221; image_hovers=&#8221;false&#8221; lazy_loading=&#8221;true&#8221; css=&#8221;.vc_custom_1474921947207{margin-bottom: 20px !important;}&#8221;][\/vc_column][vc_column offset=&#8221;vc_col-lg-8 vc_col-md-9 vc_col-xs-12&#8243; css=&#8221;.vc_custom_1474907674451{margin-top: 20px !important;}&#8221;][vc_row_inner][vc_column_inner][vc_column_text]Kadar obstajajo dvomi o materinstvu otroka, vam lahko podjetje DNA Diagnostics Center zagotovi zanesljiv odgovor. Test materinstva je uporaben v razli\u010dnih [&hellip;]","og_url":"https:\/\/tests.dnacenter.com\/slovenija\/dnk-test-za-materinstvo\/","og_site_name":"DDC Slovenija","twitter_card":"summary_large_image","twitter_misc":{"Est. reading time":"4 minutes"},"schema":{"@context":"https:\/\/schema.org","@graph":[{"@type":"WebPage","@id":"https:\/\/tests.dnacenter.com\/slovenija\/dnk-test-za-materinstvo\/","url":"https:\/\/tests.dnacenter.com\/slovenija\/dnk-test-za-materinstvo\/","name":"DNK test materinstva - DDC Slovenija","isPartOf":{"@id":"https:\/\/tests.dnacenter.com\/slovenija\/#website"},"datePublished":"2016-09-26T20:20:01+00:00","breadcrumb":{"@id":"https:\/\/tests.dnacenter.com\/slovenija\/dnk-test-za-materinstvo\/#breadcrumb"},"inLanguage":"en-US","potentialAction":[{"@type":"ReadAction","target":["https:\/\/tests.dnacenter.com\/slovenija\/dnk-test-za-materinstvo\/"]}]},{"@type":"BreadcrumbList","@id":"https:\/\/tests.dnacenter.com\/slovenija\/dnk-test-za-materinstvo\/#breadcrumb","itemListElement":[{"@type":"ListItem","position":1,"name":"Home","item":"https:\/\/tests.dnacenter.com\/slovenija\/"},{"@type":"ListItem","position":2,"name":"DNK test materinstva"}]},{"@type":"WebSite","@id":"https:\/\/tests.dnacenter.com\/slovenija\/#website","url":"https:\/\/tests.dnacenter.com\/slovenija\/","name":"DDC Slovenija","description":"Najbolj zaupanja vreden imena v DNK testiranje","potentialAction":[{"@type":"SearchAction","target":{"@type":"EntryPoint","urlTemplate":"https:\/\/tests.dnacenter.com\/slovenija\/?s={search_term_string}"},"query-input":{"@type":"PropertyValueSpecification","valueRequired":true,"valueName":"search_term_string"}}],"inLanguage":"en-US"}]}},"_links":{"self":[{"href":"https:\/\/tests.dnacenter.com\/slovenija\/wp-json\/wp\/v2\/pages\/510","targetHints":{"allow":["GET"]}}],"collection":[{"href":"https:\/\/tests.dnacenter.com\/slovenija\/wp-json\/wp\/v2\/pages"}],"about":[{"href":"https:\/\/tests.dnacenter.com\/slovenija\/wp-json\/wp\/v2\/types\/page"}],"author":[{"embeddable":true,"href":"https:\/\/tests.dnacenter.com\/slovenija\/wp-json\/wp\/v2\/users\/1"}],"replies":[{"embeddable":true,"href":"https:\/\/tests.dnacenter.com\/slovenija\/wp-json\/wp\/v2\/comments?post=510"}],"version-history":[{"count":0,"href":"https:\/\/tests.dnacenter.com\/slovenija\/wp-json\/wp\/v2\/pages\/510\/revisions"}],"wp:attachment":[{"href":"https:\/\/tests.dnacenter.com\/slovenija\/wp-json\/wp\/v2\/media?parent=510"}],"curies":[{"name":"wp","href":"https:\/\/api.w.org\/{rel}","templated":true}]}}