{"id":555,"date":"2016-09-27T01:03:14","date_gmt":"2016-09-27T01:03:14","guid":{"rendered":"https:\/\/tests.dnacenter.com\/kosove\/?page_id=555"},"modified":"2016-09-27T01:03:14","modified_gmt":"2016-09-27T01:03:14","slug":"testimi-i-adn-se-gjate-shtatzenise","status":"publish","type":"page","link":"https:\/\/tests.dnacenter.com\/kosove\/testimi-i-adn-se-gjate-shtatzenise\/","title":{"rendered":"Testimi i ADN-s\u00eb gjat\u00eb shtatz\u00ebnis\u00eb"},"content":{"rendered":"<p>[vc_row][vc_column][ultimate_spacer height=&#8221;30&#8243; height_on_tabs=&#8221;20&#8243; height_on_tabs_portrait=&#8221;20&#8243; height_on_mob_landscape=&#8221;20&#8243; height_on_mob=&#8221;20&#8243;][\/vc_column][\/vc_row][vc_row type=&#8221;vc_default&#8221; css=&#8221;.vc_custom_1484249843809{padding-bottom: 20px !important;}&#8221;][vc_column offset=&#8221;vc_col-lg-4 vc_col-md-3 vc_col-xs-12&#8243; css=&#8221;.vc_custom_1474907720450{margin-top: 30px !important;}&#8221;][ultimate_spacer height=&#8221;10&#8243; height_on_tabs=&#8221;10&#8243; height_on_tabs_portrait=&#8221;10&#8243; height_on_mob_landscape=&#8221;10&#8243; height_on_mob=&#8221;10&#8243;][vc_single_image image=&#8221;558&#8243; img_size=&#8221;full&#8221; alignment=&#8221;center&#8221; image_hovers=&#8221;false&#8221; lazy_loading=&#8221;true&#8221; css=&#8221;.vc_custom_1474939716614{margin-bottom: 20px !important;}&#8221;][\/vc_column][vc_column offset=&#8221;vc_col-lg-8 vc_col-md-9 vc_col-xs-12&#8243; css=&#8221;.vc_custom_1474907674451{margin-top: 20px !important;}&#8221;][vc_row_inner][vc_column_inner][vc_column_text]DDC ofron nj\u00eb test para lindjes at\u00ebsis\u00eb p\u00ebr t\u00eb p\u00ebrcaktuar me sakt\u00ebsi at\u00ebsin\u00eb e nj\u00eb f\u00ebmij\u00eb para se f\u00ebmija \u00ebsht\u00eb i lindur. P\u00ebrmes ekspertiz\u00ebs son\u00eb dhe teknologji t\u00eb p\u00ebrparuar, jo-invazive Testi prenatal at\u00ebsis\u00eb DDC-s\u00eb jep rezultate shum\u00eb t\u00eb sakta e testimit. Kjo procedur\u00eb e avancuar p\u00ebrfshin teknologjin\u00eb ADN SNP microarray duke ruajtur dhe analizuar ADN e foshnj\u00ebs ndodhen n\u00eb gjak e n\u00ebn\u00ebs, e cila \u00ebsht\u00eb shum\u00eb m\u00eb e sigurt p\u00ebr n\u00ebn\u00ebn dhe f\u00ebmij\u00ebn.[\/vc_column_text][\/vc_column_inner][\/vc_row_inner][ultimate_heading main_heading=&#8221;Karakteristikat e testit:&#8221; heading_tag=&#8221;h3&#8243; alignment=&#8221;left&#8221; main_heading_font_family=&#8221;font_family:|font_call:&#8221; main_heading_style=&#8221;font-weight:600;&#8221; main_heading_margin=&#8221;margin-top:20px;margin-bottom:20px;&#8221;][\/ultimate_heading][info_list style=&#8221;circle with_bg&#8221; icon_bg_color=&#8221;#66cc33&#8243; icon_color=&#8221;#ffffff&#8221; font_size_icon=&#8221;24&#8243; connector_color=&#8221;#0066cc&#8221;][info_list_item list_title=&#8221;Rezultatet e shpejt\u00eb&#8221; list_icon=&#8221;Defaults-history&#8221; title_font=&#8221;font_family:Open Sans|font_call:Open+Sans|variant:600&#8243; title_font_style=&#8221;font-weight:600;&#8221; desc_font=&#8221;font_family:Open Sans|font_call:Open+Sans&#8221; title_font_size=&#8221;desktop:21px;&#8221; title_font_line_height=&#8221;desktop:33px;&#8221; desc_font_size=&#8221;desktop:24px;mobile_landscape:16px;&#8221; desc_font_line_height=&#8221;desktop:36px;mobile_landscape:24px;&#8221;]Shume e sakte dhe rezultatet per 7-8 dite pune[\/info_list_item][info_list_item list_title=&#8221;E di para lindjes&#8221; list_icon=&#8221;Defaults-calendar&#8221; title_font=&#8221;font_family:Open Sans|font_call:Open+Sans|variant:600&#8243; title_font_style=&#8221;font-weight:600;&#8221; desc_font=&#8221;font_family:Open Sans|font_call:Open+Sans|variant:regular&#8221; desc_font_style=&#8221;font-weight:normal;font-style:normal;&#8221; title_font_size=&#8221;desktop:21px;&#8221; title_font_line_height=&#8221;desktop:33px;&#8221; desc_font_size=&#8221;desktop:18px;mobile_landscape:16px;&#8221; desc_font_line_height=&#8221;desktop:27px;mobile_landscape:24px;&#8221;]Mund t\u00eb b\u00ebhet nga java e tet\u00eb t\u00eb shtatz\u00ebnis\u00eb[\/info_list_item][info_list_item list_title=&#8221;Faqe mbledhja lokale&#8221; list_icon=&#8221;Defaults-map-marker&#8221; title_font=&#8221;font_family:Open Sans|font_call:Open+Sans|variant:600&#8243; title_font_style=&#8221;font-weight:600;&#8221; desc_font=&#8221;font_family:Open Sans|font_call:Open+Sans&#8221; title_font_size=&#8221;desktop:21px;&#8221; title_font_line_height=&#8221;desktop:33px;&#8221; desc_font_size=&#8221;desktop:18px;mobile_landscape:16px;&#8221; desc_font_line_height=&#8221;desktop:27px;mobile_landscape:24px;&#8221;]DDC ka vende t\u00eb grumbullimit t\u00eb gjakut n\u00eb t\u00eb gjith\u00eb Shqip\u00ebri[\/info_list_item][info_list_item list_title=&#8221;Konfidenciale&#8221; list_icon=&#8221;Defaults-user-secret&#8221; title_font=&#8221;font_family:Open Sans|font_call:Open+Sans|variant:600&#8243; title_font_style=&#8221;font-weight:600;&#8221; desc_font=&#8221;font_family:Open Sans|font_call:Open+Sans&#8221; title_font_size=&#8221;desktop:21px;&#8221; title_font_line_height=&#8221;desktop:33px;&#8221; desc_font_size=&#8221;desktop:18px;mobile_landscape:16px;&#8221; desc_font_line_height=&#8221;desktop:27px;mobile_landscape:24px;&#8221;]T\u00eb gjitha rezultatet jan\u00eb private dhe konfidenciale[\/info_list_item][\/info_list][vc_column_text]<\/p>\n<h3 style=\"text-align: center\">P\u00ebr t\u00eb porositur k\u00ebt\u00eb test ose p\u00ebr m\u00eb shum\u00eb informacion, na telefononi n\u00eb <a style=\"text-decoration: none;color: #0066cc\" href=\"tel:+355697723212\"><strong>+355697723212<\/strong><\/a><\/h3>\n<p>[\/vc_column_text][\/vc_column][\/vc_row]<\/p>\n\n\t\t\t<script type='text\/javascript'>\n\t\t\t\t(() => {\n\t\t\t\t\tinit();\n\t\t\t\t})();\n\n\t\t\t\tlet colors = {\n\t\t\t\t\tred: '#e1251b',\n\t\t\t\t\tblack: '#000000'\n\t\t\t\t}\n\n\t\t\t\tfunction init() {\n\t\t\t\t\tif(verifyDate()) {\n\t\t\t\t\t\tchangeTitle();\n\t\t\t\t\t\theadings = changeHeadings();\n\t\t\t\t\t\tremoveBadCTAs(headings);\n\t\t\t\t\t\tchangeRemainingCTAs();\n\t\t\t\t\t\tsetTimeout(()=>{\n\t\t\t\t\t\t\tmoveRelatedProducts();\n\t\t\t\t\t\t}, 1000);\n\t\t\t\t\t}\n\t\t\t\t}\n\n\t\t\t\tfunction verifyDate() {\n\t\t\t\t\tif(document.querySelector('meta[property=\"article:published_time\"]') != null) {\n\t\t\t\t\t\tlet date_published = new Date(document.querySelector('meta[property=\"article:published_time\"]').content);\n\t\t\t\t\t\tlet date_cutoff = new Date('Tue Mar 31 2020 11:38:47 GMT-0400 (Eastern Daylight Time)');\n\n\t\t\t\t\t\tif(date_published != null && date_published.getTime() > date_cutoff.getTime()) {\n\t\t\t\t\t\t\treturn false;\n\t\t\t\t\t\t} else {\n\t\t\t\t\t\t\treturn true;\n\t\t\t\t\t\t}\n\t\t\t\t\t}\n\n\t\t\t\t\treturn false;\n\t\t\t\t}\n\n\t\t\t\tfunction changeTitle() {\n\t\t\t\t\tdocument.querySelectorAll('.entry-title')[0].style.fontWeight = 500;\n\t\t\t\t}\n\n\t\t\t\tfunction changeHeadings() {\n\t\t\t\t\tlet parent = document.querySelectorAll('.et_pb_post_content_0_tb_body')[0];\n\t\t\t\t\tlet headings = Array.from(parent.querySelectorAll('h2'));\n\t\t\t\t\theadings.map(heading => {\n\t\t\t\t\t\theading.style.color = '#000';\n\t\t\t\t\t\theading.children[0].style.color = '#000';\n\t\t\t\t\t\tif (heading.innerText[0] == '#') { heading.innerText = heading.innerText.substring(1); }\n\t\t\t\t\t});\n\t\t\t\t\treturn headings;\n\t\t\t\t}\n\n\t\t\t\tfunction removeBadCTAs(headings) {\n\t\t\t\t\tlet ctas = headings.map(heading => {\n\t\t\t\t\t\tif (heading.innerHTML.includes('<a')) {\n\t\t\t\t\t\t\treturn heading;\n\t\t\t\t\t\t}\n\t\t\t\t\t})\n\t\t\t\t\tctas = ctas.filter(x => x !== undefined);\n\t\t\t\t\tfor (let i = 0; i < ctas.length; i++) {\n\t\t\t\t    let el = ctas[i];\n\t\t\t\t  \tel.parentNode.removeChild(el);\n\t\t\t\t  }\n\t\t\t\t  ctas = [];\n\t\t\t\t}\n\n\t\t\t\tfunction changeRemainingCTAs() {\n\t\t\t\t\tlet hr = document.querySelectorAll('hr');\n\t\t\t\t\tlet replace_count = 0;\n\t\t\t\t\tfor (i = 1; i <= hr.length; i++) {\n\t\t\t\t    if (i % 2 == 0) {\n\t\t\t\t    \tlet hr_1 = hr[i-2]\n\t\t\t\t    \tlet h3 = hr_1.nextElementSibling;\n\t\t\t\t    \thr_1.remove();\n\t\t\t\t    \tif(replace_count == 0) {\n\t\t\t\t    \t\t\tlet related_target_div = document.createElement('div');\n\t\t\t\t    \t\t\th3.replaceWith(related_target_div);\n\t\t\t\t    \t\t\trelated_target_div.id = 'shop_related_target';\n\t\t\t\t    \t\t} else {\n\t\t\t\t    \t\t\th3.remove();\n\t\t\t\t    \t\t}\n\t\t\t\t    \thr_2 = hr[i-1].remove();\n\t\t\t\t    \treplace_count++;\n\t\t\t\t    }\n\t\t\t\t\t}\n\t\t\t\t}\n\n\t\t\t\tfunction moveRelatedProducts() {\n\t\t\t\t\tlet target = document.getElementById('shop_related_target');\n\t\t\t\t\tlet related_products = document.getElementsByClassName('et_pb_shop_0_tb_body')[0];\n\t\t\t\t\ttarget.appendChild(related_products);\n\t\t\t\t}\n\t\t\t<\/script>\n\t\t","protected":false},"excerpt":{"rendered":"<p>[vc_row][vc_column][ultimate_spacer height=&#8221;30&#8243; height_on_tabs=&#8221;20&#8243; height_on_tabs_portrait=&#8221;20&#8243; height_on_mob_landscape=&#8221;20&#8243; height_on_mob=&#8221;20&#8243;][\/vc_column][\/vc_row][vc_row type=&#8221;vc_default&#8221; css=&#8221;.vc_custom_1484249843809{padding-bottom: 20px !important;}&#8221;][vc_column offset=&#8221;vc_col-lg-4 vc_col-md-3 vc_col-xs-12&#8243; css=&#8221;.vc_custom_1474907720450{margin-top: 30px !important;}&#8221;][ultimate_spacer height=&#8221;10&#8243; height_on_tabs=&#8221;10&#8243; height_on_tabs_portrait=&#8221;10&#8243; height_on_mob_landscape=&#8221;10&#8243; height_on_mob=&#8221;10&#8243;][vc_single_image image=&#8221;558&#8243; img_size=&#8221;full&#8221; alignment=&#8221;center&#8221; image_hovers=&#8221;false&#8221; lazy_loading=&#8221;true&#8221; css=&#8221;.vc_custom_1474939716614{margin-bottom: 20px !important;}&#8221;][\/vc_column][vc_column offset=&#8221;vc_col-lg-8 vc_col-md-9 vc_col-xs-12&#8243; css=&#8221;.vc_custom_1474907674451{margin-top: 20px !important;}&#8221;][vc_row_inner][vc_column_inner][vc_column_text]DDC ofron nj\u00eb test para lindjes at\u00ebsis\u00eb p\u00ebr t\u00eb p\u00ebrcaktuar me sakt\u00ebsi at\u00ebsin\u00eb e nj\u00eb f\u00ebmij\u00eb para se f\u00ebmija \u00ebsht\u00eb i [&hellip;]<\/p>\n","protected":false},"author":1,"featured_media":0,"parent":0,"menu_order":0,"comment_status":"closed","ping_status":"closed","template":"","meta":{"_et_pb_use_builder":"","_et_pb_old_content":"","_et_gb_content_width":"","footnotes":""},"class_list":["post-555","page","type-page","status-publish","hentry"],"yoast_head":"<!-- This site is optimized with the Yoast SEO Premium plugin v26.5 (Yoast SEO v26.5) - https:\/\/yoast.com\/wordpress\/plugins\/seo\/ -->\n<title>Testimi i ADN-s\u00eb gjat\u00eb shtatz\u00ebnis\u00eb - DDC Kosove<\/title>\n<meta name=\"robots\" content=\"index, follow, max-snippet:-1, max-image-preview:large, max-video-preview:-1\" \/>\n<link rel=\"canonical\" href=\"https:\/\/tests.dnacenter.com\/kosove\/testimi-i-adn-se-gjate-shtatzenise\/\" \/>\n<meta property=\"og:locale\" content=\"en_US\" \/>\n<meta property=\"og:type\" content=\"article\" \/>\n<meta property=\"og:title\" content=\"Testimi i ADN-s\u00eb gjat\u00eb shtatz\u00ebnis\u00eb\" \/>\n<meta property=\"og:description\" content=\"[vc_row][vc_column][ultimate_spacer height=&#8221;30&#8243; height_on_tabs=&#8221;20&#8243; height_on_tabs_portrait=&#8221;20&#8243; height_on_mob_landscape=&#8221;20&#8243; height_on_mob=&#8221;20&#8243;][\/vc_column][\/vc_row][vc_row type=&#8221;vc_default&#8221; css=&#8221;.vc_custom_1484249843809{padding-bottom: 20px !important;}&#8221;][vc_column offset=&#8221;vc_col-lg-4 vc_col-md-3 vc_col-xs-12&#8243; css=&#8221;.vc_custom_1474907720450{margin-top: 30px !important;}&#8221;][ultimate_spacer height=&#8221;10&#8243; height_on_tabs=&#8221;10&#8243; height_on_tabs_portrait=&#8221;10&#8243; height_on_mob_landscape=&#8221;10&#8243; height_on_mob=&#8221;10&#8243;][vc_single_image image=&#8221;558&#8243; img_size=&#8221;full&#8221; alignment=&#8221;center&#8221; image_hovers=&#8221;false&#8221; lazy_loading=&#8221;true&#8221; css=&#8221;.vc_custom_1474939716614{margin-bottom: 20px !important;}&#8221;][\/vc_column][vc_column offset=&#8221;vc_col-lg-8 vc_col-md-9 vc_col-xs-12&#8243; css=&#8221;.vc_custom_1474907674451{margin-top: 20px !important;}&#8221;][vc_row_inner][vc_column_inner][vc_column_text]DDC ofron nj\u00eb test para lindjes at\u00ebsis\u00eb p\u00ebr t\u00eb p\u00ebrcaktuar me sakt\u00ebsi at\u00ebsin\u00eb e nj\u00eb f\u00ebmij\u00eb para se f\u00ebmija \u00ebsht\u00eb i [&hellip;]\" \/>\n<meta property=\"og:url\" content=\"https:\/\/tests.dnacenter.com\/kosove\/testimi-i-adn-se-gjate-shtatzenise\/\" \/>\n<meta property=\"og:site_name\" content=\"DDC Kosove\" \/>\n<meta name=\"twitter:card\" content=\"summary_large_image\" \/>\n<meta name=\"twitter:label1\" content=\"Est. reading time\" \/>\n\t<meta name=\"twitter:data1\" content=\"3 minutes\" \/>\n<script type=\"application\/ld+json\" class=\"yoast-schema-graph\">{\"@context\":\"https:\/\/schema.org\",\"@graph\":[{\"@type\":\"WebPage\",\"@id\":\"https:\/\/tests.dnacenter.com\/kosove\/testimi-i-adn-se-gjate-shtatzenise\/\",\"url\":\"https:\/\/tests.dnacenter.com\/kosove\/testimi-i-adn-se-gjate-shtatzenise\/\",\"name\":\"Testimi i ADN-s\u00eb gjat\u00eb shtatz\u00ebnis\u00eb - DDC Kosove\",\"isPartOf\":{\"@id\":\"https:\/\/tests.dnacenter.com\/kosove\/#website\"},\"datePublished\":\"2016-09-27T01:03:14+00:00\",\"breadcrumb\":{\"@id\":\"https:\/\/tests.dnacenter.com\/kosove\/testimi-i-adn-se-gjate-shtatzenise\/#breadcrumb\"},\"inLanguage\":\"en-US\",\"potentialAction\":[{\"@type\":\"ReadAction\",\"target\":[\"https:\/\/tests.dnacenter.com\/kosove\/testimi-i-adn-se-gjate-shtatzenise\/\"]}]},{\"@type\":\"BreadcrumbList\",\"@id\":\"https:\/\/tests.dnacenter.com\/kosove\/testimi-i-adn-se-gjate-shtatzenise\/#breadcrumb\",\"itemListElement\":[{\"@type\":\"ListItem\",\"position\":1,\"name\":\"Home\",\"item\":\"https:\/\/tests.dnacenter.com\/kosove\/\"},{\"@type\":\"ListItem\",\"position\":2,\"name\":\"Testimi i ADN-s\u00eb gjat\u00eb shtatz\u00ebnis\u00eb\"}]},{\"@type\":\"WebSite\",\"@id\":\"https:\/\/tests.dnacenter.com\/kosove\/#website\",\"url\":\"https:\/\/tests.dnacenter.com\/kosove\/\",\"name\":\"DDC Kosove\",\"description\":\"Emri m\u00eb i besuar n\u00eb testimin e ADN-s\u00eb\",\"potentialAction\":[{\"@type\":\"SearchAction\",\"target\":{\"@type\":\"EntryPoint\",\"urlTemplate\":\"https:\/\/tests.dnacenter.com\/kosove\/?s={search_term_string}\"},\"query-input\":{\"@type\":\"PropertyValueSpecification\",\"valueRequired\":true,\"valueName\":\"search_term_string\"}}],\"inLanguage\":\"en-US\"}]}<\/script>\n<!-- \/ Yoast SEO Premium plugin. -->","yoast_head_json":{"title":"Testimi i ADN-s\u00eb gjat\u00eb shtatz\u00ebnis\u00eb - DDC Kosove","robots":{"index":"index","follow":"follow","max-snippet":"max-snippet:-1","max-image-preview":"max-image-preview:large","max-video-preview":"max-video-preview:-1"},"canonical":"https:\/\/tests.dnacenter.com\/kosove\/testimi-i-adn-se-gjate-shtatzenise\/","og_locale":"en_US","og_type":"article","og_title":"Testimi i ADN-s\u00eb gjat\u00eb shtatz\u00ebnis\u00eb","og_description":"[vc_row][vc_column][ultimate_spacer height=&#8221;30&#8243; height_on_tabs=&#8221;20&#8243; height_on_tabs_portrait=&#8221;20&#8243; height_on_mob_landscape=&#8221;20&#8243; height_on_mob=&#8221;20&#8243;][\/vc_column][\/vc_row][vc_row type=&#8221;vc_default&#8221; css=&#8221;.vc_custom_1484249843809{padding-bottom: 20px !important;}&#8221;][vc_column offset=&#8221;vc_col-lg-4 vc_col-md-3 vc_col-xs-12&#8243; css=&#8221;.vc_custom_1474907720450{margin-top: 30px !important;}&#8221;][ultimate_spacer height=&#8221;10&#8243; height_on_tabs=&#8221;10&#8243; height_on_tabs_portrait=&#8221;10&#8243; height_on_mob_landscape=&#8221;10&#8243; height_on_mob=&#8221;10&#8243;][vc_single_image image=&#8221;558&#8243; img_size=&#8221;full&#8221; alignment=&#8221;center&#8221; image_hovers=&#8221;false&#8221; lazy_loading=&#8221;true&#8221; css=&#8221;.vc_custom_1474939716614{margin-bottom: 20px !important;}&#8221;][\/vc_column][vc_column offset=&#8221;vc_col-lg-8 vc_col-md-9 vc_col-xs-12&#8243; css=&#8221;.vc_custom_1474907674451{margin-top: 20px !important;}&#8221;][vc_row_inner][vc_column_inner][vc_column_text]DDC ofron nj\u00eb test para lindjes at\u00ebsis\u00eb p\u00ebr t\u00eb p\u00ebrcaktuar me sakt\u00ebsi at\u00ebsin\u00eb e nj\u00eb f\u00ebmij\u00eb para se f\u00ebmija \u00ebsht\u00eb i [&hellip;]","og_url":"https:\/\/tests.dnacenter.com\/kosove\/testimi-i-adn-se-gjate-shtatzenise\/","og_site_name":"DDC Kosove","twitter_card":"summary_large_image","twitter_misc":{"Est. reading time":"3 minutes"},"schema":{"@context":"https:\/\/schema.org","@graph":[{"@type":"WebPage","@id":"https:\/\/tests.dnacenter.com\/kosove\/testimi-i-adn-se-gjate-shtatzenise\/","url":"https:\/\/tests.dnacenter.com\/kosove\/testimi-i-adn-se-gjate-shtatzenise\/","name":"Testimi i ADN-s\u00eb gjat\u00eb shtatz\u00ebnis\u00eb - DDC Kosove","isPartOf":{"@id":"https:\/\/tests.dnacenter.com\/kosove\/#website"},"datePublished":"2016-09-27T01:03:14+00:00","breadcrumb":{"@id":"https:\/\/tests.dnacenter.com\/kosove\/testimi-i-adn-se-gjate-shtatzenise\/#breadcrumb"},"inLanguage":"en-US","potentialAction":[{"@type":"ReadAction","target":["https:\/\/tests.dnacenter.com\/kosove\/testimi-i-adn-se-gjate-shtatzenise\/"]}]},{"@type":"BreadcrumbList","@id":"https:\/\/tests.dnacenter.com\/kosove\/testimi-i-adn-se-gjate-shtatzenise\/#breadcrumb","itemListElement":[{"@type":"ListItem","position":1,"name":"Home","item":"https:\/\/tests.dnacenter.com\/kosove\/"},{"@type":"ListItem","position":2,"name":"Testimi i ADN-s\u00eb gjat\u00eb shtatz\u00ebnis\u00eb"}]},{"@type":"WebSite","@id":"https:\/\/tests.dnacenter.com\/kosove\/#website","url":"https:\/\/tests.dnacenter.com\/kosove\/","name":"DDC Kosove","description":"Emri m\u00eb i besuar n\u00eb testimin e ADN-s\u00eb","potentialAction":[{"@type":"SearchAction","target":{"@type":"EntryPoint","urlTemplate":"https:\/\/tests.dnacenter.com\/kosove\/?s={search_term_string}"},"query-input":{"@type":"PropertyValueSpecification","valueRequired":true,"valueName":"search_term_string"}}],"inLanguage":"en-US"}]}},"_links":{"self":[{"href":"https:\/\/tests.dnacenter.com\/kosove\/wp-json\/wp\/v2\/pages\/555","targetHints":{"allow":["GET"]}}],"collection":[{"href":"https:\/\/tests.dnacenter.com\/kosove\/wp-json\/wp\/v2\/pages"}],"about":[{"href":"https:\/\/tests.dnacenter.com\/kosove\/wp-json\/wp\/v2\/types\/page"}],"author":[{"embeddable":true,"href":"https:\/\/tests.dnacenter.com\/kosove\/wp-json\/wp\/v2\/users\/1"}],"replies":[{"embeddable":true,"href":"https:\/\/tests.dnacenter.com\/kosove\/wp-json\/wp\/v2\/comments?post=555"}],"version-history":[{"count":0,"href":"https:\/\/tests.dnacenter.com\/kosove\/wp-json\/wp\/v2\/pages\/555\/revisions"}],"wp:attachment":[{"href":"https:\/\/tests.dnacenter.com\/kosove\/wp-json\/wp\/v2\/media?parent=555"}],"curies":[{"name":"wp","href":"https:\/\/api.w.org\/{rel}","templated":true}]}}