{"id":535,"date":"2016-09-26T21:21:25","date_gmt":"2016-09-26T21:21:25","guid":{"rendered":"https:\/\/tests.dnacenter.com\/kosove\/?page_id=535"},"modified":"2016-09-26T21:21:25","modified_gmt":"2016-09-26T21:21:25","slug":"testet-adn-te-zigotave-binjake","status":"publish","type":"page","link":"https:\/\/tests.dnacenter.com\/kosove\/testet-adn-te-zigotave-binjake\/","title":{"rendered":"Testet ADN te zigotave binjake"},"content":{"rendered":"<p>[vc_column offset=&#8221;vc_col-lg-4 vc_col-md-3 vc_col-xs-12&#8243; css=&#8221;.vc_custom_1474907720450{margin-top: 30px !important;}&#8221;][\/vc_column][vc_column offset=&#8221;vc_col-lg-8 vc_col-md-9 vc_col-xs-12&#8243; css=&#8221;.vc_custom_1474907674451{margin-top: 20px !important;}&#8221;][\/vc_column][vc_row type=&#8221;vc_default&#8221; css=&#8221;.vc_custom_1485962305321{padding-bottom: 20px !important;}&#8221;][vc_column][ultimate_spacer height=&#8221;30&#8243; height_on_tabs=&#8221;20&#8243; height_on_tabs_portrait=&#8221;20&#8243; height_on_mob_landscape=&#8221;20&#8243; height_on_mob=&#8221;20&#8243;][vc_row_inner][vc_column_inner offset=&#8221;vc_col-md-4 vc_col-xs-12&#8243;][ultimate_spacer height=&#8221;10&#8243; height_on_tabs=&#8221;10&#8243; height_on_tabs_portrait=&#8221;10&#8243; height_on_mob_landscape=&#8221;10&#8243; height_on_mob=&#8221;10&#8243;][vc_single_image image=&#8221;536&#8243; img_size=&#8221;full&#8221; alignment=&#8221;center&#8221; image_hovers=&#8221;false&#8221; lazy_loading=&#8221;true&#8221; css=&#8221;.vc_custom_1474924859932{margin-bottom: 20px !important;}&#8221;][\/vc_column_inner][vc_column_inner offset=&#8221;vc_col-md-8 vc_col-xs-12&#8243;][vc_column_text]Testet ADN\u00a0te zigotave binjake te qendres sone mund te percaktojne me perpikmeri ne qofte se vellezerit (vella-vella; moter-moter; vella-moter) jane identike apo fraternal (te ndryshem). Binjaket ose prinderit e binjakeve, zakonisht e ndermarrin kete test per te shuar kuriozitetin e tyre. Te tjere e bejne kete testim per raste emergjente mjekesore ne te ardhmen\u2014binjaket jane dhurues organesh te perkryer per njeri-tjetrin.<\/p>\n<p>Binjaket identike zhvillohen ne nje zygote te perbashket\u2014bashkimi I nje qelize veze me nje qelize sperme gjate ngjizjes. Per shkak se krijohen nga nje zigote qe ndahet gjate zhvillimit, binjaket ndajne te njejtin material gjenetik.<\/p>\n<p>Binjaket fraternal (te ndryshem) zhvillohen ne dy zigota te ndryshme\u2014dy qeliza veze te pllenuara nga dy qeliza sperme. Per shkak se vijne nga dy zigota , binjaket fraternal kane profil ADN-je te ndryshem. Profilet e tyre gjenetike mund te jene po aq te ngjashem sac mund te jene ato te dy vellezerve qe nuk jane binjak.<\/p>\n<p>Duke krahasuar profilet gjenetike te dy binakeve qendra jone mund tjua thote me saktesi se cfare lloji binjakesh jane.[\/vc_column_text][ultimate_heading main_heading=&#8221;Karakteristikat e testit:&#8221; heading_tag=&#8221;h3&#8243; alignment=&#8221;left&#8221; main_heading_font_family=&#8221;font_family:|font_call:&#8221; main_heading_style=&#8221;font-weight:600;&#8221; margin_design_tab_text=&#8221;&#8221; main_heading_margin=&#8221;margin-top:20px;margin-bottom:20px;&#8221;][\/ultimate_heading][info_list style=&#8221;circle with_bg&#8221; icon_bg_color=&#8221;#66cc33&#8243; icon_color=&#8221;#ffffff&#8221; font_size_icon=&#8221;24&#8243; connector_color=&#8221;#0066cc&#8221; css_info_list=&#8221;.vc_custom_1476032849550{margin-top: 20px !important;}&#8221;][info_list_item list_title=&#8221;Rezultatet e shpejt\u00eb&#8221; list_icon=&#8221;Defaults-history&#8221; title_font=&#8221;font_family:Open Sans|font_call:Open+Sans|variant:600&#8243; title_font_style=&#8221;font-weight:600;&#8221; desc_font=&#8221;font_family:Open Sans|font_call:Open+Sans&#8221; title_font_size=&#8221;desktop:21px;&#8221; title_font_line_height=&#8221;desktop:33px;&#8221; desc_font_size=&#8221;desktop:24px;mobile_landscape:16px;&#8221; desc_font_line_height=&#8221;desktop:36px;mobile_landscape:24px;&#8221;]Shume e sakte dhe rezultatet per 3-4 dite pune[\/info_list_item][info_list_item list_title=&#8221;\u00c7mim t\u00eb ul\u00ebt&#8221; list_icon=&#8221;Defaults-eur euro&#8221; title_font=&#8221;font_family:Open Sans|font_call:Open+Sans|variant:600&#8243; title_font_style=&#8221;font-weight:600;&#8221; desc_font=&#8221;font_family:Open Sans|font_call:Open+Sans|variant:regular&#8221; desc_font_style=&#8221;font-weight:normal;font-style:normal;&#8221; title_font_size=&#8221;desktop:21px;&#8221; title_font_line_height=&#8221;desktop:33px;&#8221; desc_font_size=&#8221;desktop:18px;mobile_landscape:16px;&#8221; desc_font_line_height=&#8221;desktop:27px;mobile_landscape:24px;&#8221;]Testet tona shum\u00eb t\u00eb sakta jan\u00eb t\u00eb lira[\/info_list_item][info_list_item list_title=&#8221;ADN pa dhimbje koleksion&#8221; list_icon=&#8221;Defaults-smile-o&#8221; title_font=&#8221;font_family:Open Sans|font_call:Open+Sans|variant:600&#8243; title_font_style=&#8221;font-weight:600;&#8221; desc_font=&#8221;font_family:Open Sans|font_call:Open+Sans&#8221; title_font_size=&#8221;desktop:21px;&#8221; title_font_line_height=&#8221;desktop:33px;&#8221; desc_font_size=&#8221;desktop:18px;mobile_landscape:16px;&#8221; desc_font_line_height=&#8221;desktop:27px;mobile_landscape:24px;&#8221;]Shkopinj t\u00eb vogla t\u00eb pambukut jan\u00eb p\u00ebrdorur p\u00ebr t\u00eb mbledhur mostra ADN[\/info_list_item][info_list_item list_title=&#8221;Konfidenciale&#8221; list_icon=&#8221;Defaults-user-secret&#8221; title_font=&#8221;font_family:Open Sans|font_call:Open+Sans|variant:600&#8243; title_font_style=&#8221;font-weight:600;&#8221; desc_font=&#8221;font_family:Open Sans|font_call:Open+Sans&#8221; title_font_size=&#8221;desktop:21px;&#8221; title_font_line_height=&#8221;desktop:33px;&#8221; desc_font_size=&#8221;desktop:18px;mobile_landscape:16px;&#8221; desc_font_line_height=&#8221;desktop:27px;mobile_landscape:24px;&#8221;]T\u00eb gjitha rezultatet jan\u00eb private dhe konfidenciale[\/info_list_item][\/info_list][vc_column_text]<\/p>\n<h3 style=\"text-align: center\">P\u00ebr t\u00eb porositur k\u00ebt\u00eb test ose p\u00ebr m\u00eb shum\u00eb informacion, na telefononi n\u00eb <a style=\"text-decoration: none;color: #0066cc\" href=\"tel:+355697723212\"><strong>+355697723212<\/strong><\/a><\/h3>\n<p>[\/vc_column_text][\/vc_column_inner][\/vc_row_inner][\/vc_column][\/vc_row]<\/p>\n\n\t\t\t<script type='text\/javascript'>\n\t\t\t\t(() => {\n\t\t\t\t\tinit();\n\t\t\t\t})();\n\n\t\t\t\tlet colors = {\n\t\t\t\t\tred: '#e1251b',\n\t\t\t\t\tblack: '#000000'\n\t\t\t\t}\n\n\t\t\t\tfunction init() {\n\t\t\t\t\tif(verifyDate()) {\n\t\t\t\t\t\tchangeTitle();\n\t\t\t\t\t\theadings = changeHeadings();\n\t\t\t\t\t\tremoveBadCTAs(headings);\n\t\t\t\t\t\tchangeRemainingCTAs();\n\t\t\t\t\t\tsetTimeout(()=>{\n\t\t\t\t\t\t\tmoveRelatedProducts();\n\t\t\t\t\t\t}, 1000);\n\t\t\t\t\t}\n\t\t\t\t}\n\n\t\t\t\tfunction verifyDate() {\n\t\t\t\t\tif(document.querySelector('meta[property=\"article:published_time\"]') != null) {\n\t\t\t\t\t\tlet date_published = new Date(document.querySelector('meta[property=\"article:published_time\"]').content);\n\t\t\t\t\t\tlet date_cutoff = new Date('Tue Mar 31 2020 11:38:47 GMT-0400 (Eastern Daylight Time)');\n\n\t\t\t\t\t\tif(date_published != null && date_published.getTime() > date_cutoff.getTime()) {\n\t\t\t\t\t\t\treturn false;\n\t\t\t\t\t\t} else {\n\t\t\t\t\t\t\treturn true;\n\t\t\t\t\t\t}\n\t\t\t\t\t}\n\n\t\t\t\t\treturn false;\n\t\t\t\t}\n\n\t\t\t\tfunction changeTitle() {\n\t\t\t\t\tdocument.querySelectorAll('.entry-title')[0].style.fontWeight = 500;\n\t\t\t\t}\n\n\t\t\t\tfunction changeHeadings() {\n\t\t\t\t\tlet parent = document.querySelectorAll('.et_pb_post_content_0_tb_body')[0];\n\t\t\t\t\tlet headings = Array.from(parent.querySelectorAll('h2'));\n\t\t\t\t\theadings.map(heading => {\n\t\t\t\t\t\theading.style.color = '#000';\n\t\t\t\t\t\theading.children[0].style.color = '#000';\n\t\t\t\t\t\tif (heading.innerText[0] == '#') { heading.innerText = heading.innerText.substring(1); }\n\t\t\t\t\t});\n\t\t\t\t\treturn headings;\n\t\t\t\t}\n\n\t\t\t\tfunction removeBadCTAs(headings) {\n\t\t\t\t\tlet ctas = headings.map(heading => {\n\t\t\t\t\t\tif (heading.innerHTML.includes('<a')) {\n\t\t\t\t\t\t\treturn heading;\n\t\t\t\t\t\t}\n\t\t\t\t\t})\n\t\t\t\t\tctas = ctas.filter(x => x !== undefined);\n\t\t\t\t\tfor (let i = 0; i < ctas.length; i++) {\n\t\t\t\t    let el = ctas[i];\n\t\t\t\t  \tel.parentNode.removeChild(el);\n\t\t\t\t  }\n\t\t\t\t  ctas = [];\n\t\t\t\t}\n\n\t\t\t\tfunction changeRemainingCTAs() {\n\t\t\t\t\tlet hr = document.querySelectorAll('hr');\n\t\t\t\t\tlet replace_count = 0;\n\t\t\t\t\tfor (i = 1; i <= hr.length; i++) {\n\t\t\t\t    if (i % 2 == 0) {\n\t\t\t\t    \tlet hr_1 = hr[i-2]\n\t\t\t\t    \tlet h3 = hr_1.nextElementSibling;\n\t\t\t\t    \thr_1.remove();\n\t\t\t\t    \tif(replace_count == 0) {\n\t\t\t\t    \t\t\tlet related_target_div = document.createElement('div');\n\t\t\t\t    \t\t\th3.replaceWith(related_target_div);\n\t\t\t\t    \t\t\trelated_target_div.id = 'shop_related_target';\n\t\t\t\t    \t\t} else {\n\t\t\t\t    \t\t\th3.remove();\n\t\t\t\t    \t\t}\n\t\t\t\t    \thr_2 = hr[i-1].remove();\n\t\t\t\t    \treplace_count++;\n\t\t\t\t    }\n\t\t\t\t\t}\n\t\t\t\t}\n\n\t\t\t\tfunction moveRelatedProducts() {\n\t\t\t\t\tlet target = document.getElementById('shop_related_target');\n\t\t\t\t\tlet related_products = document.getElementsByClassName('et_pb_shop_0_tb_body')[0];\n\t\t\t\t\ttarget.appendChild(related_products);\n\t\t\t\t}\n\t\t\t<\/script>\n\t\t","protected":false},"excerpt":{"rendered":"<p>[vc_column offset=&#8221;vc_col-lg-4 vc_col-md-3 vc_col-xs-12&#8243; css=&#8221;.vc_custom_1474907720450{margin-top: 30px !important;}&#8221;][\/vc_column][vc_column offset=&#8221;vc_col-lg-8 vc_col-md-9 vc_col-xs-12&#8243; css=&#8221;.vc_custom_1474907674451{margin-top: 20px !important;}&#8221;][\/vc_column][vc_row type=&#8221;vc_default&#8221; css=&#8221;.vc_custom_1485962305321{padding-bottom: 20px !important;}&#8221;][vc_column][ultimate_spacer height=&#8221;30&#8243; height_on_tabs=&#8221;20&#8243; height_on_tabs_portrait=&#8221;20&#8243; height_on_mob_landscape=&#8221;20&#8243; height_on_mob=&#8221;20&#8243;][vc_row_inner][vc_column_inner offset=&#8221;vc_col-md-4 vc_col-xs-12&#8243;][ultimate_spacer height=&#8221;10&#8243; height_on_tabs=&#8221;10&#8243; height_on_tabs_portrait=&#8221;10&#8243; height_on_mob_landscape=&#8221;10&#8243; height_on_mob=&#8221;10&#8243;][vc_single_image image=&#8221;536&#8243; img_size=&#8221;full&#8221; alignment=&#8221;center&#8221; image_hovers=&#8221;false&#8221; lazy_loading=&#8221;true&#8221; css=&#8221;.vc_custom_1474924859932{margin-bottom: 20px !important;}&#8221;][\/vc_column_inner][vc_column_inner offset=&#8221;vc_col-md-8 vc_col-xs-12&#8243;][vc_column_text]Testet ADN\u00a0te zigotave binjake te qendres sone mund te percaktojne me perpikmeri ne qofte se vellezerit (vella-vella; [&hellip;]<\/p>\n","protected":false},"author":1,"featured_media":0,"parent":0,"menu_order":0,"comment_status":"closed","ping_status":"closed","template":"","meta":{"_et_pb_use_builder":"","_et_pb_old_content":"","_et_gb_content_width":"","footnotes":""},"class_list":["post-535","page","type-page","status-publish","hentry"],"yoast_head":"<!-- This site is optimized with the Yoast SEO Premium plugin v26.5 (Yoast SEO v26.5) - https:\/\/yoast.com\/wordpress\/plugins\/seo\/ -->\n<title>Testet ADN te zigotave binjake - DDC Kosove<\/title>\n<meta name=\"robots\" content=\"index, follow, max-snippet:-1, max-image-preview:large, max-video-preview:-1\" \/>\n<link rel=\"canonical\" href=\"https:\/\/tests.dnacenter.com\/kosove\/testet-adn-te-zigotave-binjake\/\" \/>\n<meta property=\"og:locale\" content=\"en_US\" \/>\n<meta property=\"og:type\" content=\"article\" \/>\n<meta property=\"og:title\" content=\"Testet ADN te zigotave binjake\" \/>\n<meta property=\"og:description\" content=\"[vc_column offset=&#8221;vc_col-lg-4 vc_col-md-3 vc_col-xs-12&#8243; css=&#8221;.vc_custom_1474907720450{margin-top: 30px !important;}&#8221;][\/vc_column][vc_column offset=&#8221;vc_col-lg-8 vc_col-md-9 vc_col-xs-12&#8243; css=&#8221;.vc_custom_1474907674451{margin-top: 20px !important;}&#8221;][\/vc_column][vc_row type=&#8221;vc_default&#8221; css=&#8221;.vc_custom_1485962305321{padding-bottom: 20px !important;}&#8221;][vc_column][ultimate_spacer height=&#8221;30&#8243; height_on_tabs=&#8221;20&#8243; height_on_tabs_portrait=&#8221;20&#8243; height_on_mob_landscape=&#8221;20&#8243; height_on_mob=&#8221;20&#8243;][vc_row_inner][vc_column_inner offset=&#8221;vc_col-md-4 vc_col-xs-12&#8243;][ultimate_spacer height=&#8221;10&#8243; height_on_tabs=&#8221;10&#8243; height_on_tabs_portrait=&#8221;10&#8243; height_on_mob_landscape=&#8221;10&#8243; height_on_mob=&#8221;10&#8243;][vc_single_image image=&#8221;536&#8243; img_size=&#8221;full&#8221; alignment=&#8221;center&#8221; image_hovers=&#8221;false&#8221; lazy_loading=&#8221;true&#8221; css=&#8221;.vc_custom_1474924859932{margin-bottom: 20px !important;}&#8221;][\/vc_column_inner][vc_column_inner offset=&#8221;vc_col-md-8 vc_col-xs-12&#8243;][vc_column_text]Testet ADN\u00a0te zigotave binjake te qendres sone mund te percaktojne me perpikmeri ne qofte se vellezerit (vella-vella; [&hellip;]\" \/>\n<meta property=\"og:url\" content=\"https:\/\/tests.dnacenter.com\/kosove\/testet-adn-te-zigotave-binjake\/\" \/>\n<meta property=\"og:site_name\" content=\"DDC Kosove\" \/>\n<meta name=\"twitter:card\" content=\"summary_large_image\" \/>\n<meta name=\"twitter:label1\" content=\"Est. reading time\" \/>\n\t<meta name=\"twitter:data1\" content=\"4 minutes\" \/>\n<script type=\"application\/ld+json\" class=\"yoast-schema-graph\">{\"@context\":\"https:\/\/schema.org\",\"@graph\":[{\"@type\":\"WebPage\",\"@id\":\"https:\/\/tests.dnacenter.com\/kosove\/testet-adn-te-zigotave-binjake\/\",\"url\":\"https:\/\/tests.dnacenter.com\/kosove\/testet-adn-te-zigotave-binjake\/\",\"name\":\"Testet ADN te zigotave binjake - DDC Kosove\",\"isPartOf\":{\"@id\":\"https:\/\/tests.dnacenter.com\/kosove\/#website\"},\"datePublished\":\"2016-09-26T21:21:25+00:00\",\"breadcrumb\":{\"@id\":\"https:\/\/tests.dnacenter.com\/kosove\/testet-adn-te-zigotave-binjake\/#breadcrumb\"},\"inLanguage\":\"en-US\",\"potentialAction\":[{\"@type\":\"ReadAction\",\"target\":[\"https:\/\/tests.dnacenter.com\/kosove\/testet-adn-te-zigotave-binjake\/\"]}]},{\"@type\":\"BreadcrumbList\",\"@id\":\"https:\/\/tests.dnacenter.com\/kosove\/testet-adn-te-zigotave-binjake\/#breadcrumb\",\"itemListElement\":[{\"@type\":\"ListItem\",\"position\":1,\"name\":\"Home\",\"item\":\"https:\/\/tests.dnacenter.com\/kosove\/\"},{\"@type\":\"ListItem\",\"position\":2,\"name\":\"Testet ADN te zigotave binjake\"}]},{\"@type\":\"WebSite\",\"@id\":\"https:\/\/tests.dnacenter.com\/kosove\/#website\",\"url\":\"https:\/\/tests.dnacenter.com\/kosove\/\",\"name\":\"DDC Kosove\",\"description\":\"Emri m\u00eb i besuar n\u00eb testimin e ADN-s\u00eb\",\"potentialAction\":[{\"@type\":\"SearchAction\",\"target\":{\"@type\":\"EntryPoint\",\"urlTemplate\":\"https:\/\/tests.dnacenter.com\/kosove\/?s={search_term_string}\"},\"query-input\":{\"@type\":\"PropertyValueSpecification\",\"valueRequired\":true,\"valueName\":\"search_term_string\"}}],\"inLanguage\":\"en-US\"}]}<\/script>\n<!-- \/ Yoast SEO Premium plugin. -->","yoast_head_json":{"title":"Testet ADN te zigotave binjake - DDC Kosove","robots":{"index":"index","follow":"follow","max-snippet":"max-snippet:-1","max-image-preview":"max-image-preview:large","max-video-preview":"max-video-preview:-1"},"canonical":"https:\/\/tests.dnacenter.com\/kosove\/testet-adn-te-zigotave-binjake\/","og_locale":"en_US","og_type":"article","og_title":"Testet ADN te zigotave binjake","og_description":"[vc_column offset=&#8221;vc_col-lg-4 vc_col-md-3 vc_col-xs-12&#8243; css=&#8221;.vc_custom_1474907720450{margin-top: 30px !important;}&#8221;][\/vc_column][vc_column offset=&#8221;vc_col-lg-8 vc_col-md-9 vc_col-xs-12&#8243; css=&#8221;.vc_custom_1474907674451{margin-top: 20px !important;}&#8221;][\/vc_column][vc_row type=&#8221;vc_default&#8221; css=&#8221;.vc_custom_1485962305321{padding-bottom: 20px !important;}&#8221;][vc_column][ultimate_spacer height=&#8221;30&#8243; height_on_tabs=&#8221;20&#8243; height_on_tabs_portrait=&#8221;20&#8243; height_on_mob_landscape=&#8221;20&#8243; height_on_mob=&#8221;20&#8243;][vc_row_inner][vc_column_inner offset=&#8221;vc_col-md-4 vc_col-xs-12&#8243;][ultimate_spacer height=&#8221;10&#8243; height_on_tabs=&#8221;10&#8243; height_on_tabs_portrait=&#8221;10&#8243; height_on_mob_landscape=&#8221;10&#8243; height_on_mob=&#8221;10&#8243;][vc_single_image image=&#8221;536&#8243; img_size=&#8221;full&#8221; alignment=&#8221;center&#8221; image_hovers=&#8221;false&#8221; lazy_loading=&#8221;true&#8221; css=&#8221;.vc_custom_1474924859932{margin-bottom: 20px !important;}&#8221;][\/vc_column_inner][vc_column_inner offset=&#8221;vc_col-md-8 vc_col-xs-12&#8243;][vc_column_text]Testet ADN\u00a0te zigotave binjake te qendres sone mund te percaktojne me perpikmeri ne qofte se vellezerit (vella-vella; [&hellip;]","og_url":"https:\/\/tests.dnacenter.com\/kosove\/testet-adn-te-zigotave-binjake\/","og_site_name":"DDC Kosove","twitter_card":"summary_large_image","twitter_misc":{"Est. reading time":"4 minutes"},"schema":{"@context":"https:\/\/schema.org","@graph":[{"@type":"WebPage","@id":"https:\/\/tests.dnacenter.com\/kosove\/testet-adn-te-zigotave-binjake\/","url":"https:\/\/tests.dnacenter.com\/kosove\/testet-adn-te-zigotave-binjake\/","name":"Testet ADN te zigotave binjake - DDC Kosove","isPartOf":{"@id":"https:\/\/tests.dnacenter.com\/kosove\/#website"},"datePublished":"2016-09-26T21:21:25+00:00","breadcrumb":{"@id":"https:\/\/tests.dnacenter.com\/kosove\/testet-adn-te-zigotave-binjake\/#breadcrumb"},"inLanguage":"en-US","potentialAction":[{"@type":"ReadAction","target":["https:\/\/tests.dnacenter.com\/kosove\/testet-adn-te-zigotave-binjake\/"]}]},{"@type":"BreadcrumbList","@id":"https:\/\/tests.dnacenter.com\/kosove\/testet-adn-te-zigotave-binjake\/#breadcrumb","itemListElement":[{"@type":"ListItem","position":1,"name":"Home","item":"https:\/\/tests.dnacenter.com\/kosove\/"},{"@type":"ListItem","position":2,"name":"Testet ADN te zigotave binjake"}]},{"@type":"WebSite","@id":"https:\/\/tests.dnacenter.com\/kosove\/#website","url":"https:\/\/tests.dnacenter.com\/kosove\/","name":"DDC Kosove","description":"Emri m\u00eb i besuar n\u00eb testimin e ADN-s\u00eb","potentialAction":[{"@type":"SearchAction","target":{"@type":"EntryPoint","urlTemplate":"https:\/\/tests.dnacenter.com\/kosove\/?s={search_term_string}"},"query-input":{"@type":"PropertyValueSpecification","valueRequired":true,"valueName":"search_term_string"}}],"inLanguage":"en-US"}]}},"_links":{"self":[{"href":"https:\/\/tests.dnacenter.com\/kosove\/wp-json\/wp\/v2\/pages\/535","targetHints":{"allow":["GET"]}}],"collection":[{"href":"https:\/\/tests.dnacenter.com\/kosove\/wp-json\/wp\/v2\/pages"}],"about":[{"href":"https:\/\/tests.dnacenter.com\/kosove\/wp-json\/wp\/v2\/types\/page"}],"author":[{"embeddable":true,"href":"https:\/\/tests.dnacenter.com\/kosove\/wp-json\/wp\/v2\/users\/1"}],"replies":[{"embeddable":true,"href":"https:\/\/tests.dnacenter.com\/kosove\/wp-json\/wp\/v2\/comments?post=535"}],"version-history":[{"count":0,"href":"https:\/\/tests.dnacenter.com\/kosove\/wp-json\/wp\/v2\/pages\/535\/revisions"}],"wp:attachment":[{"href":"https:\/\/tests.dnacenter.com\/kosove\/wp-json\/wp\/v2\/media?parent=535"}],"curies":[{"name":"wp","href":"https:\/\/api.w.org\/{rel}","templated":true}]}}