{"id":651,"date":"2016-09-27T18:48:53","date_gmt":"2016-09-27T18:48:53","guid":{"rendered":"https:\/\/tests.dnacenter.com\/hrvatska\/?page_id=651"},"modified":"2016-09-27T18:48:53","modified_gmt":"2016-09-27T18:48:53","slug":"cesto-postavljana-pitanja","status":"publish","type":"page","link":"https:\/\/tests.dnacenter.com\/hrvatska\/o-ddc\/cesto-postavljana-pitanja\/","title":{"rendered":"\u010cesto postavljana pitanja"},"content":{"rendered":"<p>[vc_row type=&#8221;vc_default&#8221; css=&#8221;.vc_custom_1484061998900{padding-bottom: 20px !important;}&#8221;][vc_column width=&#8221;1\/6&#8243; offset=&#8221;vc_hidden-sm vc_hidden-xs&#8221;][\/vc_column][vc_column width=&#8221;2\/3&#8243; css=&#8221;.vc_custom_1475004885570{margin-top: 30px !important;margin-bottom: 20px !important;}&#8221;][vc_toggle title=&#8221;Koliko je DNK testiranje to\u010dno?&#8221; el_id=&#8221;1475002350446-9925beba-fffb&#8221;]<\/p>\n<blockquote>\n<ul>\n<li>DNK testiranje provedeno od strane DNA Diagnostics Centre je 100% to\u010dno.<\/li>\n<li>Iz znanstvene perspektive DNK testiranje pru\u017ea to\u010dnost rezultata vi\u0161u od 99% \u010dime se potvr\u0111uje da biolo\u0161ka veza postoji.<\/li>\n<li>Iz znanstvene perspektive DNK testiranje pru\u017ea to\u010dnost rezultata od 100% \u010dime se potvr\u0111uje da biolo\u0161ka veza ne postoji<\/li>\n<\/ul>\n<\/blockquote>\n<p>[\/vc_toggle][ultimate_spacer height=&#8221;30&#8243; height_on_tabs=&#8221;20&#8243; height_on_tabs_portrait=&#8221;20&#8243; height_on_mob_landscape=&#8221;20&#8243; height_on_mob=&#8221;20&#8243;][vc_toggle title=&#8221;Tko treba dati pristanak za test o\u010dinstva?&#8221; el_id=&#8221;1475002404299-06a14f80-5b3d&#8221;]<\/p>\n<blockquote>\n<ul>\n<li>Za DNK testiranje potreban je pristanak pojedinca.<\/li>\n<li>Ako je pojedinac dijete (mla\u0111e od 18 godina), osoba\/roditelj odgovoran za dijete mora dati pristanak<\/li>\n<\/ul>\n<\/blockquote>\n<p>[\/vc_toggle][ultimate_spacer height=&#8221;30&#8243; height_on_tabs=&#8221;20&#8243; height_on_tabs_portrait=&#8221;20&#8243; height_on_mob_landscape=&#8221;20&#8243; height_on_mob=&#8221;20&#8243;][vc_toggle title=&#8221;Koliko dugo se \u010dekaju rezultati testiranja?&#8221; el_id=&#8221;1475002442596-81b0f657-33f8&#8243;]<\/p>\n<blockquote><p>Rezultati testiranja su gotovi za otprilike tjedan dana od dana zaprimanja uzoraka u laboratorij. Rezultati se dobivaju u obliku izvje\u0161\u0107a iz kojega se jasno vidi dali postoji biolo\u0161ka povezanosti ili ne.<\/p><\/blockquote>\n<p>[\/vc_toggle][ultimate_spacer height=&#8221;30&#8243; height_on_tabs=&#8221;20&#8243; height_on_tabs_portrait=&#8221;20&#8243; height_on_mob_landscape=&#8221;20&#8243; height_on_mob=&#8221;20&#8243;][vc_toggle title=&#8221;Dali trebam dati uzorak krvi za DNK testiranje?&#8221; el_id=&#8221;1475002504494-abb43191-56d7&#8243;]<\/p>\n<blockquote><p>Ne. DNK se mo\u017ee na\u0107i u slini sa unutarnje strane obraza, koja se uzima vatiranim \u0161tapi\u0107em.<\/p><\/blockquote>\n<p>[\/vc_toggle][ultimate_spacer height=&#8221;30&#8243; height_on_tabs=&#8221;20&#8243; height_on_tabs_portrait=&#8221;20&#8243; height_on_mob_landscape=&#8221;20&#8243; height_on_mob=&#8221;20&#8243;][vc_toggle title=&#8221;Kako znam dali sam dobro uzeo uzorke?&#8221; el_id=&#8221;1475002580783-eb40b4cb-f7b2&#8243;]<\/p>\n<blockquote><p>Nema brige oko toga dali ste pogrije\u0161ili. Nama je bitno da je dovoljno stanica sakupljeno za testiranje. Dokle god su uzeti uzorci sakupljeni od prave osobe i to\u010dno ozna\u010deni, nema nikakve mogu\u0107nosti koje bi mogle utjecati na DNK testiranje.<\/p><\/blockquote>\n<p>[\/vc_toggle][ultimate_spacer height=&#8221;30&#8243; height_on_tabs=&#8221;20&#8243; height_on_tabs_portrait=&#8221;20&#8243; height_on_mob_landscape=&#8221;20&#8243; height_on_mob=&#8221;20&#8243;][vc_toggle title=&#8221;Dali majka djeteta mora biti testirana kako bi se dobili to\u010dni rezultati?&#8221; el_id=&#8221;1475002620209-b85b9841-9ad0&#8243;]<\/p>\n<blockquote><p>Mi podr\u017eavamo DNK testiranje koje uklju\u010duje i sudjelovanje majke radi dobivanja bitnih geneti\u010dkih informacija koji uvelike omogu\u0107uje brzo i jednostavno analiziranje. Ukoliko majka ne mo\u017ee biti prisutna i dalje se mo\u017ee izvr\u0161iti testiranje o\u010dinstva sa.<\/p><\/blockquote>\n<p>[\/vc_toggle][ultimate_spacer height=&#8221;30&#8243; height_on_tabs=&#8221;20&#8243; height_on_tabs_portrait=&#8221;20&#8243; height_on_mob_landscape=&#8221;20&#8243; height_on_mob=&#8221;20&#8243;][vc_toggle title=&#8221;Kada i kako pla\u0107am?&#8221; el_id=&#8221;1475003102963-d2ebf464-041c&#8221;]<\/p>\n<blockquote><p>Pla\u0107ate dolaskom u ustanovu i to gotovinom, karticom (mogu\u0107nost obro\u010dnog pla\u0107anja) ili virmanom ukoliko Vam je set za uzimanje uzoraka poslan po\u0161tom.<\/p><\/blockquote>\n<p>[\/vc_toggle][ultimate_spacer height=&#8221;30&#8243; height_on_tabs=&#8221;20&#8243; height_on_tabs_portrait=&#8221;20&#8243; height_on_mob_landscape=&#8221;20&#8243; height_on_mob=&#8221;20&#8243;][vc_toggle title=&#8221;Dali postoji mogu\u0107nost da uzorke uzmem u Hrvatskoj i nekoj drugoj zemlji i onda ih po\u0161aljem na testiranje?&#8221; el_id=&#8221;1475003176621-ef045994-9137&#8243;]<\/p>\n<blockquote><p>Da, postoji ta mogu\u0107nost. Naravno u tom slu\u010daju molimo Vas da uzorke sa istim serijskim brojem po\u0161aljete k nama sa obje lokacije.<\/p><\/blockquote>\n<p>[\/vc_toggle][ultimate_spacer height=&#8221;30&#8243; height_on_tabs=&#8221;20&#8243; height_on_tabs_portrait=&#8221;20&#8243; height_on_mob_landscape=&#8221;20&#8243; height_on_mob=&#8221;20&#8243;][vc_toggle title=&#8221;Dali je uzimanje DNK bezbolno?&#8221; el_id=&#8221;1475003225374-88fb8e36-c28b&#8221;]<\/p>\n<blockquote><p>DA. Set za uzimanje uzoraka sadr\u017ei vatirane \u0161tapi\u0107e, kojima trljate po unutarnjem dijelu obraza. Unutarnji dio obraza sadr\u017ei DNK. Nikakve igle nisu uklju\u010dene: procedura je bezbolna i ne-invazivna.<\/p><\/blockquote>\n<p>[\/vc_toggle][ultimate_spacer height=&#8221;30&#8243; height_on_tabs=&#8221;20&#8243; height_on_tabs_portrait=&#8221;20&#8243; height_on_mob_landscape=&#8221;20&#8243; height_on_mob=&#8221;20&#8243;][vc_toggle title=&#8221;Dali je razlika u to\u010dnosti nalaza ukoliko se ne koristi krv?&#8221; el_id=&#8221;1475003140648-ff15c4bb-b4d4&#8243;]<\/p>\n<blockquote><p>Apsolutno ne. DNK u va\u0161em obrazu ili korijenu kose je identi\u010dan kao i u va\u0161oj krvi. Nema nikakve razlike u to\u010dnosti DNK testiranja iz kojeg god uzorka se testira.<\/p><\/blockquote>\n<p>[\/vc_toggle][ultimate_spacer height=&#8221;30&#8243; height_on_tabs=&#8221;20&#8243; height_on_tabs_portrait=&#8221;20&#8243; height_on_mob_landscape=&#8221;20&#8243; height_on_mob=&#8221;20&#8243;][vc_toggle title=&#8221;Koliko dugo vrijedi DNK uzorak nakon uzimanja?&#8221; el_id=&#8221;1475003689821-35395e15-b2bf&#8221;]<\/p>\n<blockquote><p>Dokle god se \u0161tapi\u0107 sa uzorkom DNK osu\u0161i, nema nikakvog problema. Iako nema garancije da \u0107e uzorak biti valjan, ne postoji rok valjanosti uzorka. Ako se uzorku ne dopusti da se osu\u0161i, plijesan \u0107e se uhvatiti za \u0161tapi\u0107e i uni\u0161titi uzorak.<\/p><\/blockquote>\n<p>[\/vc_toggle][ultimate_spacer height=&#8221;30&#8243; height_on_tabs=&#8221;20&#8243; height_on_tabs_portrait=&#8221;20&#8243; height_on_mob_landscape=&#8221;20&#8243; height_on_mob=&#8221;20&#8243;][vc_toggle title=&#8221;Kakve su mogu\u0107nosti testiranja ako je osoba preminula, nestala ili nedostupna?&#8221; el_id=&#8221;1475003733353-4af7cc44-5da6&#8243;]<\/p>\n<blockquote><p>Nekoliko je opcija mogu\u0107e. Kod osobe koja je preminula, patolog je mo\u017eda tijekom obavljanja obdukcije spremio odr\u017eiv DNK. Tako\u0111er je mogu\u0107e da je neposredno prije smrti uzorak uzet na analizu od djelatnika bolnice ili laboratorija.<\/p><\/blockquote>\n<p>Ukoliko nema uzorka, \u010dlanovi familije (roditelji, blizanci ili djeca pokojnoga) mogu dati vlastiti DNK uzorak za nekoliko tipova DNK testiranja.<\/p>\n<p>[\/vc_toggle][ultimate_spacer height=&#8221;30&#8243; height_on_tabs=&#8221;20&#8243; height_on_tabs_portrait=&#8221;20&#8243; height_on_mob_landscape=&#8221;20&#8243; height_on_mob=&#8221;20&#8243;][vc_toggle title=&#8221;Kako DNK testiranje mo\u017ee koristiti kod oporuke ili nasljedstva?&#8221; el_id=&#8221;1475003768440-79633e63-5237&#8243;]<\/p>\n<blockquote><p>Ukoliko se u pitanje dovodi nasljedstvo ili oporuka, a treba utvrditi biolo\u0161ku povezanost \u010dlanova obitelji, tako\u0111er se mo\u017ee u\u010diniti DNK testiranje. Kod ovakvih slu\u010dajeva uglavnom se radi DNK testiranje genetske rekonstrukcije, djed\/baka &#8211; unuk\/unuka, blizanaca, kako bi se utvrdilo biolo\u0161ko srodstvo.<\/p><\/blockquote>\n<p>[\/vc_toggle][ultimate_spacer height=&#8221;30&#8243; height_on_tabs=&#8221;20&#8243; height_on_tabs_portrait=&#8221;20&#8243; height_on_mob_landscape=&#8221;20&#8243; height_on_mob=&#8221;20&#8243;][\/vc_column][vc_column width=&#8221;1\/6&#8243;][\/vc_column][\/vc_row]<\/p>\n\n\t\t\t<script type='text\/javascript'>\n\t\t\t\t(() => {\n\t\t\t\t\tinit();\n\t\t\t\t})();\n\n\t\t\t\tlet colors = {\n\t\t\t\t\tred: '#e1251b',\n\t\t\t\t\tblack: '#000000'\n\t\t\t\t}\n\n\t\t\t\tfunction init() {\n\t\t\t\t\tif(verifyDate()) {\n\t\t\t\t\t\tchangeTitle();\n\t\t\t\t\t\theadings = changeHeadings();\n\t\t\t\t\t\tremoveBadCTAs(headings);\n\t\t\t\t\t\tchangeRemainingCTAs();\n\t\t\t\t\t\tsetTimeout(()=>{\n\t\t\t\t\t\t\tmoveRelatedProducts();\n\t\t\t\t\t\t}, 1000);\n\t\t\t\t\t}\n\t\t\t\t}\n\n\t\t\t\tfunction verifyDate() {\n\t\t\t\t\tif(document.querySelector('meta[property=\"article:published_time\"]') != null) {\n\t\t\t\t\t\tlet date_published = new Date(document.querySelector('meta[property=\"article:published_time\"]').content);\n\t\t\t\t\t\tlet date_cutoff = new Date('Tue Mar 31 2020 11:38:47 GMT-0400 (Eastern Daylight Time)');\n\n\t\t\t\t\t\tif(date_published != null && date_published.getTime() > date_cutoff.getTime()) {\n\t\t\t\t\t\t\treturn false;\n\t\t\t\t\t\t} else {\n\t\t\t\t\t\t\treturn true;\n\t\t\t\t\t\t}\n\t\t\t\t\t}\n\n\t\t\t\t\treturn false;\n\t\t\t\t}\n\n\t\t\t\tfunction changeTitle() {\n\t\t\t\t\tdocument.querySelectorAll('.entry-title')[0].style.fontWeight = 500;\n\t\t\t\t}\n\n\t\t\t\tfunction changeHeadings() {\n\t\t\t\t\tlet parent = document.querySelectorAll('.et_pb_post_content_0_tb_body')[0];\n\t\t\t\t\tlet headings = Array.from(parent.querySelectorAll('h2'));\n\t\t\t\t\theadings.map(heading => {\n\t\t\t\t\t\theading.style.color = '#000';\n\t\t\t\t\t\theading.children[0].style.color = '#000';\n\t\t\t\t\t\tif (heading.innerText[0] == '#') { heading.innerText = heading.innerText.substring(1); }\n\t\t\t\t\t});\n\t\t\t\t\treturn headings;\n\t\t\t\t}\n\n\t\t\t\tfunction removeBadCTAs(headings) {\n\t\t\t\t\tlet ctas = headings.map(heading => {\n\t\t\t\t\t\tif (heading.innerHTML.includes('<a')) {\n\t\t\t\t\t\t\treturn heading;\n\t\t\t\t\t\t}\n\t\t\t\t\t})\n\t\t\t\t\tctas = ctas.filter(x => x !== undefined);\n\t\t\t\t\tfor (let i = 0; i < ctas.length; i++) {\n\t\t\t\t    let el = ctas[i];\n\t\t\t\t  \tel.parentNode.removeChild(el);\n\t\t\t\t  }\n\t\t\t\t  ctas = [];\n\t\t\t\t}\n\n\t\t\t\tfunction changeRemainingCTAs() {\n\t\t\t\t\tlet hr = document.querySelectorAll('hr');\n\t\t\t\t\tlet replace_count = 0;\n\t\t\t\t\tfor (i = 1; i <= hr.length; i++) {\n\t\t\t\t    if (i % 2 == 0) {\n\t\t\t\t    \tlet hr_1 = hr[i-2]\n\t\t\t\t    \tlet h3 = hr_1.nextElementSibling;\n\t\t\t\t    \thr_1.remove();\n\t\t\t\t    \tif(replace_count == 0) {\n\t\t\t\t    \t\t\tlet related_target_div = document.createElement('div');\n\t\t\t\t    \t\t\th3.replaceWith(related_target_div);\n\t\t\t\t    \t\t\trelated_target_div.id = 'shop_related_target';\n\t\t\t\t    \t\t} else {\n\t\t\t\t    \t\t\th3.remove();\n\t\t\t\t    \t\t}\n\t\t\t\t    \thr_2 = hr[i-1].remove();\n\t\t\t\t    \treplace_count++;\n\t\t\t\t    }\n\t\t\t\t\t}\n\t\t\t\t}\n\n\t\t\t\tfunction moveRelatedProducts() {\n\t\t\t\t\tlet target = document.getElementById('shop_related_target');\n\t\t\t\t\tlet related_products = document.getElementsByClassName('et_pb_shop_0_tb_body')[0];\n\t\t\t\t\ttarget.appendChild(related_products);\n\t\t\t\t}\n\t\t\t<\/script>\n\t\t","protected":false},"excerpt":{"rendered":"<p>[vc_row type=&#8221;vc_default&#8221; css=&#8221;.vc_custom_1484061998900{padding-bottom: 20px !important;}&#8221;][vc_column width=&#8221;1\/6&#8243; offset=&#8221;vc_hidden-sm vc_hidden-xs&#8221;][\/vc_column][vc_column width=&#8221;2\/3&#8243; css=&#8221;.vc_custom_1475004885570{margin-top: 30px !important;margin-bottom: 20px !important;}&#8221;][vc_toggle title=&#8221;Koliko je DNK testiranje to\u010dno?&#8221; el_id=&#8221;1475002350446-9925beba-fffb&#8221;] DNK testiranje provedeno od strane DNA Diagnostics Centre je 100% to\u010dno. Iz znanstvene perspektive DNK testiranje pru\u017ea to\u010dnost rezultata vi\u0161u od 99% \u010dime se potvr\u0111uje da biolo\u0161ka veza postoji. Iz znanstvene perspektive DNK testiranje pru\u017ea [&hellip;]<\/p>\n","protected":false},"author":1,"featured_media":0,"parent":393,"menu_order":0,"comment_status":"closed","ping_status":"closed","template":"","meta":{"_et_pb_use_builder":"","_et_pb_old_content":"","_et_gb_content_width":"","footnotes":""},"class_list":["post-651","page","type-page","status-publish","hentry"],"yoast_head":"<!-- This site is optimized with the Yoast SEO Premium plugin v26.5 (Yoast SEO v26.5) - https:\/\/yoast.com\/wordpress\/plugins\/seo\/ -->\n<title>\u010cesto postavljana pitanja - DDC Hrvatska<\/title>\n<meta name=\"robots\" content=\"index, follow, max-snippet:-1, max-image-preview:large, max-video-preview:-1\" \/>\n<link rel=\"canonical\" href=\"https:\/\/tests.dnacenter.com\/hrvatska\/o-ddc\/cesto-postavljana-pitanja\/\" \/>\n<meta property=\"og:locale\" content=\"en_US\" \/>\n<meta property=\"og:type\" content=\"article\" \/>\n<meta property=\"og:title\" content=\"\u010cesto postavljana pitanja\" \/>\n<meta property=\"og:description\" content=\"[vc_row type=&#8221;vc_default&#8221; css=&#8221;.vc_custom_1484061998900{padding-bottom: 20px !important;}&#8221;][vc_column width=&#8221;1\/6&#8243; offset=&#8221;vc_hidden-sm vc_hidden-xs&#8221;][\/vc_column][vc_column width=&#8221;2\/3&#8243; css=&#8221;.vc_custom_1475004885570{margin-top: 30px !important;margin-bottom: 20px !important;}&#8221;][vc_toggle title=&#8221;Koliko je DNK testiranje to\u010dno?&#8221; el_id=&#8221;1475002350446-9925beba-fffb&#8221;] DNK testiranje provedeno od strane DNA Diagnostics Centre je 100% to\u010dno. Iz znanstvene perspektive DNK testiranje pru\u017ea to\u010dnost rezultata vi\u0161u od 99% \u010dime se potvr\u0111uje da biolo\u0161ka veza postoji. Iz znanstvene perspektive DNK testiranje pru\u017ea [&hellip;]\" \/>\n<meta property=\"og:url\" content=\"https:\/\/tests.dnacenter.com\/hrvatska\/o-ddc\/cesto-postavljana-pitanja\/\" \/>\n<meta property=\"og:site_name\" content=\"DDC Hrvatska\" \/>\n<meta name=\"twitter:card\" content=\"summary_large_image\" \/>\n<meta name=\"twitter:label1\" content=\"Est. reading time\" \/>\n\t<meta name=\"twitter:data1\" content=\"5 minutes\" \/>\n<script type=\"application\/ld+json\" class=\"yoast-schema-graph\">{\"@context\":\"https:\/\/schema.org\",\"@graph\":[{\"@type\":\"WebPage\",\"@id\":\"https:\/\/tests.dnacenter.com\/hrvatska\/o-ddc\/cesto-postavljana-pitanja\/\",\"url\":\"https:\/\/tests.dnacenter.com\/hrvatska\/o-ddc\/cesto-postavljana-pitanja\/\",\"name\":\"\u010cesto postavljana pitanja - DDC Hrvatska\",\"isPartOf\":{\"@id\":\"https:\/\/tests.dnacenter.com\/hrvatska\/#website\"},\"datePublished\":\"2016-09-27T18:48:53+00:00\",\"breadcrumb\":{\"@id\":\"https:\/\/tests.dnacenter.com\/hrvatska\/o-ddc\/cesto-postavljana-pitanja\/#breadcrumb\"},\"inLanguage\":\"en-US\",\"potentialAction\":[{\"@type\":\"ReadAction\",\"target\":[\"https:\/\/tests.dnacenter.com\/hrvatska\/o-ddc\/cesto-postavljana-pitanja\/\"]}]},{\"@type\":\"BreadcrumbList\",\"@id\":\"https:\/\/tests.dnacenter.com\/hrvatska\/o-ddc\/cesto-postavljana-pitanja\/#breadcrumb\",\"itemListElement\":[{\"@type\":\"ListItem\",\"position\":1,\"name\":\"Home\",\"item\":\"https:\/\/tests.dnacenter.com\/hrvatska\/\"},{\"@type\":\"ListItem\",\"position\":2,\"name\":\"O DDC\",\"item\":\"https:\/\/tests.dnacenter.com\/hrvatska\/o-ddc\/\"},{\"@type\":\"ListItem\",\"position\":3,\"name\":\"\u010cesto postavljana pitanja\"}]},{\"@type\":\"WebSite\",\"@id\":\"https:\/\/tests.dnacenter.com\/hrvatska\/#website\",\"url\":\"https:\/\/tests.dnacenter.com\/hrvatska\/\",\"name\":\"DDC Hrvatska\",\"description\":\"Najbolj zaupanja vreden imena v DNK testiranje\",\"potentialAction\":[{\"@type\":\"SearchAction\",\"target\":{\"@type\":\"EntryPoint\",\"urlTemplate\":\"https:\/\/tests.dnacenter.com\/hrvatska\/?s={search_term_string}\"},\"query-input\":{\"@type\":\"PropertyValueSpecification\",\"valueRequired\":true,\"valueName\":\"search_term_string\"}}],\"inLanguage\":\"en-US\"}]}<\/script>\n<!-- \/ Yoast SEO Premium plugin. -->","yoast_head_json":{"title":"\u010cesto postavljana pitanja - DDC Hrvatska","robots":{"index":"index","follow":"follow","max-snippet":"max-snippet:-1","max-image-preview":"max-image-preview:large","max-video-preview":"max-video-preview:-1"},"canonical":"https:\/\/tests.dnacenter.com\/hrvatska\/o-ddc\/cesto-postavljana-pitanja\/","og_locale":"en_US","og_type":"article","og_title":"\u010cesto postavljana pitanja","og_description":"[vc_row type=&#8221;vc_default&#8221; css=&#8221;.vc_custom_1484061998900{padding-bottom: 20px !important;}&#8221;][vc_column width=&#8221;1\/6&#8243; offset=&#8221;vc_hidden-sm vc_hidden-xs&#8221;][\/vc_column][vc_column width=&#8221;2\/3&#8243; css=&#8221;.vc_custom_1475004885570{margin-top: 30px !important;margin-bottom: 20px !important;}&#8221;][vc_toggle title=&#8221;Koliko je DNK testiranje to\u010dno?&#8221; el_id=&#8221;1475002350446-9925beba-fffb&#8221;] DNK testiranje provedeno od strane DNA Diagnostics Centre je 100% to\u010dno. Iz znanstvene perspektive DNK testiranje pru\u017ea to\u010dnost rezultata vi\u0161u od 99% \u010dime se potvr\u0111uje da biolo\u0161ka veza postoji. Iz znanstvene perspektive DNK testiranje pru\u017ea [&hellip;]","og_url":"https:\/\/tests.dnacenter.com\/hrvatska\/o-ddc\/cesto-postavljana-pitanja\/","og_site_name":"DDC Hrvatska","twitter_card":"summary_large_image","twitter_misc":{"Est. reading time":"5 minutes"},"schema":{"@context":"https:\/\/schema.org","@graph":[{"@type":"WebPage","@id":"https:\/\/tests.dnacenter.com\/hrvatska\/o-ddc\/cesto-postavljana-pitanja\/","url":"https:\/\/tests.dnacenter.com\/hrvatska\/o-ddc\/cesto-postavljana-pitanja\/","name":"\u010cesto postavljana pitanja - DDC Hrvatska","isPartOf":{"@id":"https:\/\/tests.dnacenter.com\/hrvatska\/#website"},"datePublished":"2016-09-27T18:48:53+00:00","breadcrumb":{"@id":"https:\/\/tests.dnacenter.com\/hrvatska\/o-ddc\/cesto-postavljana-pitanja\/#breadcrumb"},"inLanguage":"en-US","potentialAction":[{"@type":"ReadAction","target":["https:\/\/tests.dnacenter.com\/hrvatska\/o-ddc\/cesto-postavljana-pitanja\/"]}]},{"@type":"BreadcrumbList","@id":"https:\/\/tests.dnacenter.com\/hrvatska\/o-ddc\/cesto-postavljana-pitanja\/#breadcrumb","itemListElement":[{"@type":"ListItem","position":1,"name":"Home","item":"https:\/\/tests.dnacenter.com\/hrvatska\/"},{"@type":"ListItem","position":2,"name":"O DDC","item":"https:\/\/tests.dnacenter.com\/hrvatska\/o-ddc\/"},{"@type":"ListItem","position":3,"name":"\u010cesto postavljana pitanja"}]},{"@type":"WebSite","@id":"https:\/\/tests.dnacenter.com\/hrvatska\/#website","url":"https:\/\/tests.dnacenter.com\/hrvatska\/","name":"DDC Hrvatska","description":"Najbolj zaupanja vreden imena v DNK testiranje","potentialAction":[{"@type":"SearchAction","target":{"@type":"EntryPoint","urlTemplate":"https:\/\/tests.dnacenter.com\/hrvatska\/?s={search_term_string}"},"query-input":{"@type":"PropertyValueSpecification","valueRequired":true,"valueName":"search_term_string"}}],"inLanguage":"en-US"}]}},"_links":{"self":[{"href":"https:\/\/tests.dnacenter.com\/hrvatska\/wp-json\/wp\/v2\/pages\/651","targetHints":{"allow":["GET"]}}],"collection":[{"href":"https:\/\/tests.dnacenter.com\/hrvatska\/wp-json\/wp\/v2\/pages"}],"about":[{"href":"https:\/\/tests.dnacenter.com\/hrvatska\/wp-json\/wp\/v2\/types\/page"}],"author":[{"embeddable":true,"href":"https:\/\/tests.dnacenter.com\/hrvatska\/wp-json\/wp\/v2\/users\/1"}],"replies":[{"embeddable":true,"href":"https:\/\/tests.dnacenter.com\/hrvatska\/wp-json\/wp\/v2\/comments?post=651"}],"version-history":[{"count":0,"href":"https:\/\/tests.dnacenter.com\/hrvatska\/wp-json\/wp\/v2\/pages\/651\/revisions"}],"up":[{"embeddable":true,"href":"https:\/\/tests.dnacenter.com\/hrvatska\/wp-json\/wp\/v2\/pages\/393"}],"wp:attachment":[{"href":"https:\/\/tests.dnacenter.com\/hrvatska\/wp-json\/wp\/v2\/media?parent=651"}],"curies":[{"name":"wp","href":"https:\/\/api.w.org\/{rel}","templated":true}]}}