{"id":550,"date":"2016-09-27T00:44:56","date_gmt":"2016-09-27T00:44:56","guid":{"rendered":"https:\/\/tests.dnacenter.com\/benin\/?page_id=550"},"modified":"2016-09-27T00:44:56","modified_gmt":"2016-09-27T00:44:56","slug":"test-chromosome-y","status":"publish","type":"page","link":"https:\/\/tests.dnacenter.com\/benin\/test-chromosome-y\/","title":{"rendered":"Test du chromosome Y"},"content":{"rendered":"<p>[vc_row][vc_column][ultimate_spacer height=&#8221;30&#8243; height_on_tabs=&#8221;20&#8243; height_on_tabs_portrait=&#8221;20&#8243; height_on_mob_landscape=&#8221;20&#8243; height_on_mob=&#8221;20&#8243;][\/vc_column][\/vc_row][vc_row type=&#8221;vc_default&#8221; css=&#8221;.vc_custom_1482950587470{padding-bottom: 20px !important;}&#8221;][vc_column offset=&#8221;vc_col-lg-4 vc_col-md-3 vc_col-xs-12&#8243; css=&#8221;.vc_custom_1474907720450{margin-top: 30px !important;}&#8221;][ultimate_spacer height=&#8221;10&#8243; height_on_tabs=&#8221;10&#8243; height_on_tabs_portrait=&#8221;10&#8243; height_on_mob_landscape=&#8221;10&#8243; height_on_mob=&#8221;10&#8243;][vc_single_image image=&#8221;551&#8243; img_size=&#8221;full&#8221; alignment=&#8221;center&#8221; image_hovers=&#8221;false&#8221; lazy_loading=&#8221;true&#8221; css=&#8221;.vc_custom_1474936848389{margin-bottom: 20px !important;}&#8221;][\/vc_column][vc_column offset=&#8221;vc_col-lg-8 vc_col-md-9 vc_col-xs-12&#8243; css=&#8221;.vc_custom_1474907674451{margin-top: 20px !important;}&#8221;][vc_row_inner][vc_column_inner][vc_column_text]Le test ADN du chromosome Y chez DDC est r\u00e9alis\u00e9 afin de d\u00e9terminer si deux m\u00e2les ou plus sont biologiquement apparent\u00e9s du c\u00f4t\u00e9 paternel (c\u00f4t\u00e9 du p\u00e8re de la famille). Ce test compare directement l\u2019ADN m\u00e2le avec l\u2019ADN d\u2019un autre homme pour v\u00e9rifier s\u2019ils sont apparent\u00e9s via le c\u00f4t\u00e9 paternel. Ceci est contrast\u00e9 \u00e0 la lign\u00e9e paternelle d\u00e9terminant votre haplogroupe ancestral bas\u00e9 sur votre propre ADN.<\/p>\n<p>Le test de comparaison de chromosomes Y peut \u00eatre utilis\u00e9 pour v\u00e9rifier les relations familiales quand le p\u00e8re pr\u00e9sum\u00e9 d\u2019un m\u00e2le est indisponible pour un test de paternit\u00e9 et que les autres tests ADN de relations ne peuvent pas \u00eatre appliqu\u00e9s \u00e0 cette situation.<\/p>\n<p>Un fils h\u00e9rite du chromosome Y de son p\u00e8re et le chromosome ne subit pas ou peu de changement durant cet h\u00e9ritage. Parce ce fait, les chromosomes Y des m\u00e2les peuvent \u00eatre en profil et compar\u00e9s pour v\u00e9rifier si les individus sont biologiquement apparent\u00e9s du c\u00f4t\u00e9 de la famille du p\u00e8re. Les m\u00e2les qui sont biologiquement apparent\u00e9s auront pratiquement des profils identiques de chromosomes Y. Les m\u00e2les qui ne sont pas apparent\u00e9s auront leurs propres profils de chromosomes Y.<\/p>\n<p>Veuillez noter que bien que les chromosomes Y d\u00e9terminent si les m\u00e2les sont apparent\u00e9s paternellement, ceux-ci ne peuvent pas d\u00e9terminer la nature de la relation \u2013 qu&#8217;ils s\u2019agissent de p\u00e8re\/fils, oncle\/neveu, grand-p\u00e8re\/petit-fils, etc.[\/vc_column_text][\/vc_column_inner][\/vc_row_inner][ultimate_heading main_heading=&#8221;Avantages de ce test:&#8221; heading_tag=&#8221;h3&#8243; alignment=&#8221;left&#8221; main_heading_font_family=&#8221;font_family:|font_call:&#8221; main_heading_style=&#8221;font-weight:600;&#8221; main_heading_margin=&#8221;margin-top:20px;margin-bottom:20px;&#8221; margin_design_tab_text=&#8221;&#8221;][\/ultimate_heading][info_list style=&#8221;circle with_bg&#8221; icon_bg_color=&#8221;#66cc33&#8243; icon_color=&#8221;#ffffff&#8221; font_size_icon=&#8221;24&#8243; connector_color=&#8221;#0066cc&#8221;][info_list_item list_title=&#8221;R\u00e9sultats rapides&#8221; list_icon=&#8221;Defaults-history&#8221; title_font=&#8221;font_family:Open Sans|font_call:Open+Sans|variant:600&#8243; title_font_style=&#8221;font-weight:600;&#8221; desc_font=&#8221;font_family:Open Sans|font_call:Open+Sans&#8221; title_font_size=&#8221;desktop:21px;&#8221; title_font_line_height=&#8221;desktop:33px;&#8221; desc_font_size=&#8221;desktop:24px;mobile_landscape:16px;&#8221; desc_font_line_height=&#8221;desktop:36px;mobile_landscape:24px;&#8221;]R\u00e9sultats pr\u00e9cis de tests de 5 \u00e0 7 ouvrables[\/info_list_item][info_list_item list_title=&#8221;Bas prix&#8221; list_icon=&#8221;Defaults-eur euro&#8221; title_font=&#8221;font_family:Open Sans|font_call:Open+Sans|variant:600&#8243; title_font_style=&#8221;font-weight:600;&#8221; desc_font=&#8221;font_family:Open Sans|font_call:Open+Sans|variant:regular&#8221; desc_font_style=&#8221;font-weight:normal;font-style:normal;&#8221; title_font_size=&#8221;desktop:21px;&#8221; title_font_line_height=&#8221;desktop:33px;&#8221; desc_font_size=&#8221;desktop:18px;mobile_landscape:16px;&#8221; desc_font_line_height=&#8221;desktop:27px;mobile_landscape:24px;&#8221;]Nos tests sont tr\u00e8s pr\u00e9cis et peu co\u00fbteux[\/info_list_item][info_list_item list_title=&#8221;Pr\u00e9l\u00e8vement sans douleur&#8221; list_icon=&#8221;Defaults-smile-o&#8221; title_font=&#8221;font_family:Open Sans|font_call:Open+Sans|variant:600&#8243; title_font_style=&#8221;font-weight:600;&#8221; desc_font=&#8221;font_family:Open Sans|font_call:Open+Sans&#8221; title_font_size=&#8221;desktop:21px;&#8221; title_font_line_height=&#8221;desktop:33px;&#8221; desc_font_size=&#8221;desktop:18px;mobile_landscape:16px;&#8221; desc_font_line_height=&#8221;desktop:27px;mobile_landscape:24px;&#8221;]Frottement buccal (int\u00e9rieur de la joue) effectu\u00e9 pour recueillir l\u2019\u00e9chantillon d\u2019ADN[\/info_list_item][info_list_item list_title=&#8221;Confidentiel&#8221; list_icon=&#8221;Defaults-user-secret&#8221; title_font=&#8221;font_family:Open Sans|font_call:Open+Sans|variant:600&#8243; title_font_style=&#8221;font-weight:600;&#8221; desc_font=&#8221;font_family:Open Sans|font_call:Open+Sans&#8221; title_font_size=&#8221;desktop:21px;&#8221; title_font_line_height=&#8221;desktop:33px;&#8221; desc_font_size=&#8221;desktop:18px;mobile_landscape:16px;&#8221; desc_font_line_height=&#8221;desktop:27px;mobile_landscape:24px;&#8221;]Tous les r\u00e9sultats des tests sont priv\u00e9s et confidentiels[\/info_list_item][\/info_list][vc_row_inner][vc_column_inner width=&#8221;1\/6&#8243; offset=&#8221;vc_hidden-xs&#8221;][\/vc_column_inner][vc_column_inner width=&#8221;2\/3&#8243; offset=&#8221;vc_col-xs-12&#8243;][ultimate_pricing design_style=&#8221;design03&#8243; color_scheme=&#8221;custom&#8221; color_bg_main=&#8221;#004e8e&#8221; color_txt_main=&#8221;#ffffff&#8221; color_bg_highlight=&#8221;#5ab1fc&#8221; color_txt_highlight=&#8221;#ffffff&#8221; package_heading=&#8221;Prix du test&#8221; package_price=&#8221;170\u20ac&#8221; package_btn_text=&#8221;Commander&#8221; package_link=&#8221;url:https%3A%2F%2Ftests.dnacenter.com%2Fbenin%2Fformulaire-de-commande-de-test-adn%2F||&#8221;][\/ultimate_pricing][\/vc_column_inner][vc_column_inner width=&#8221;1\/6&#8243; offset=&#8221;vc_hidden-xs&#8221;][\/vc_column_inner][\/vc_row_inner][vc_column_text]<\/p>\n<h3 style=\"text-align: center\">Si vous avez des questions ou souhaitez commander ce test, s\u2019il vous pla\u00eet <strong>nous contacter au <\/strong> (<a style=\"text-decoration: none;color: #0066cc\" href=\"tel:(+229) 68 38 54 05\"><strong>+229) 68 38 54 05<\/strong><\/a><\/h3>\n<p>[\/vc_column_text][\/vc_column][\/vc_row]<\/p>\n\n\t\t\t<script type='text\/javascript'>\n\t\t\t\t(() => {\n\t\t\t\t\tinit();\n\t\t\t\t})();\n\n\t\t\t\tlet colors = {\n\t\t\t\t\tred: '#e1251b',\n\t\t\t\t\tblack: '#000000'\n\t\t\t\t}\n\n\t\t\t\tfunction init() {\n\t\t\t\t\tif(verifyDate()) {\n\t\t\t\t\t\tchangeTitle();\n\t\t\t\t\t\theadings = changeHeadings();\n\t\t\t\t\t\tremoveBadCTAs(headings);\n\t\t\t\t\t\tchangeRemainingCTAs();\n\t\t\t\t\t\tsetTimeout(()=>{\n\t\t\t\t\t\t\tmoveRelatedProducts();\n\t\t\t\t\t\t}, 1000);\n\t\t\t\t\t}\n\t\t\t\t}\n\n\t\t\t\tfunction verifyDate() {\n\t\t\t\t\tif(document.querySelector('meta[property=\"article:published_time\"]') != null) {\n\t\t\t\t\t\tlet date_published = new Date(document.querySelector('meta[property=\"article:published_time\"]').content);\n\t\t\t\t\t\tlet date_cutoff = new Date('Tue Mar 31 2020 11:38:47 GMT-0400 (Eastern Daylight Time)');\n\n\t\t\t\t\t\tif(date_published != null && date_published.getTime() > date_cutoff.getTime()) {\n\t\t\t\t\t\t\treturn false;\n\t\t\t\t\t\t} else {\n\t\t\t\t\t\t\treturn true;\n\t\t\t\t\t\t}\n\t\t\t\t\t}\n\n\t\t\t\t\treturn false;\n\t\t\t\t}\n\n\t\t\t\tfunction changeTitle() {\n\t\t\t\t\tdocument.querySelectorAll('.entry-title')[0].style.fontWeight = 500;\n\t\t\t\t}\n\n\t\t\t\tfunction changeHeadings() {\n\t\t\t\t\tlet parent = document.querySelectorAll('.et_pb_post_content_0_tb_body')[0];\n\t\t\t\t\tlet headings = Array.from(parent.querySelectorAll('h2'));\n\t\t\t\t\theadings.map(heading => {\n\t\t\t\t\t\theading.style.color = '#000';\n\t\t\t\t\t\theading.children[0].style.color = '#000';\n\t\t\t\t\t\tif (heading.innerText[0] == '#') { heading.innerText = heading.innerText.substring(1); }\n\t\t\t\t\t});\n\t\t\t\t\treturn headings;\n\t\t\t\t}\n\n\t\t\t\tfunction removeBadCTAs(headings) {\n\t\t\t\t\tlet ctas = headings.map(heading => {\n\t\t\t\t\t\tif (heading.innerHTML.includes('<a')) {\n\t\t\t\t\t\t\treturn heading;\n\t\t\t\t\t\t}\n\t\t\t\t\t})\n\t\t\t\t\tctas = ctas.filter(x => x !== undefined);\n\t\t\t\t\tfor (let i = 0; i < ctas.length; i++) {\n\t\t\t\t    let el = ctas[i];\n\t\t\t\t  \tel.parentNode.removeChild(el);\n\t\t\t\t  }\n\t\t\t\t  ctas = [];\n\t\t\t\t}\n\n\t\t\t\tfunction changeRemainingCTAs() {\n\t\t\t\t\tlet hr = document.querySelectorAll('hr');\n\t\t\t\t\tlet replace_count = 0;\n\t\t\t\t\tfor (i = 1; i <= hr.length; i++) {\n\t\t\t\t    if (i % 2 == 0) {\n\t\t\t\t    \tlet hr_1 = hr[i-2]\n\t\t\t\t    \tlet h3 = hr_1.nextElementSibling;\n\t\t\t\t    \thr_1.remove();\n\t\t\t\t    \tif(replace_count == 0) {\n\t\t\t\t    \t\t\tlet related_target_div = document.createElement('div');\n\t\t\t\t    \t\t\th3.replaceWith(related_target_div);\n\t\t\t\t    \t\t\trelated_target_div.id = 'shop_related_target';\n\t\t\t\t    \t\t} else {\n\t\t\t\t    \t\t\th3.remove();\n\t\t\t\t    \t\t}\n\t\t\t\t    \thr_2 = hr[i-1].remove();\n\t\t\t\t    \treplace_count++;\n\t\t\t\t    }\n\t\t\t\t\t}\n\t\t\t\t}\n\n\t\t\t\tfunction moveRelatedProducts() {\n\t\t\t\t\tlet target = document.getElementById('shop_related_target');\n\t\t\t\t\tlet related_products = document.getElementsByClassName('et_pb_shop_0_tb_body')[0];\n\t\t\t\t\ttarget.appendChild(related_products);\n\t\t\t\t}\n\t\t\t<\/script>\n\t\t","protected":false},"excerpt":{"rendered":"<p>[vc_row][vc_column][ultimate_spacer height=&#8221;30&#8243; height_on_tabs=&#8221;20&#8243; height_on_tabs_portrait=&#8221;20&#8243; height_on_mob_landscape=&#8221;20&#8243; height_on_mob=&#8221;20&#8243;][\/vc_column][\/vc_row][vc_row type=&#8221;vc_default&#8221; css=&#8221;.vc_custom_1482950587470{padding-bottom: 20px !important;}&#8221;][vc_column offset=&#8221;vc_col-lg-4 vc_col-md-3 vc_col-xs-12&#8243; css=&#8221;.vc_custom_1474907720450{margin-top: 30px !important;}&#8221;][ultimate_spacer height=&#8221;10&#8243; height_on_tabs=&#8221;10&#8243; height_on_tabs_portrait=&#8221;10&#8243; height_on_mob_landscape=&#8221;10&#8243; height_on_mob=&#8221;10&#8243;][vc_single_image image=&#8221;551&#8243; img_size=&#8221;full&#8221; alignment=&#8221;center&#8221; image_hovers=&#8221;false&#8221; lazy_loading=&#8221;true&#8221; css=&#8221;.vc_custom_1474936848389{margin-bottom: 20px !important;}&#8221;][\/vc_column][vc_column offset=&#8221;vc_col-lg-8 vc_col-md-9 vc_col-xs-12&#8243; css=&#8221;.vc_custom_1474907674451{margin-top: 20px !important;}&#8221;][vc_row_inner][vc_column_inner][vc_column_text]Le test ADN du chromosome Y chez DDC est r\u00e9alis\u00e9 afin de d\u00e9terminer si deux m\u00e2les ou plus sont biologiquement apparent\u00e9s [&hellip;]<\/p>\n","protected":false},"author":1,"featured_media":0,"parent":0,"menu_order":0,"comment_status":"closed","ping_status":"closed","template":"","meta":{"_et_pb_use_builder":"","_et_pb_old_content":"","_et_gb_content_width":"","footnotes":""},"class_list":["post-550","page","type-page","status-publish","hentry"],"yoast_head":"<!-- This site is optimized with the Yoast SEO Premium plugin v26.5 (Yoast SEO v26.5) - https:\/\/yoast.com\/wordpress\/plugins\/seo\/ -->\n<title>Test du chromosome Y - DDC Benin<\/title>\n<meta name=\"robots\" content=\"index, follow, max-snippet:-1, max-image-preview:large, max-video-preview:-1\" \/>\n<link rel=\"canonical\" href=\"https:\/\/tests.dnacenter.com\/benin\/test-chromosome-y\/\" \/>\n<meta property=\"og:locale\" content=\"en_US\" \/>\n<meta property=\"og:type\" content=\"article\" \/>\n<meta property=\"og:title\" content=\"Test du chromosome Y\" \/>\n<meta property=\"og:description\" content=\"[vc_row][vc_column][ultimate_spacer height=&#8221;30&#8243; height_on_tabs=&#8221;20&#8243; height_on_tabs_portrait=&#8221;20&#8243; height_on_mob_landscape=&#8221;20&#8243; height_on_mob=&#8221;20&#8243;][\/vc_column][\/vc_row][vc_row type=&#8221;vc_default&#8221; css=&#8221;.vc_custom_1482950587470{padding-bottom: 20px !important;}&#8221;][vc_column offset=&#8221;vc_col-lg-4 vc_col-md-3 vc_col-xs-12&#8243; css=&#8221;.vc_custom_1474907720450{margin-top: 30px !important;}&#8221;][ultimate_spacer height=&#8221;10&#8243; height_on_tabs=&#8221;10&#8243; height_on_tabs_portrait=&#8221;10&#8243; height_on_mob_landscape=&#8221;10&#8243; height_on_mob=&#8221;10&#8243;][vc_single_image image=&#8221;551&#8243; img_size=&#8221;full&#8221; alignment=&#8221;center&#8221; image_hovers=&#8221;false&#8221; lazy_loading=&#8221;true&#8221; css=&#8221;.vc_custom_1474936848389{margin-bottom: 20px !important;}&#8221;][\/vc_column][vc_column offset=&#8221;vc_col-lg-8 vc_col-md-9 vc_col-xs-12&#8243; css=&#8221;.vc_custom_1474907674451{margin-top: 20px !important;}&#8221;][vc_row_inner][vc_column_inner][vc_column_text]Le test ADN du chromosome Y chez DDC est r\u00e9alis\u00e9 afin de d\u00e9terminer si deux m\u00e2les ou plus sont biologiquement apparent\u00e9s [&hellip;]\" \/>\n<meta property=\"og:url\" content=\"https:\/\/tests.dnacenter.com\/benin\/test-chromosome-y\/\" \/>\n<meta property=\"og:site_name\" content=\"DDC Benin\" \/>\n<meta name=\"twitter:card\" content=\"summary_large_image\" \/>\n<meta name=\"twitter:label1\" content=\"Est. reading time\" \/>\n\t<meta name=\"twitter:data1\" content=\"4 minutes\" \/>\n<script type=\"application\/ld+json\" class=\"yoast-schema-graph\">{\"@context\":\"https:\/\/schema.org\",\"@graph\":[{\"@type\":\"WebPage\",\"@id\":\"https:\/\/tests.dnacenter.com\/benin\/test-chromosome-y\/\",\"url\":\"https:\/\/tests.dnacenter.com\/benin\/test-chromosome-y\/\",\"name\":\"Test du chromosome Y - DDC Benin\",\"isPartOf\":{\"@id\":\"https:\/\/tests.dnacenter.com\/benin\/#website\"},\"datePublished\":\"2016-09-27T00:44:56+00:00\",\"breadcrumb\":{\"@id\":\"https:\/\/tests.dnacenter.com\/benin\/test-chromosome-y\/#breadcrumb\"},\"inLanguage\":\"en-US\",\"potentialAction\":[{\"@type\":\"ReadAction\",\"target\":[\"https:\/\/tests.dnacenter.com\/benin\/test-chromosome-y\/\"]}]},{\"@type\":\"BreadcrumbList\",\"@id\":\"https:\/\/tests.dnacenter.com\/benin\/test-chromosome-y\/#breadcrumb\",\"itemListElement\":[{\"@type\":\"ListItem\",\"position\":1,\"name\":\"Home\",\"item\":\"https:\/\/tests.dnacenter.com\/benin\/\"},{\"@type\":\"ListItem\",\"position\":2,\"name\":\"Test du chromosome Y\"}]},{\"@type\":\"WebSite\",\"@id\":\"https:\/\/tests.dnacenter.com\/benin\/#website\",\"url\":\"https:\/\/tests.dnacenter.com\/benin\/\",\"name\":\"DDC Benin\",\"description\":\"Just another DDC Sites site\",\"potentialAction\":[{\"@type\":\"SearchAction\",\"target\":{\"@type\":\"EntryPoint\",\"urlTemplate\":\"https:\/\/tests.dnacenter.com\/benin\/?s={search_term_string}\"},\"query-input\":{\"@type\":\"PropertyValueSpecification\",\"valueRequired\":true,\"valueName\":\"search_term_string\"}}],\"inLanguage\":\"en-US\"}]}<\/script>\n<!-- \/ Yoast SEO Premium plugin. -->","yoast_head_json":{"title":"Test du chromosome Y - DDC Benin","robots":{"index":"index","follow":"follow","max-snippet":"max-snippet:-1","max-image-preview":"max-image-preview:large","max-video-preview":"max-video-preview:-1"},"canonical":"https:\/\/tests.dnacenter.com\/benin\/test-chromosome-y\/","og_locale":"en_US","og_type":"article","og_title":"Test du chromosome Y","og_description":"[vc_row][vc_column][ultimate_spacer height=&#8221;30&#8243; height_on_tabs=&#8221;20&#8243; height_on_tabs_portrait=&#8221;20&#8243; height_on_mob_landscape=&#8221;20&#8243; height_on_mob=&#8221;20&#8243;][\/vc_column][\/vc_row][vc_row type=&#8221;vc_default&#8221; css=&#8221;.vc_custom_1482950587470{padding-bottom: 20px !important;}&#8221;][vc_column offset=&#8221;vc_col-lg-4 vc_col-md-3 vc_col-xs-12&#8243; css=&#8221;.vc_custom_1474907720450{margin-top: 30px !important;}&#8221;][ultimate_spacer height=&#8221;10&#8243; height_on_tabs=&#8221;10&#8243; height_on_tabs_portrait=&#8221;10&#8243; height_on_mob_landscape=&#8221;10&#8243; height_on_mob=&#8221;10&#8243;][vc_single_image image=&#8221;551&#8243; img_size=&#8221;full&#8221; alignment=&#8221;center&#8221; image_hovers=&#8221;false&#8221; lazy_loading=&#8221;true&#8221; css=&#8221;.vc_custom_1474936848389{margin-bottom: 20px !important;}&#8221;][\/vc_column][vc_column offset=&#8221;vc_col-lg-8 vc_col-md-9 vc_col-xs-12&#8243; css=&#8221;.vc_custom_1474907674451{margin-top: 20px !important;}&#8221;][vc_row_inner][vc_column_inner][vc_column_text]Le test ADN du chromosome Y chez DDC est r\u00e9alis\u00e9 afin de d\u00e9terminer si deux m\u00e2les ou plus sont biologiquement apparent\u00e9s [&hellip;]","og_url":"https:\/\/tests.dnacenter.com\/benin\/test-chromosome-y\/","og_site_name":"DDC Benin","twitter_card":"summary_large_image","twitter_misc":{"Est. reading time":"4 minutes"},"schema":{"@context":"https:\/\/schema.org","@graph":[{"@type":"WebPage","@id":"https:\/\/tests.dnacenter.com\/benin\/test-chromosome-y\/","url":"https:\/\/tests.dnacenter.com\/benin\/test-chromosome-y\/","name":"Test du chromosome Y - DDC Benin","isPartOf":{"@id":"https:\/\/tests.dnacenter.com\/benin\/#website"},"datePublished":"2016-09-27T00:44:56+00:00","breadcrumb":{"@id":"https:\/\/tests.dnacenter.com\/benin\/test-chromosome-y\/#breadcrumb"},"inLanguage":"en-US","potentialAction":[{"@type":"ReadAction","target":["https:\/\/tests.dnacenter.com\/benin\/test-chromosome-y\/"]}]},{"@type":"BreadcrumbList","@id":"https:\/\/tests.dnacenter.com\/benin\/test-chromosome-y\/#breadcrumb","itemListElement":[{"@type":"ListItem","position":1,"name":"Home","item":"https:\/\/tests.dnacenter.com\/benin\/"},{"@type":"ListItem","position":2,"name":"Test du chromosome Y"}]},{"@type":"WebSite","@id":"https:\/\/tests.dnacenter.com\/benin\/#website","url":"https:\/\/tests.dnacenter.com\/benin\/","name":"DDC Benin","description":"Just another DDC Sites site","potentialAction":[{"@type":"SearchAction","target":{"@type":"EntryPoint","urlTemplate":"https:\/\/tests.dnacenter.com\/benin\/?s={search_term_string}"},"query-input":{"@type":"PropertyValueSpecification","valueRequired":true,"valueName":"search_term_string"}}],"inLanguage":"en-US"}]}},"_links":{"self":[{"href":"https:\/\/tests.dnacenter.com\/benin\/wp-json\/wp\/v2\/pages\/550","targetHints":{"allow":["GET"]}}],"collection":[{"href":"https:\/\/tests.dnacenter.com\/benin\/wp-json\/wp\/v2\/pages"}],"about":[{"href":"https:\/\/tests.dnacenter.com\/benin\/wp-json\/wp\/v2\/types\/page"}],"author":[{"embeddable":true,"href":"https:\/\/tests.dnacenter.com\/benin\/wp-json\/wp\/v2\/users\/1"}],"replies":[{"embeddable":true,"href":"https:\/\/tests.dnacenter.com\/benin\/wp-json\/wp\/v2\/comments?post=550"}],"version-history":[{"count":0,"href":"https:\/\/tests.dnacenter.com\/benin\/wp-json\/wp\/v2\/pages\/550\/revisions"}],"wp:attachment":[{"href":"https:\/\/tests.dnacenter.com\/benin\/wp-json\/wp\/v2\/media?parent=550"}],"curies":[{"name":"wp","href":"https:\/\/api.w.org\/{rel}","templated":true}]}}