{"id":503,"date":"2016-09-26T19:18:04","date_gmt":"2016-09-26T19:18:04","guid":{"rendered":"https:\/\/tests.dnacenter.com\/benin\/?page_id=503"},"modified":"2016-09-26T19:18:04","modified_gmt":"2016-09-26T19:18:04","slug":"test-adn-paternite","status":"publish","type":"page","link":"https:\/\/tests.dnacenter.com\/benin\/test-adn-paternite\/","title":{"rendered":"Test ADN de paternit\u00e9"},"content":{"rendered":"<p>[vc_row][vc_column][ultimate_spacer height=&#8221;30&#8243; height_on_tabs=&#8221;20&#8243; height_on_tabs_portrait=&#8221;20&#8243; height_on_mob_landscape=&#8221;20&#8243; height_on_mob=&#8221;20&#8243;][\/vc_column][\/vc_row][vc_row type=&#8221;vc_default&#8221; css=&#8221;.vc_custom_1482943314104{padding-bottom: 20px !important;}&#8221;][vc_column offset=&#8221;vc_col-lg-4 vc_col-md-3 vc_col-xs-12&#8243; css=&#8221;.vc_custom_1474907720450{margin-top: 30px !important;}&#8221;][ultimate_spacer height=&#8221;10&#8243; height_on_tabs=&#8221;10&#8243; height_on_tabs_portrait=&#8221;10&#8243; height_on_mob_landscape=&#8221;10&#8243; height_on_mob=&#8221;10&#8243;][vc_single_image image=&#8221;508&#8243; img_size=&#8221;full&#8221; alignment=&#8221;center&#8221; image_hovers=&#8221;false&#8221; lazy_loading=&#8221;true&#8221; css=&#8221;.vc_custom_1474920663631{margin-bottom: 20px !important;}&#8221;][\/vc_column][vc_column offset=&#8221;vc_col-lg-8 vc_col-md-9 vc_col-xs-12&#8243; css=&#8221;.vc_custom_1474907674451{margin-top: 20px !important;}&#8221;][vc_row_inner][vc_column_inner][vc_column_text]Un test ADN de paternit\u00e9 compare le profil ADN d\u2019un enfant avec celui d\u2019un p\u00e8re pr\u00e9sum\u00e9. Puisqu\u2019un enfant h\u00e9rite de la moiti\u00e9 de l\u2019ADN de chaque parent biologique, cette comparaison indique si l\u2019enfant pourrait avoir h\u00e9rit\u00e9 de l\u2019ADN du p\u00e8re pr\u00e9sum\u00e9. Quand les personnes test\u00e9es sont biologiquement apparent\u00e9es comme parent et enfant, leurs profils ADN montrent des mod\u00e8les pr\u00e9visibles de l\u2019h\u00e9ritage g\u00e9n\u00e9tique.<\/p>\n<p>Le test de paternit\u00e9 \u00e0 domicile (test ADN effectu\u00e9 chez soi) est pr\u00e9lev\u00e9 par soi-m\u00eame. Nous faisons parvenir un kit de pr\u00e9l\u00e8vements \u00e0 l\u2019adresse des parties voulant \u00eatre test\u00e9s afin que les \u00e9chantillons buccaux utilis\u00e9s pour collecter l\u2019ADN. Par la nature de cette m\u00e9thode de pr\u00e9l\u00e8vement, les r\u00e9sultats ne sont pas l\u00e9galement d\u00e9fendables.<\/p>\n<p><strong>NOTE:<\/strong> Les r\u00e9sultats de ce type de test d\u2019ADN de paternit\u00e9 ne sont pas juridiquement d\u00e9fendable.[\/vc_column_text][\/vc_column_inner][\/vc_row_inner][ultimate_heading main_heading=&#8221;Avantages de ce test:&#8221; heading_tag=&#8221;h3&#8243; alignment=&#8221;left&#8221; main_heading_font_family=&#8221;font_family:|font_call:&#8221; main_heading_style=&#8221;font-weight:600;&#8221; main_heading_margin=&#8221;margin-top:20px;margin-bottom:20px;&#8221;][\/ultimate_heading][info_list style=&#8221;circle with_bg&#8221; icon_bg_color=&#8221;#66cc33&#8243; icon_color=&#8221;#ffffff&#8221; font_size_icon=&#8221;24&#8243; connector_color=&#8221;#0066cc&#8221;][info_list_item list_title=&#8221;R\u00e9sultats rapides&#8221; list_icon=&#8221;Defaults-history&#8221; title_font=&#8221;font_family:Open Sans|font_call:Open+Sans|variant:600&#8243; title_font_style=&#8221;font-weight:600;&#8221; desc_font=&#8221;font_family:Open Sans|font_call:Open+Sans&#8221; title_font_size=&#8221;desktop:21px;&#8221; title_font_line_height=&#8221;desktop:33px;&#8221; desc_font_size=&#8221;desktop:24px;mobile_landscape:16px;&#8221; desc_font_line_height=&#8221;desktop:36px;mobile_landscape:24px;&#8221;]Les r\u00e9sultats pr\u00e9cis de test fournis en 4 jours ouvrables[\/info_list_item][info_list_item list_title=&#8221;Bas prix&#8221; list_icon=&#8221;Defaults-eur euro&#8221; title_font=&#8221;font_family:Open Sans|font_call:Open+Sans|variant:600&#8243; title_font_style=&#8221;font-weight:600;&#8221; desc_font=&#8221;font_family:Open Sans|font_call:Open+Sans|variant:regular&#8221; desc_font_style=&#8221;font-weight:normal;font-style:normal;&#8221; title_font_size=&#8221;desktop:21px;&#8221; title_font_line_height=&#8221;desktop:33px;&#8221; desc_font_size=&#8221;desktop:18px;mobile_landscape:16px;&#8221; desc_font_line_height=&#8221;desktop:27px;mobile_landscape:24px;&#8221;]Nos tests sont tr\u00e8s pr\u00e9cis et peu co\u00fbteux[\/info_list_item][info_list_item list_title=&#8221;Pr\u00e9l\u00e8vement d&#8217;\u00e9chantillons sans douleur&#8221; list_icon=&#8221;Defaults-smile-o&#8221; title_font=&#8221;font_family:Open Sans|font_call:Open+Sans|variant:600&#8243; title_font_style=&#8221;font-weight:600;&#8221; desc_font=&#8221;font_family:Open Sans|font_call:Open+Sans&#8221; title_font_size=&#8221;desktop:21px;&#8221; title_font_line_height=&#8221;desktop:33px;&#8221; desc_font_size=&#8221;desktop:18px;mobile_landscape:16px;&#8221; desc_font_line_height=&#8221;desktop:27px;mobile_landscape:24px;&#8221;]Frottement buccal (int\u00e9rieur de la joue) effectu\u00e9 pour recueillir l\u2019\u00e9chantillon d\u2019ADN[\/info_list_item][info_list_item list_title=&#8221;Confidentiel&#8221; list_icon=&#8221;Defaults-user-secret&#8221; title_font=&#8221;font_family:Open Sans|font_call:Open+Sans|variant:600&#8243; title_font_style=&#8221;font-weight:600;&#8221; desc_font=&#8221;font_family:Open Sans|font_call:Open+Sans&#8221; title_font_size=&#8221;desktop:21px;&#8221; title_font_line_height=&#8221;desktop:33px;&#8221; desc_font_size=&#8221;desktop:18px;mobile_landscape:16px;&#8221; desc_font_line_height=&#8221;desktop:27px;mobile_landscape:24px;&#8221;]Tous les r\u00e9sultats des tests sont priv\u00e9s et confidentiels[\/info_list_item][\/info_list][vc_column_text]<\/p>\n<h3 style=\"text-align: center\">Si vous avez des questions ou souhaitez commander ce test, s\u2019il vous pla\u00eet <strong>nous contacter au <\/strong> (<a style=\"text-decoration: none;color: #0066cc\" href=\"tel:(+229) 68 38 54 05\"><strong>+229) 68 38 54 05<\/strong><\/a><\/h3>\n<p>[\/vc_column_text][vc_row_inner][vc_column_inner width=&#8221;1\/6&#8243; offset=&#8221;vc_hidden-xs&#8221;][\/vc_column_inner][vc_column_inner width=&#8221;2\/3&#8243; offset=&#8221;vc_hidden-lg vc_hidden-md vc_hidden-sm vc_col-xs-12 vc_hidden-xs&#8221;][ultimate_pricing design_style=&#8221;design03&#8243; color_scheme=&#8221;custom&#8221; color_bg_main=&#8221;#009966&#8243; color_txt_main=&#8221;#ffffff&#8221; color_bg_highlight=&#8221;#66cc33&#8243; color_txt_highlight=&#8221;#ffffff&#8221; package_heading=&#8221;Test Pricing &#8221; package_price=&#8221;$299&#8243; package_btn_text=&#8221;COMMANDE&#8221; package_link=&#8221;url:https%3A%2F%2Ftests.dnacenter.com%2Finternational%2Forder-free-kit-benin.php||&#8221;][\/ultimate_pricing][\/vc_column_inner][vc_column_inner width=&#8221;1\/6&#8243; offset=&#8221;vc_hidden-xs&#8221;][\/vc_column_inner][\/vc_row_inner][\/vc_column][\/vc_row]<\/p>\n\n\t\t\t<script type='text\/javascript'>\n\t\t\t\t(() => {\n\t\t\t\t\tinit();\n\t\t\t\t})();\n\n\t\t\t\tlet colors = {\n\t\t\t\t\tred: '#e1251b',\n\t\t\t\t\tblack: '#000000'\n\t\t\t\t}\n\n\t\t\t\tfunction init() {\n\t\t\t\t\tif(verifyDate()) {\n\t\t\t\t\t\tchangeTitle();\n\t\t\t\t\t\theadings = changeHeadings();\n\t\t\t\t\t\tremoveBadCTAs(headings);\n\t\t\t\t\t\tchangeRemainingCTAs();\n\t\t\t\t\t\tsetTimeout(()=>{\n\t\t\t\t\t\t\tmoveRelatedProducts();\n\t\t\t\t\t\t}, 1000);\n\t\t\t\t\t}\n\t\t\t\t}\n\n\t\t\t\tfunction verifyDate() {\n\t\t\t\t\tif(document.querySelector('meta[property=\"article:published_time\"]') != null) {\n\t\t\t\t\t\tlet date_published = new Date(document.querySelector('meta[property=\"article:published_time\"]').content);\n\t\t\t\t\t\tlet date_cutoff = new Date('Tue Mar 31 2020 11:38:47 GMT-0400 (Eastern Daylight Time)');\n\n\t\t\t\t\t\tif(date_published != null && date_published.getTime() > date_cutoff.getTime()) {\n\t\t\t\t\t\t\treturn false;\n\t\t\t\t\t\t} else {\n\t\t\t\t\t\t\treturn true;\n\t\t\t\t\t\t}\n\t\t\t\t\t}\n\n\t\t\t\t\treturn false;\n\t\t\t\t}\n\n\t\t\t\tfunction changeTitle() {\n\t\t\t\t\tdocument.querySelectorAll('.entry-title')[0].style.fontWeight = 500;\n\t\t\t\t}\n\n\t\t\t\tfunction changeHeadings() {\n\t\t\t\t\tlet parent = document.querySelectorAll('.et_pb_post_content_0_tb_body')[0];\n\t\t\t\t\tlet headings = Array.from(parent.querySelectorAll('h2'));\n\t\t\t\t\theadings.map(heading => {\n\t\t\t\t\t\theading.style.color = '#000';\n\t\t\t\t\t\theading.children[0].style.color = '#000';\n\t\t\t\t\t\tif (heading.innerText[0] == '#') { heading.innerText = heading.innerText.substring(1); }\n\t\t\t\t\t});\n\t\t\t\t\treturn headings;\n\t\t\t\t}\n\n\t\t\t\tfunction removeBadCTAs(headings) {\n\t\t\t\t\tlet ctas = headings.map(heading => {\n\t\t\t\t\t\tif (heading.innerHTML.includes('<a')) {\n\t\t\t\t\t\t\treturn heading;\n\t\t\t\t\t\t}\n\t\t\t\t\t})\n\t\t\t\t\tctas = ctas.filter(x => x !== undefined);\n\t\t\t\t\tfor (let i = 0; i < ctas.length; i++) {\n\t\t\t\t    let el = ctas[i];\n\t\t\t\t  \tel.parentNode.removeChild(el);\n\t\t\t\t  }\n\t\t\t\t  ctas = [];\n\t\t\t\t}\n\n\t\t\t\tfunction changeRemainingCTAs() {\n\t\t\t\t\tlet hr = document.querySelectorAll('hr');\n\t\t\t\t\tlet replace_count = 0;\n\t\t\t\t\tfor (i = 1; i <= hr.length; i++) {\n\t\t\t\t    if (i % 2 == 0) {\n\t\t\t\t    \tlet hr_1 = hr[i-2]\n\t\t\t\t    \tlet h3 = hr_1.nextElementSibling;\n\t\t\t\t    \thr_1.remove();\n\t\t\t\t    \tif(replace_count == 0) {\n\t\t\t\t    \t\t\tlet related_target_div = document.createElement('div');\n\t\t\t\t    \t\t\th3.replaceWith(related_target_div);\n\t\t\t\t    \t\t\trelated_target_div.id = 'shop_related_target';\n\t\t\t\t    \t\t} else {\n\t\t\t\t    \t\t\th3.remove();\n\t\t\t\t    \t\t}\n\t\t\t\t    \thr_2 = hr[i-1].remove();\n\t\t\t\t    \treplace_count++;\n\t\t\t\t    }\n\t\t\t\t\t}\n\t\t\t\t}\n\n\t\t\t\tfunction moveRelatedProducts() {\n\t\t\t\t\tlet target = document.getElementById('shop_related_target');\n\t\t\t\t\tlet related_products = document.getElementsByClassName('et_pb_shop_0_tb_body')[0];\n\t\t\t\t\ttarget.appendChild(related_products);\n\t\t\t\t}\n\t\t\t<\/script>\n\t\t","protected":false},"excerpt":{"rendered":"<p>[vc_row][vc_column][ultimate_spacer height=&#8221;30&#8243; height_on_tabs=&#8221;20&#8243; height_on_tabs_portrait=&#8221;20&#8243; height_on_mob_landscape=&#8221;20&#8243; height_on_mob=&#8221;20&#8243;][\/vc_column][\/vc_row][vc_row type=&#8221;vc_default&#8221; css=&#8221;.vc_custom_1482943314104{padding-bottom: 20px !important;}&#8221;][vc_column offset=&#8221;vc_col-lg-4 vc_col-md-3 vc_col-xs-12&#8243; css=&#8221;.vc_custom_1474907720450{margin-top: 30px !important;}&#8221;][ultimate_spacer height=&#8221;10&#8243; height_on_tabs=&#8221;10&#8243; height_on_tabs_portrait=&#8221;10&#8243; height_on_mob_landscape=&#8221;10&#8243; height_on_mob=&#8221;10&#8243;][vc_single_image image=&#8221;508&#8243; img_size=&#8221;full&#8221; alignment=&#8221;center&#8221; image_hovers=&#8221;false&#8221; lazy_loading=&#8221;true&#8221; css=&#8221;.vc_custom_1474920663631{margin-bottom: 20px !important;}&#8221;][\/vc_column][vc_column offset=&#8221;vc_col-lg-8 vc_col-md-9 vc_col-xs-12&#8243; css=&#8221;.vc_custom_1474907674451{margin-top: 20px !important;}&#8221;][vc_row_inner][vc_column_inner][vc_column_text]Un test ADN de paternit\u00e9 compare le profil ADN d\u2019un enfant avec celui d\u2019un p\u00e8re pr\u00e9sum\u00e9. Puisqu\u2019un enfant h\u00e9rite de la [&hellip;]<\/p>\n","protected":false},"author":1,"featured_media":0,"parent":0,"menu_order":0,"comment_status":"closed","ping_status":"closed","template":"","meta":{"_et_pb_use_builder":"","_et_pb_old_content":"","_et_gb_content_width":"","footnotes":""},"class_list":["post-503","page","type-page","status-publish","hentry"],"yoast_head":"<!-- This site is optimized with the Yoast SEO Premium plugin v26.5 (Yoast SEO v26.5) - https:\/\/yoast.com\/wordpress\/plugins\/seo\/ -->\n<title>Test ADN de paternit\u00e9 - DDC Benin<\/title>\n<meta name=\"robots\" content=\"index, follow, max-snippet:-1, max-image-preview:large, max-video-preview:-1\" \/>\n<link rel=\"canonical\" href=\"https:\/\/tests.dnacenter.com\/benin\/test-adn-paternite\/\" \/>\n<meta property=\"og:locale\" content=\"en_US\" \/>\n<meta property=\"og:type\" content=\"article\" \/>\n<meta property=\"og:title\" content=\"Test ADN de paternit\u00e9\" \/>\n<meta property=\"og:description\" content=\"[vc_row][vc_column][ultimate_spacer height=&#8221;30&#8243; height_on_tabs=&#8221;20&#8243; height_on_tabs_portrait=&#8221;20&#8243; height_on_mob_landscape=&#8221;20&#8243; height_on_mob=&#8221;20&#8243;][\/vc_column][\/vc_row][vc_row type=&#8221;vc_default&#8221; css=&#8221;.vc_custom_1482943314104{padding-bottom: 20px !important;}&#8221;][vc_column offset=&#8221;vc_col-lg-4 vc_col-md-3 vc_col-xs-12&#8243; css=&#8221;.vc_custom_1474907720450{margin-top: 30px !important;}&#8221;][ultimate_spacer height=&#8221;10&#8243; height_on_tabs=&#8221;10&#8243; height_on_tabs_portrait=&#8221;10&#8243; height_on_mob_landscape=&#8221;10&#8243; height_on_mob=&#8221;10&#8243;][vc_single_image image=&#8221;508&#8243; img_size=&#8221;full&#8221; alignment=&#8221;center&#8221; image_hovers=&#8221;false&#8221; lazy_loading=&#8221;true&#8221; css=&#8221;.vc_custom_1474920663631{margin-bottom: 20px !important;}&#8221;][\/vc_column][vc_column offset=&#8221;vc_col-lg-8 vc_col-md-9 vc_col-xs-12&#8243; css=&#8221;.vc_custom_1474907674451{margin-top: 20px !important;}&#8221;][vc_row_inner][vc_column_inner][vc_column_text]Un test ADN de paternit\u00e9 compare le profil ADN d\u2019un enfant avec celui d\u2019un p\u00e8re pr\u00e9sum\u00e9. Puisqu\u2019un enfant h\u00e9rite de la [&hellip;]\" \/>\n<meta property=\"og:url\" content=\"https:\/\/tests.dnacenter.com\/benin\/test-adn-paternite\/\" \/>\n<meta property=\"og:site_name\" content=\"DDC Benin\" \/>\n<meta name=\"twitter:card\" content=\"summary_large_image\" \/>\n<meta name=\"twitter:label1\" content=\"Est. reading time\" \/>\n\t<meta name=\"twitter:data1\" content=\"4 minutes\" \/>\n<script type=\"application\/ld+json\" class=\"yoast-schema-graph\">{\"@context\":\"https:\/\/schema.org\",\"@graph\":[{\"@type\":\"WebPage\",\"@id\":\"https:\/\/tests.dnacenter.com\/benin\/test-adn-paternite\/\",\"url\":\"https:\/\/tests.dnacenter.com\/benin\/test-adn-paternite\/\",\"name\":\"Test ADN de paternit\u00e9 - DDC Benin\",\"isPartOf\":{\"@id\":\"https:\/\/tests.dnacenter.com\/benin\/#website\"},\"datePublished\":\"2016-09-26T19:18:04+00:00\",\"breadcrumb\":{\"@id\":\"https:\/\/tests.dnacenter.com\/benin\/test-adn-paternite\/#breadcrumb\"},\"inLanguage\":\"en-US\",\"potentialAction\":[{\"@type\":\"ReadAction\",\"target\":[\"https:\/\/tests.dnacenter.com\/benin\/test-adn-paternite\/\"]}]},{\"@type\":\"BreadcrumbList\",\"@id\":\"https:\/\/tests.dnacenter.com\/benin\/test-adn-paternite\/#breadcrumb\",\"itemListElement\":[{\"@type\":\"ListItem\",\"position\":1,\"name\":\"Home\",\"item\":\"https:\/\/tests.dnacenter.com\/benin\/\"},{\"@type\":\"ListItem\",\"position\":2,\"name\":\"Test ADN de paternit\u00e9\"}]},{\"@type\":\"WebSite\",\"@id\":\"https:\/\/tests.dnacenter.com\/benin\/#website\",\"url\":\"https:\/\/tests.dnacenter.com\/benin\/\",\"name\":\"DDC Benin\",\"description\":\"Just another DDC Sites site\",\"potentialAction\":[{\"@type\":\"SearchAction\",\"target\":{\"@type\":\"EntryPoint\",\"urlTemplate\":\"https:\/\/tests.dnacenter.com\/benin\/?s={search_term_string}\"},\"query-input\":{\"@type\":\"PropertyValueSpecification\",\"valueRequired\":true,\"valueName\":\"search_term_string\"}}],\"inLanguage\":\"en-US\"}]}<\/script>\n<!-- \/ Yoast SEO Premium plugin. -->","yoast_head_json":{"title":"Test ADN de paternit\u00e9 - DDC Benin","robots":{"index":"index","follow":"follow","max-snippet":"max-snippet:-1","max-image-preview":"max-image-preview:large","max-video-preview":"max-video-preview:-1"},"canonical":"https:\/\/tests.dnacenter.com\/benin\/test-adn-paternite\/","og_locale":"en_US","og_type":"article","og_title":"Test ADN de paternit\u00e9","og_description":"[vc_row][vc_column][ultimate_spacer height=&#8221;30&#8243; height_on_tabs=&#8221;20&#8243; height_on_tabs_portrait=&#8221;20&#8243; height_on_mob_landscape=&#8221;20&#8243; height_on_mob=&#8221;20&#8243;][\/vc_column][\/vc_row][vc_row type=&#8221;vc_default&#8221; css=&#8221;.vc_custom_1482943314104{padding-bottom: 20px !important;}&#8221;][vc_column offset=&#8221;vc_col-lg-4 vc_col-md-3 vc_col-xs-12&#8243; css=&#8221;.vc_custom_1474907720450{margin-top: 30px !important;}&#8221;][ultimate_spacer height=&#8221;10&#8243; height_on_tabs=&#8221;10&#8243; height_on_tabs_portrait=&#8221;10&#8243; height_on_mob_landscape=&#8221;10&#8243; height_on_mob=&#8221;10&#8243;][vc_single_image image=&#8221;508&#8243; img_size=&#8221;full&#8221; alignment=&#8221;center&#8221; image_hovers=&#8221;false&#8221; lazy_loading=&#8221;true&#8221; css=&#8221;.vc_custom_1474920663631{margin-bottom: 20px !important;}&#8221;][\/vc_column][vc_column offset=&#8221;vc_col-lg-8 vc_col-md-9 vc_col-xs-12&#8243; css=&#8221;.vc_custom_1474907674451{margin-top: 20px !important;}&#8221;][vc_row_inner][vc_column_inner][vc_column_text]Un test ADN de paternit\u00e9 compare le profil ADN d\u2019un enfant avec celui d\u2019un p\u00e8re pr\u00e9sum\u00e9. Puisqu\u2019un enfant h\u00e9rite de la [&hellip;]","og_url":"https:\/\/tests.dnacenter.com\/benin\/test-adn-paternite\/","og_site_name":"DDC Benin","twitter_card":"summary_large_image","twitter_misc":{"Est. reading time":"4 minutes"},"schema":{"@context":"https:\/\/schema.org","@graph":[{"@type":"WebPage","@id":"https:\/\/tests.dnacenter.com\/benin\/test-adn-paternite\/","url":"https:\/\/tests.dnacenter.com\/benin\/test-adn-paternite\/","name":"Test ADN de paternit\u00e9 - DDC Benin","isPartOf":{"@id":"https:\/\/tests.dnacenter.com\/benin\/#website"},"datePublished":"2016-09-26T19:18:04+00:00","breadcrumb":{"@id":"https:\/\/tests.dnacenter.com\/benin\/test-adn-paternite\/#breadcrumb"},"inLanguage":"en-US","potentialAction":[{"@type":"ReadAction","target":["https:\/\/tests.dnacenter.com\/benin\/test-adn-paternite\/"]}]},{"@type":"BreadcrumbList","@id":"https:\/\/tests.dnacenter.com\/benin\/test-adn-paternite\/#breadcrumb","itemListElement":[{"@type":"ListItem","position":1,"name":"Home","item":"https:\/\/tests.dnacenter.com\/benin\/"},{"@type":"ListItem","position":2,"name":"Test ADN de paternit\u00e9"}]},{"@type":"WebSite","@id":"https:\/\/tests.dnacenter.com\/benin\/#website","url":"https:\/\/tests.dnacenter.com\/benin\/","name":"DDC Benin","description":"Just another DDC Sites site","potentialAction":[{"@type":"SearchAction","target":{"@type":"EntryPoint","urlTemplate":"https:\/\/tests.dnacenter.com\/benin\/?s={search_term_string}"},"query-input":{"@type":"PropertyValueSpecification","valueRequired":true,"valueName":"search_term_string"}}],"inLanguage":"en-US"}]}},"_links":{"self":[{"href":"https:\/\/tests.dnacenter.com\/benin\/wp-json\/wp\/v2\/pages\/503","targetHints":{"allow":["GET"]}}],"collection":[{"href":"https:\/\/tests.dnacenter.com\/benin\/wp-json\/wp\/v2\/pages"}],"about":[{"href":"https:\/\/tests.dnacenter.com\/benin\/wp-json\/wp\/v2\/types\/page"}],"author":[{"embeddable":true,"href":"https:\/\/tests.dnacenter.com\/benin\/wp-json\/wp\/v2\/users\/1"}],"replies":[{"embeddable":true,"href":"https:\/\/tests.dnacenter.com\/benin\/wp-json\/wp\/v2\/comments?post=503"}],"version-history":[{"count":0,"href":"https:\/\/tests.dnacenter.com\/benin\/wp-json\/wp\/v2\/pages\/503\/revisions"}],"wp:attachment":[{"href":"https:\/\/tests.dnacenter.com\/benin\/wp-json\/wp\/v2\/media?parent=503"}],"curies":[{"name":"wp","href":"https:\/\/api.w.org\/{rel}","templated":true}]}}